{"id":12614,"date":"2022-08-05T00:16:09","date_gmt":"2022-08-04T22:16:09","guid":{"rendered":"http:\/\/antilda.com\/?page_id=12614"},"modified":"2024-10-29T15:11:13","modified_gmt":"2024-10-29T14:11:13","slug":"strona-formy-platnosci","status":"publish","type":"page","link":"https:\/\/antilda.com\/eng\/strona-formy-platnosci\/","title":{"rendered":"Delivery, payment and lead time"},"content":{"rendered":"<div data-elementor-type=\"wp-page\" data-elementor-id=\"12614\" class=\"elementor elementor-12614\">\n\t\t\t\t\t\t<section class=\"elementor-section elementor-top-section elementor-element elementor-element-7dbe97e5 elementor-section-boxed elementor-section-height-default elementor-section-height-default\" data-id=\"7dbe97e5\" data-element_type=\"section\">\n\t\t\t\t\t\t<div class=\"elementor-container elementor-column-gap-default\">\n\t\t\t\t\t<div class=\"elementor-column elementor-col-33 elementor-top-column elementor-element elementor-element-5c796442\" data-id=\"5c796442\" data-element_type=\"column\">\n\t\t\t<div class=\"elementor-widget-wrap elementor-element-populated\">\n\t\t\t\t\t\t<div class=\"elementor-element elementor-element-aaf948f elementor-widget elementor-widget-razzi-heading\" data-id=\"aaf948f\" data-element_type=\"widget\" data-widget_type=\"razzi-heading.default\">\n\t\t\t\t<div class=\"elementor-widget-container\">\n\t\t\t<div class=\"razzi-heading-wrapper\"><h2 class=\"razzi-heading-title\"><small>Customer service<\/small> If you have any questions<br>get in touch<br> with us <\/h2><\/div>\t\t<\/div>\n\t\t\t\t<\/div>\n\t\t\t\t<div class=\"elementor-element elementor-element-3e15041a elementor-widget elementor-widget-text-editor\" data-id=\"3e15041a\" data-element_type=\"widget\" data-widget_type=\"text-editor.default\">\n\t\t\t\t<div class=\"elementor-widget-container\">\n\t\t\t<style>\/*! elementor - v3.23.0 - 15-07-2024 *\/\n.elementor-widget-text-editor.elementor-drop-cap-view-stacked .elementor-drop-cap{background-color:#69727d;color:#fff}.elementor-widget-text-editor.elementor-drop-cap-view-framed .elementor-drop-cap{color:#69727d;border:3px solid;background-color:transparent}.elementor-widget-text-editor:not(.elementor-drop-cap-view-default) .elementor-drop-cap{margin-top:8px}.elementor-widget-text-editor:not(.elementor-drop-cap-view-default) .elementor-drop-cap-letter{width:1em;height:1em}.elementor-widget-text-editor .elementor-drop-cap{float:left;text-align:center;line-height:1;font-size:50px}.elementor-widget-text-editor .elementor-drop-cap-letter{display:inline-block}<\/style>\t\t\t\t<p>Call\u00a0<a>+48 575 674 000\u00a0<\/a><br \/>or write a message<br \/><a>kontakt@antilda.com<\/a><\/p>\t\t\t\t\t\t<\/div>\n\t\t\t\t<\/div>\n\t\t\t\t\t<\/div>\n\t\t<\/div>\n\t\t\t\t<div class=\"elementor-column elementor-col-66 elementor-top-column elementor-element elementor-element-7b7efec4\" data-id=\"7b7efec4\" data-element_type=\"column\">\n\t\t\t<div class=\"elementor-widget-wrap elementor-element-populated\">\n\t\t\t\t\t\t<div class=\"elementor-element elementor-element-700a910d elementor-widget elementor-widget-accordion\" data-id=\"700a910d\" data-element_type=\"widget\" data-widget_type=\"accordion.default\">\n\t\t\t\t<div class=\"elementor-widget-container\">\n\t\t\t<style>\/*! elementor - v3.23.0 - 15-07-2024 *\/\n.elementor-accordion{text-align:start}.elementor-accordion .elementor-accordion-item{border:1px solid #d5d8dc}.elementor-accordion .elementor-accordion-item+.elementor-accordion-item{border-top:none}.elementor-accordion .elementor-tab-title{margin:0;padding:15px 20px;font-weight:700;line-height:1;cursor:pointer;outline:none}.elementor-accordion .elementor-tab-title .elementor-accordion-icon{display:inline-block;width:1.5em}.elementor-accordion .elementor-tab-title .elementor-accordion-icon svg{width:1em;height:1em}.elementor-accordion .elementor-tab-title .elementor-accordion-icon.elementor-accordion-icon-right{float:right;text-align:right}.elementor-accordion .elementor-tab-title .elementor-accordion-icon.elementor-accordion-icon-left{float:left;text-align:left}.elementor-accordion .elementor-tab-title .elementor-accordion-icon .elementor-accordion-icon-closed{display:block}.elementor-accordion .elementor-tab-title .elementor-accordion-icon .elementor-accordion-icon-opened,.elementor-accordion .elementor-tab-title.elementor-active .elementor-accordion-icon-closed{display:none}.elementor-accordion .elementor-tab-title.elementor-active .elementor-accordion-icon-opened{display:block}.elementor-accordion .elementor-tab-content{display:none;padding:15px 20px;border-top:1px solid #d5d8dc}@media (max-width:767px){.elementor-accordion .elementor-tab-title{padding:12px 15px}.elementor-accordion .elementor-tab-title .elementor-accordion-icon{width:1.2em}.elementor-accordion .elementor-tab-content{padding:7px 15px}}.e-con-inner>.elementor-widget-accordion,.e-con>.elementor-widget-accordion{width:var(--container-widget-width);--flex-grow:var(--container-widget-flex-grow)}<\/style>\t\t<div class=\"elementor-accordion\">\n\t\t\t\t\t\t\t<div class=\"elementor-accordion-item\">\n\t\t\t\t\t<div id=\"elementor-tab-title-1871\" class=\"elementor-tab-title\" data-tab=\"1\" role=\"button\" aria-controls=\"elementor-tab-content-1871\" aria-expanded=\"false\">\n\t\t\t\t\t\t\t\t\t\t\t\t\t<span class=\"elementor-accordion-icon elementor-accordion-icon-left\" aria-hidden=\"true\">\n\t\t\t\t\t\t\t\t\t\t\t\t\t\t\t<span class=\"elementor-accordion-icon-closed\"><i class=\"fas fa-chevron-down\"><\/i><\/span>\n\t\t\t\t\t\t\t\t<span class=\"elementor-accordion-icon-opened\"><i class=\"fas fa-chevron-right\"><\/i><\/span>\n\t\t\t\t\t\t\t\t\t\t\t\t\t\t<\/span>\n\t\t\t\t\t\t\t\t\t\t\t\t<a class=\"elementor-accordion-title\" tabindex=\"0\">1. DELIVERY<\/a>\n\t\t\t\t\t<\/div>\n\t\t\t\t\t<div id=\"elementor-tab-content-1871\" class=\"elementor-tab-content elementor-clearfix\" data-tab=\"1\" role=\"region\" aria-labelledby=\"elementor-tab-title-1871\"><p>Two forms of delivery are available:<\/p><p><strong>InPost parcel machines<\/strong>- PLN 15.00<strong><br \/>InPost courier <\/strong>- PLN 16.00<\/p><p><strong><span style=\"color: var( --e-global-color-text ); word-spacing: var( --e-global-typography-text-word-spacing );\">Shipping time\u00a0<\/span><span style=\"color: var( --e-global-color-text ); word-spacing: var( --e-global-typography-text-word-spacing );\">may be up to approximately one week<\/span><\/strong><span style=\"color: var( --e-global-color-text ); word-spacing: var( --e-global-typography-text-word-spacing );\"><br \/><\/span><span style=\"color: var( --e-global-color-text ); word-spacing: var( --e-global-typography-text-word-spacing );\">Orders are usually shipped on Mondays and Thursdays \ud83d\ude42\u00a0<br \/><\/span><span style=\"color: var( --e-global-color-text ); word-spacing: var( --e-global-typography-text-word-spacing );\">For orders over \u00a3 299.0 - FREE delivery\u00a0<\/span><\/p><p><strong>Personal collection*\u00a0<\/strong>- PLN 0.00<\/p><p>Our point of sale is located at W\u0142odarzewska Street 58 (Warsaw).<br \/>Please contact us in advance so that we can arrange for personal collection of your order \ud83d\ude42<\/p><p><strong>International shipping \/ Worldwide shipping<\/strong> - please contact me via email: kontakt@antilda.com<\/p><\/div>\n\t\t\t\t<\/div>\n\t\t\t\t\t\t\t<div class=\"elementor-accordion-item\">\n\t\t\t\t\t<div id=\"elementor-tab-title-1872\" class=\"elementor-tab-title\" data-tab=\"2\" role=\"button\" aria-controls=\"elementor-tab-content-1872\" aria-expanded=\"false\">\n\t\t\t\t\t\t\t\t\t\t\t\t\t<span class=\"elementor-accordion-icon elementor-accordion-icon-left\" aria-hidden=\"true\">\n\t\t\t\t\t\t\t\t\t\t\t\t\t\t\t<span class=\"elementor-accordion-icon-closed\"><i class=\"fas fa-chevron-down\"><\/i><\/span>\n\t\t\t\t\t\t\t\t<span class=\"elementor-accordion-icon-opened\"><i class=\"fas fa-chevron-right\"><\/i><\/span>\n\t\t\t\t\t\t\t\t\t\t\t\t\t\t<\/span>\n\t\t\t\t\t\t\t\t\t\t\t\t<a class=\"elementor-accordion-title\" tabindex=\"0\">2. FORMS OF PAYMENT<\/a>\n\t\t\t\t\t<\/div>\n\t\t\t\t\t<div id=\"elementor-tab-content-1872\" class=\"elementor-tab-content elementor-clearfix\" data-tab=\"2\" role=\"region\" aria-labelledby=\"elementor-tab-title-1872\"><p><strong><span style=\"font-size: 14pt;\">Applepay payment<\/span><\/strong><\/p><p>supports Stripe<img decoding=\"async\" class=\"alignleft wp-image-17032\" src=\"https:\/\/antilda.com\/wp-content\/uploads\/2023\/01\/Zrzut-ekranu-2023-01-4-o-11.20.46.png\" alt=\"\" width=\"93\" height=\"60\" srcset=\"https:\/\/antilda.com\/wp-content\/uploads\/2023\/01\/Zrzut-ekranu-2023-01-4-o-11.20.46.png 756w, https:\/\/antilda.com\/wp-content\/uploads\/2023\/01\/Zrzut-ekranu-2023-01-4-o-11.20.46-670x432.png 670w, https:\/\/antilda.com\/wp-content\/uploads\/2023\/01\/Zrzut-ekranu-2023-01-4-o-11.20.46-300x194.png 300w, https:\/\/antilda.com\/wp-content\/uploads\/2023\/01\/Zrzut-ekranu-2023-01-4-o-11.20.46-18x12.png 18w\" sizes=\"(max-width: 93px) 100vw, 93px\" \/><\/p><p>\u00a0<\/p><p>\u00a0<\/p><p><strong><span style=\"font-size: 14pt;\">PayPo payment<\/span><\/strong><\/p><p><strong><span style=\"font-size: 14pt;\">PayU fast payments<\/span><br \/><\/strong>\u00a0online transfers, BLIK, online payment by card \u00a0 \u00a0 \u00a0 \u00a0 \u00a0 \u00a0 \u00a0 \u00a0 \u00a0 \u00a0 \u00a0 \u00a0 \u00a0 \u00a0 \u00a0 \u00a0 \u00a0 \u00a0 \u00a0 \u00a0 \u00a0 \u00a0 \u00a0 \u00a0 \u00a0 \u00a0 \u00a0 \u00a0 \u00a0 \u00a0 \u00a0 \u00a0 \u00a0 \u00a0 \u00a0 \u00a0 \u00a0 \u00a0 \u00a0 <img fetchpriority=\"high\" decoding=\"async\" class=\"aligncenter wp-image-17031 size-large\" src=\"https:\/\/antilda.com\/wp-content\/uploads\/2023\/01\/baner-platnosci-flystore-1024x312.png\" alt=\"\" width=\"640\" height=\"195\" srcset=\"https:\/\/antilda.com\/wp-content\/uploads\/2023\/01\/baner-platnosci-flystore-1024x312.png 1024w, https:\/\/antilda.com\/wp-content\/uploads\/2023\/01\/baner-platnosci-flystore-670x204.png 670w, https:\/\/antilda.com\/wp-content\/uploads\/2023\/01\/baner-platnosci-flystore-300x91.png 300w, https:\/\/antilda.com\/wp-content\/uploads\/2023\/01\/baner-platnosci-flystore-768x234.png 768w, https:\/\/antilda.com\/wp-content\/uploads\/2023\/01\/baner-platnosci-flystore-1536x468.png 1536w, https:\/\/antilda.com\/wp-content\/uploads\/2023\/01\/baner-platnosci-flystore-2048x624.png 2048w, https:\/\/antilda.com\/wp-content\/uploads\/2023\/01\/baner-platnosci-flystore-18x5.png 18w\" sizes=\"(max-width: 640px) 100vw, 640px\" \/><\/p><p><strong><span style=\"font-size: 14pt;\">Traditional transfer \"on account\"<\/span><\/strong><\/p><p>Payment details:<\/p><p><strong>Account number (PLN)<\/strong><br \/>05 1140 2004 0000 3202 7996 7395<\/p><p><strong>Account number (EUR)<\/strong><br \/>PL33 1140 2004 0000 3612 1779 0534\u00a0<br \/><span style=\"color: var(--rz-text-color); font-family: var(--rz-font-family-primary);\">BIC\/SWIFT: <\/span>\u00a0 <span style=\"color: var(--rz-text-color); font-family: var(--rz-font-family-primary);\">BREXPLPWMBK<\/span><\/p><p><em>please state your order number in the title of the transfer<br \/><\/em><span style=\"color: var(--rz-text-color); font-family: var(--rz-font-family-primary);\">Antilda, Mateusz Jagodzi\u0144ski<\/span>\u00a0<br \/><span style=\"color: var(--rz-text-color); font-family: var(--rz-font-family-primary);\">Drawska 10\/47<\/span><span style=\"color: var(--rz-text-color); font-family: var(--rz-font-family-primary);\">\u00a0<br \/><\/span><span style=\"color: var(--rz-text-color); font-family: var(--rz-font-family-primary);\">02-202 Warsaw<\/span><\/p><\/div>\n\t\t\t\t<\/div>\n\t\t\t\t\t\t\t\t<\/div>\n\t\t\t\t<\/div>\n\t\t\t\t<\/div>\n\t\t\t\t\t<\/div>\n\t\t<\/div>\n\t\t\t\t\t<\/div>\n\t\t<\/section>\n\t\t\t\t<\/div>","protected":false},"excerpt":{"rendered":"<p>Obs\u0142uga klienta W razie pyta\u0144skontaktuj si\u0119 z nami Zadzwo\u0144\u00a0+48 575 674 000\u00a0lub napisz wiadomo\u015b\u0107kontakt@antilda.com 1. DOSTAWA Dost\u0119pne s\u0105 dwie formy dostawy: Paczkomaty InPost&#8211; 15.00 z\u0142Kurier InPost &#8211; 16.00 z\u0142 Czas wysy\u0142ki\u00a0mo\u017ce wynosi\u0107 do oko\u0142o\u00a0tygodniaZam\u00f3wienia nadajemy zwykle w poniedzia\u0142ki oraz czwartki \ud83d\ude42\u00a0Dla zam\u00f3wie\u0144 powy\u017cej 299.0 z\u0142\u00a0&#8211; dostawa GRATIS\u00a0 Odbi\u00f3r osobisty*\u00a0&#8211; 0.00 z\u0142 Nasz punkt znajduje si\u0119 [&hellip;]<\/p>","protected":false},"author":1,"featured_media":0,"parent":0,"menu_order":0,"comment_status":"closed","ping_status":"closed","template":"","meta":{"_acf_changed":false,"footnotes":""},"class_list":["post-12614","page","type-page","status-publish","hentry"],"acf":[],"yoast_head":"<!-- This site is optimized with the Yoast SEO plugin v26.3 - https:\/\/yoast.com\/wordpress\/plugins\/seo\/ -->\n<title>Dostawa, p\u0142atno\u015b\u0107 i czas realizacji - antilda.com<\/title>\n<meta name=\"robots\" content=\"index, follow, max-snippet:-1, max-image-preview:large, max-video-preview:-1\" \/>\n<link rel=\"canonical\" href=\"https:\/\/antilda.com\/eng\/strona-formy-platnosci\/?wmc-currency=EUR\" \/>\n<meta property=\"og:locale\" content=\"en_GB\" \/>\n<meta property=\"og:type\" content=\"article\" \/>\n<meta property=\"og:title\" content=\"Dostawa, p\u0142atno\u015b\u0107 i czas realizacji - antilda.com\" \/>\n<meta property=\"og:description\" content=\"Obs\u0142uga klienta W razie pyta\u0144skontaktuj si\u0119 z nami Zadzwo\u0144\u00a0+48 575 674 000\u00a0lub napisz wiadomo\u015b\u0107kontakt@antilda.com 1. DOSTAWA Dost\u0119pne s\u0105 dwie formy dostawy: Paczkomaty InPost&#8211; 15.00 z\u0142Kurier InPost &#8211; 16.00 z\u0142 Czas wysy\u0142ki\u00a0mo\u017ce wynosi\u0107 do oko\u0142o\u00a0tygodniaZam\u00f3wienia nadajemy zwykle w poniedzia\u0142ki oraz czwartki \ud83d\ude42\u00a0Dla zam\u00f3wie\u0144 powy\u017cej 299.0 z\u0142\u00a0&#8211; dostawa GRATIS\u00a0 Odbi\u00f3r osobisty*\u00a0&#8211; 0.00 z\u0142 Nasz punkt znajduje si\u0119 [&hellip;]\" \/>\n<meta property=\"og:url\" content=\"https:\/\/antilda.com\/eng\/strona-formy-platnosci\/?wmc-currency=EUR\" \/>\n<meta property=\"og:site_name\" content=\"antilda.com\" \/>\n<meta property=\"article:publisher\" content=\"https:\/\/www.facebook.com\/ikeaantilopantilda\" \/>\n<meta property=\"article:modified_time\" content=\"2024-10-29T14:11:13+00:00\" \/>\n<meta property=\"og:image\" content=\"https:\/\/antilda.com\/wp-content\/uploads\/2023\/01\/Zrzut-ekranu-2023-01-4-o-11.20.46.png\" \/>\n<meta name=\"twitter:card\" content=\"summary_large_image\" \/>\n<meta name=\"twitter:label1\" content=\"Estimated reading time\" \/>\n\t<meta name=\"twitter:data1\" content=\"2 minutes\" \/>\n<script type=\"application\/ld+json\" class=\"yoast-schema-graph\">{\"@context\":\"https:\/\/schema.org\",\"@graph\":[{\"@type\":\"WebPage\",\"@id\":\"https:\/\/antilda.com\/strona-formy-platnosci\/\",\"url\":\"https:\/\/antilda.com\/strona-formy-platnosci\/\",\"name\":\"Dostawa, p\u0142atno\u015b\u0107 i czas realizacji - antilda.com\",\"isPartOf\":{\"@id\":\"https:\/\/antilda.com\/#website\"},\"primaryImageOfPage\":{\"@id\":\"https:\/\/antilda.com\/strona-formy-platnosci\/#primaryimage\"},\"image\":{\"@id\":\"https:\/\/antilda.com\/strona-formy-platnosci\/#primaryimage\"},\"thumbnailUrl\":\"https:\/\/antilda.com\/wp-content\/uploads\/2023\/01\/Zrzut-ekranu-2023-01-4-o-11.20.46.png\",\"datePublished\":\"2022-08-04T22:16:09+00:00\",\"dateModified\":\"2024-10-29T14:11:13+00:00\",\"breadcrumb\":{\"@id\":\"https:\/\/antilda.com\/strona-formy-platnosci\/#breadcrumb\"},\"inLanguage\":\"en-GB\",\"potentialAction\":[{\"@type\":\"ReadAction\",\"target\":[\"https:\/\/antilda.com\/strona-formy-platnosci\/\"]}]},{\"@type\":\"ImageObject\",\"inLanguage\":\"en-GB\",\"@id\":\"https:\/\/antilda.com\/strona-formy-platnosci\/#primaryimage\",\"url\":\"https:\/\/antilda.com\/wp-content\/uploads\/2023\/01\/Zrzut-ekranu-2023-01-4-o-11.20.46.png\",\"contentUrl\":\"https:\/\/antilda.com\/wp-content\/uploads\/2023\/01\/Zrzut-ekranu-2023-01-4-o-11.20.46.png\"},{\"@type\":\"BreadcrumbList\",\"@id\":\"https:\/\/antilda.com\/strona-formy-platnosci\/#breadcrumb\",\"itemListElement\":[{\"@type\":\"ListItem\",\"position\":1,\"name\":\"Strona g\u0142\u00f3wna\",\"item\":\"https:\/\/antilda.com\/\"},{\"@type\":\"ListItem\",\"position\":2,\"name\":\"Dostawa, p\u0142atno\u015b\u0107 i czas realizacji\"}]},{\"@type\":\"WebSite\",\"@id\":\"https:\/\/antilda.com\/#website\",\"url\":\"https:\/\/antilda.com\/\",\"name\":\"antilda.com\",\"description\":\"Akcesesoria do krzese\u0142ka Ikea Antilop\",\"publisher\":{\"@id\":\"https:\/\/antilda.com\/#organization\"},\"potentialAction\":[{\"@type\":\"SearchAction\",\"target\":{\"@type\":\"EntryPoint\",\"urlTemplate\":\"https:\/\/antilda.com\/?s={search_term_string}\"},\"query-input\":{\"@type\":\"PropertyValueSpecification\",\"valueRequired\":true,\"valueName\":\"search_term_string\"}}],\"inLanguage\":\"en-GB\"},{\"@type\":\"Organization\",\"@id\":\"https:\/\/antilda.com\/#organization\",\"name\":\"antilda.com\",\"url\":\"https:\/\/antilda.com\/\",\"logo\":{\"@type\":\"ImageObject\",\"inLanguage\":\"en-GB\",\"@id\":\"https:\/\/antilda.com\/#\/schema\/logo\/image\/\",\"url\":\"https:\/\/antilda.com\/wp-content\/uploads\/2022\/09\/logo-3.png\",\"contentUrl\":\"https:\/\/antilda.com\/wp-content\/uploads\/2022\/09\/logo-3.png\",\"width\":1611,\"height\":497,\"caption\":\"antilda.com\"},\"image\":{\"@id\":\"https:\/\/antilda.com\/#\/schema\/logo\/image\/\"},\"sameAs\":[\"https:\/\/www.facebook.com\/ikeaantilopantilda\",\"https:\/\/www.instagram.com\/antilda_accessories\/\"]}]}<\/script>\n<!-- \/ Yoast SEO plugin. -->","yoast_head_json":{"title":"Delivery, payment and lead time - antilda.com","robots":{"index":"index","follow":"follow","max-snippet":"max-snippet:-1","max-image-preview":"max-image-preview:large","max-video-preview":"max-video-preview:-1"},"canonical":"https:\/\/antilda.com\/eng\/strona-formy-platnosci\/?wmc-currency=EUR","og_locale":"en_GB","og_type":"article","og_title":"Dostawa, p\u0142atno\u015b\u0107 i czas realizacji - antilda.com","og_description":"Obs\u0142uga klienta W razie pyta\u0144skontaktuj si\u0119 z nami Zadzwo\u0144\u00a0+48 575 674 000\u00a0lub napisz wiadomo\u015b\u0107kontakt@antilda.com 1. DOSTAWA Dost\u0119pne s\u0105 dwie formy dostawy: Paczkomaty InPost&#8211; 15.00 z\u0142Kurier InPost &#8211; 16.00 z\u0142 Czas wysy\u0142ki\u00a0mo\u017ce wynosi\u0107 do oko\u0142o\u00a0tygodniaZam\u00f3wienia nadajemy zwykle w poniedzia\u0142ki oraz czwartki \ud83d\ude42\u00a0Dla zam\u00f3wie\u0144 powy\u017cej 299.0 z\u0142\u00a0&#8211; dostawa GRATIS\u00a0 Odbi\u00f3r osobisty*\u00a0&#8211; 0.00 z\u0142 Nasz punkt znajduje si\u0119 [&hellip;]","og_url":"https:\/\/antilda.com\/eng\/strona-formy-platnosci\/?wmc-currency=EUR","og_site_name":"antilda.com","article_publisher":"https:\/\/www.facebook.com\/ikeaantilopantilda","article_modified_time":"2024-10-29T14:11:13+00:00","og_image":[{"url":"https:\/\/antilda.com\/wp-content\/uploads\/2023\/01\/Zrzut-ekranu-2023-01-4-o-11.20.46.png","type":"","width":"","height":""}],"twitter_card":"summary_large_image","twitter_misc":{"Estimated reading time":"2 minutes"},"schema":{"@context":"https:\/\/schema.org","@graph":[{"@type":"WebPage","@id":"https:\/\/antilda.com\/strona-formy-platnosci\/","url":"https:\/\/antilda.com\/strona-formy-platnosci\/","name":"Delivery, payment and lead time - antilda.com","isPartOf":{"@id":"https:\/\/antilda.com\/#website"},"primaryImageOfPage":{"@id":"https:\/\/antilda.com\/strona-formy-platnosci\/#primaryimage"},"image":{"@id":"https:\/\/antilda.com\/strona-formy-platnosci\/#primaryimage"},"thumbnailUrl":"https:\/\/antilda.com\/wp-content\/uploads\/2023\/01\/Zrzut-ekranu-2023-01-4-o-11.20.46.png","datePublished":"2022-08-04T22:16:09+00:00","dateModified":"2024-10-29T14:11:13+00:00","breadcrumb":{"@id":"https:\/\/antilda.com\/strona-formy-platnosci\/#breadcrumb"},"inLanguage":"en-GB","potentialAction":[{"@type":"ReadAction","target":["https:\/\/antilda.com\/strona-formy-platnosci\/"]}]},{"@type":"ImageObject","inLanguage":"en-GB","@id":"https:\/\/antilda.com\/strona-formy-platnosci\/#primaryimage","url":"https:\/\/antilda.com\/wp-content\/uploads\/2023\/01\/Zrzut-ekranu-2023-01-4-o-11.20.46.png","contentUrl":"https:\/\/antilda.com\/wp-content\/uploads\/2023\/01\/Zrzut-ekranu-2023-01-4-o-11.20.46.png"},{"@type":"BreadcrumbList","@id":"https:\/\/antilda.com\/strona-formy-platnosci\/#breadcrumb","itemListElement":[{"@type":"ListItem","position":1,"name":"Strona g\u0142\u00f3wna","item":"https:\/\/antilda.com\/"},{"@type":"ListItem","position":2,"name":"Dostawa, p\u0142atno\u015b\u0107 i czas realizacji"}]},{"@type":"WebSite","@id":"https:\/\/antilda.com\/#website","url":"https:\/\/antilda.com\/","name":"antilda.com","description":"Accessories for Ikea Antilop highchair","publisher":{"@id":"https:\/\/antilda.com\/#organization"},"potentialAction":[{"@type":"SearchAction","target":{"@type":"EntryPoint","urlTemplate":"https:\/\/antilda.com\/?s={search_term_string}"},"query-input":{"@type":"PropertyValueSpecification","valueRequired":true,"valueName":"search_term_string"}}],"inLanguage":"en-GB"},{"@type":"Organization","@id":"https:\/\/antilda.com\/#organization","name":"antilda.com","url":"https:\/\/antilda.com\/","logo":{"@type":"ImageObject","inLanguage":"en-GB","@id":"https:\/\/antilda.com\/#\/schema\/logo\/image\/","url":"https:\/\/antilda.com\/wp-content\/uploads\/2022\/09\/logo-3.png","contentUrl":"https:\/\/antilda.com\/wp-content\/uploads\/2022\/09\/logo-3.png","width":1611,"height":497,"caption":"antilda.com"},"image":{"@id":"https:\/\/antilda.com\/#\/schema\/logo\/image\/"},"sameAs":["https:\/\/www.facebook.com\/ikeaantilopantilda","https:\/\/www.instagram.com\/antilda_accessories\/"]}]}},"_links":{"self":[{"href":"https:\/\/antilda.com\/eng\/wp-json\/wp\/v2\/pages\/12614","targetHints":{"allow":["GET"]}}],"collection":[{"href":"https:\/\/antilda.com\/eng\/wp-json\/wp\/v2\/pages"}],"about":[{"href":"https:\/\/antilda.com\/eng\/wp-json\/wp\/v2\/types\/page"}],"author":[{"embeddable":true,"href":"https:\/\/antilda.com\/eng\/wp-json\/wp\/v2\/users\/1"}],"replies":[{"embeddable":true,"href":"https:\/\/antilda.com\/eng\/wp-json\/wp\/v2\/comments?post=12614"}],"version-history":[{"count":0,"href":"https:\/\/antilda.com\/eng\/wp-json\/wp\/v2\/pages\/12614\/revisions"}],"wp:attachment":[{"href":"https:\/\/antilda.com\/eng\/wp-json\/wp\/v2\/media?parent=12614"}],"curies":[{"name":"wp","href":"https:\/\/api.w.org\/{rel}","templated":true}]}}