{"id":19012,"date":"2023-04-01T12:52:32","date_gmt":"2023-04-01T10:52:32","guid":{"rendered":"https:\/\/antilda.com\/?page_id=19012"},"modified":"2023-04-03T13:15:20","modified_gmt":"2023-04-03T11:15:20","slug":"czyszczenie","status":"publish","type":"page","link":"https:\/\/antilda.com\/eng\/czyszczenie\/","title":{"rendered":"Cleaning"},"content":{"rendered":"<div data-elementor-type=\"wp-page\" data-elementor-id=\"19012\" class=\"elementor elementor-19012\">\n\t\t\t\t\t\t<section class=\"elementor-section elementor-top-section elementor-element elementor-element-35ee19b5 elementor-section-boxed elementor-section-height-default elementor-section-height-default\" data-id=\"35ee19b5\" data-element_type=\"section\">\n\t\t\t\t\t\t<div class=\"elementor-container elementor-column-gap-default\">\n\t\t\t\t\t<div class=\"elementor-column elementor-col-33 elementor-top-column elementor-element elementor-element-19a64c8f\" data-id=\"19a64c8f\" data-element_type=\"column\">\n\t\t\t<div class=\"elementor-widget-wrap elementor-element-populated\">\n\t\t\t\t\t\t<div class=\"elementor-element elementor-element-1d539cec elementor-widget elementor-widget-razzi-heading\" data-id=\"1d539cec\" data-element_type=\"widget\" data-widget_type=\"razzi-heading.default\">\n\t\t\t\t<div class=\"elementor-widget-container\">\n\t\t\t<div class=\"razzi-heading-wrapper\"><h2 class=\"razzi-heading-title\"><small>Customer service<\/small> If you have any questions<br>get in touch<br> with us <\/h2><\/div>\t\t<\/div>\n\t\t\t\t<\/div>\n\t\t\t\t<div class=\"elementor-element elementor-element-79f0d7a5 elementor-widget elementor-widget-text-editor\" data-id=\"79f0d7a5\" data-element_type=\"widget\" data-widget_type=\"text-editor.default\">\n\t\t\t\t<div class=\"elementor-widget-container\">\n\t\t\t<style>\/*! elementor - v3.23.0 - 15-07-2024 *\/\n.elementor-widget-text-editor.elementor-drop-cap-view-stacked .elementor-drop-cap{background-color:#69727d;color:#fff}.elementor-widget-text-editor.elementor-drop-cap-view-framed .elementor-drop-cap{color:#69727d;border:3px solid;background-color:transparent}.elementor-widget-text-editor:not(.elementor-drop-cap-view-default) .elementor-drop-cap{margin-top:8px}.elementor-widget-text-editor:not(.elementor-drop-cap-view-default) .elementor-drop-cap-letter{width:1em;height:1em}.elementor-widget-text-editor .elementor-drop-cap{float:left;text-align:center;line-height:1;font-size:50px}.elementor-widget-text-editor .elementor-drop-cap-letter{display:inline-block}<\/style>\t\t\t\t<p>write a message<br \/><a>kontakt@antilda.pl<\/a><\/p>\t\t\t\t\t\t<\/div>\n\t\t\t\t<\/div>\n\t\t\t\t\t<\/div>\n\t\t<\/div>\n\t\t\t\t<div class=\"elementor-column elementor-col-66 elementor-top-column elementor-element elementor-element-1f90dcfa\" data-id=\"1f90dcfa\" data-element_type=\"column\">\n\t\t\t<div class=\"elementor-widget-wrap elementor-element-populated\">\n\t\t\t\t\t\t<div class=\"elementor-element elementor-element-359d7050 elementor-widget elementor-widget-accordion\" data-id=\"359d7050\" data-element_type=\"widget\" data-widget_type=\"accordion.default\">\n\t\t\t\t<div class=\"elementor-widget-container\">\n\t\t\t<style>\/*! elementor - v3.23.0 - 15-07-2024 *\/\n.elementor-accordion{text-align:start}.elementor-accordion .elementor-accordion-item{border:1px solid #d5d8dc}.elementor-accordion .elementor-accordion-item+.elementor-accordion-item{border-top:none}.elementor-accordion .elementor-tab-title{margin:0;padding:15px 20px;font-weight:700;line-height:1;cursor:pointer;outline:none}.elementor-accordion .elementor-tab-title .elementor-accordion-icon{display:inline-block;width:1.5em}.elementor-accordion .elementor-tab-title .elementor-accordion-icon svg{width:1em;height:1em}.elementor-accordion .elementor-tab-title .elementor-accordion-icon.elementor-accordion-icon-right{float:right;text-align:right}.elementor-accordion .elementor-tab-title .elementor-accordion-icon.elementor-accordion-icon-left{float:left;text-align:left}.elementor-accordion .elementor-tab-title .elementor-accordion-icon .elementor-accordion-icon-closed{display:block}.elementor-accordion .elementor-tab-title .elementor-accordion-icon .elementor-accordion-icon-opened,.elementor-accordion .elementor-tab-title.elementor-active .elementor-accordion-icon-closed{display:none}.elementor-accordion .elementor-tab-title.elementor-active .elementor-accordion-icon-opened{display:block}.elementor-accordion .elementor-tab-content{display:none;padding:15px 20px;border-top:1px solid #d5d8dc}@media (max-width:767px){.elementor-accordion .elementor-tab-title{padding:12px 15px}.elementor-accordion .elementor-tab-title .elementor-accordion-icon{width:1.2em}.elementor-accordion .elementor-tab-content{padding:7px 15px}}.e-con-inner>.elementor-widget-accordion,.e-con>.elementor-widget-accordion{width:var(--container-widget-width);--flex-grow:var(--container-widget-flex-grow)}<\/style>\t\t<div class=\"elementor-accordion\">\n\t\t\t\t\t\t\t<div class=\"elementor-accordion-item\">\n\t\t\t\t\t<div id=\"elementor-tab-title-8991\" class=\"elementor-tab-title\" data-tab=\"1\" role=\"button\" aria-controls=\"elementor-tab-content-8991\" aria-expanded=\"false\">\n\t\t\t\t\t\t\t\t\t\t\t\t<a class=\"elementor-accordion-title\" tabindex=\"0\">1. FOOTSTOOLS<\/a>\n\t\t\t\t\t<\/div>\n\t\t\t\t\t<div id=\"elementor-tab-content-8991\" class=\"elementor-tab-content elementor-clearfix\" data-tab=\"1\" role=\"region\" aria-labelledby=\"elementor-tab-title-8991\"><p style=\"text-align: justify;\"><!-- wp:paragraph --><\/p><p>CLAMPING RINGS<br \/>Please ensure that the rings and feet of the IKEA Antilop chair are not <strong>fouled<\/strong>. This can cause the retaining rings to slip, and with them <a href=\"https:\/\/antilda.pl\/kategoria\/podnozek\">footrest<\/a>.<br \/>If this happens, the footrest and retaining rings must be carefully removed and the whole thing degreased, allowed to dry completely and reassembled.<\/p><p style=\"text-align: justify;\"><!-- \/wp:paragraph --> <!-- wp:paragraph --><\/p><p>CLEANING<br \/>Try to clean\u00a0<a href=\"https:\/\/antilda.pl\/kategoria\/podnozek\">footrest<\/a>\u00a0if possible immediately after a meal, so as not to allow food residues to dry on its surface. Wood should not be soaked, scalded or washed for long periods of time under running water. This accelerates wear and tear and makes the wood rougher. Wipe with a damp cloth and dry afterwards, avoiding intensive rubbing of the lacquer surface, which can strip the protective lacquer and cause visible scratches. If it is necessary to wash the whole chair, remove the footrest to avoid soaking it under running water. When exposed to strongly coloured food, marks may remain on the surface of the footrests. The product is not a toy for children. Do not allow children to play with the included black rings.<\/p><p style=\"text-align: justify;\"><!-- \/wp:paragraph --><\/p><\/div>\n\t\t\t\t<\/div>\n\t\t\t\t\t\t\t<div class=\"elementor-accordion-item\">\n\t\t\t\t\t<div id=\"elementor-tab-title-8992\" class=\"elementor-tab-title\" data-tab=\"2\" role=\"button\" aria-controls=\"elementor-tab-content-8992\" aria-expanded=\"false\">\n\t\t\t\t\t\t\t\t\t\t\t\t<a class=\"elementor-accordion-title\" tabindex=\"0\">2. SLUGS<\/a>\n\t\t\t\t\t<\/div>\n\t\t\t\t\t<div id=\"elementor-tab-content-8992\" class=\"elementor-tab-content elementor-clearfix\" data-tab=\"2\" role=\"region\" aria-labelledby=\"elementor-tab-title-8992\"><p style=\"text-align: justify;\">Remove stains and dirt with a soft sponge and a solution of water and soap (30\u00baC) or machine wash. Do not dry clean. Do not spin dry, do not tumble dry.<br \/>We suggest that greasy stains before washing the bib in the washing machine first <strong>zap<\/strong> water with soap solution.\u00a0<\/p><\/div>\n\t\t\t\t<\/div>\n\t\t\t\t\t\t\t<div class=\"elementor-accordion-item\">\n\t\t\t\t\t<div id=\"elementor-tab-title-8993\" class=\"elementor-tab-title\" data-tab=\"3\" role=\"button\" aria-controls=\"elementor-tab-content-8993\" aria-expanded=\"false\">\n\t\t\t\t\t\t\t\t\t\t\t\t<a class=\"elementor-accordion-title\" tabindex=\"0\">3. SILICONE MATS<\/a>\n\t\t\t\t\t<\/div>\n\t\t\t\t\t<div id=\"elementor-tab-content-8993\" class=\"elementor-tab-content elementor-clearfix\" data-tab=\"3\" role=\"region\" aria-labelledby=\"elementor-tab-title-8993\"><p style=\"text-align: justify;\">Simply wash the mat with soap and water.\u00a0<br \/>Dishwasher safe. However, we recommend hand washing<br \/>We recommend drying the mats after washing to remove any water droplets that may leave a visible residue on their surface.<\/p>\n<p>- When exposed to strongly coloured foods, traces may remain.\u00a0<br \/>Please <strong>avoid<\/strong> staining inks, e.g. from ballpoint pens (permanent staining remains) It is a good idea to wipe the mat after washing. Spontaneously drying water droplets can leave visible deposits. Try to clean it as soon as possible after a meal.\u00a0<br \/><br \/>- Intensive cleaning and friction can cause permanent scratching and damage to the surface of the mats.<br \/>The glossy side (inside) may become matt with use of the mat.<\/p>\n<p>Particular care should be taken with mechanical cuts to the mat, e.g. with a knife or fork. Such minor damage to its surface can significantly worsen over time.<br \/><br \/>- Spots from certain fruits and vegetables usually disappear <strong>spontaneously<\/strong> (approximately 1-3 days) or under the influence of <strong>rays of the sun<\/strong>\u00a0(also the same is true for the colouring of the tray and seat of the IKEA Antilop chair)<br \/>The product is not a toy for children. It is a decorative element.<\/p><\/div>\n\t\t\t\t<\/div>\n\t\t\t\t\t\t\t<div class=\"elementor-accordion-item\">\n\t\t\t\t\t<div id=\"elementor-tab-title-8994\" class=\"elementor-tab-title\" data-tab=\"4\" role=\"button\" aria-controls=\"elementor-tab-content-8994\" aria-expanded=\"false\">\n\t\t\t\t\t\t\t\t\t\t\t\t<a class=\"elementor-accordion-title\" tabindex=\"0\">4. VENEER FOR THE FEET<\/a>\n\t\t\t\t\t<\/div>\n\t\t\t\t\t<div id=\"elementor-tab-content-8994\" class=\"elementor-tab-content elementor-clearfix\" data-tab=\"4\" role=\"region\" aria-labelledby=\"elementor-tab-title-8994\"><p>While we strive for the best possible match, the colour of the veneer and the proposed footstool of the same name will vary due to the different type of raw material. The natural, solid wood from which the footstools are made is characterised by its variable and unique colouring<\/p><p>Assembling the footrest requires attaching it to the chair's taped feet, which may affect the durability of the veneer. <br \/>It is worth taking special care to the point, where the veneer meets the fixing ring.<br \/>Over time (especially at high temperatures), the veneered leg may deform at the fixing point.\u00a0<br \/><br \/>Before changing the height of the footrest, it is a good idea to moisten the feet so that the rings move more freely into position. The top fixing rings should be pushed as close as possible to the footrest, restraining it.<\/p><\/div>\n\t\t\t\t<\/div>\n\t\t\t\t\t\t\t<div class=\"elementor-accordion-item\">\n\t\t\t\t\t<div id=\"elementor-tab-title-8995\" class=\"elementor-tab-title\" data-tab=\"5\" role=\"button\" aria-controls=\"elementor-tab-content-8995\" aria-expanded=\"false\">\n\t\t\t\t\t\t\t\t\t\t\t\t<a class=\"elementor-accordion-title\" tabindex=\"0\">5. COVERS\/PILLOWS<\/a>\n\t\t\t\t\t<\/div>\n\t\t\t\t\t<div id=\"elementor-tab-content-8995\" class=\"elementor-tab-content elementor-clearfix\" data-tab=\"5\" role=\"region\" aria-labelledby=\"elementor-tab-title-8995\"><p>COVERS - CLEANING<br \/>The patterns on the fabric are printed using safety-certified inks. They do not release harmful toxins, are safe for health and are odourless. Remove stains and dirt with a soft sponge and a solution of water and soap (temperature 30\u00baC) Do not dry clean.\u00a0<\/p><p>CUSHIONS - CLEANING\u00a0<br \/>Do not wash the cushion without first <strong>removals<\/strong> all <strong>four elements<\/strong> fillings. Washing the pillow in its entirety will result in a partial loss of elasticity of the filling. The material from which the outer part of the cushion is made is waterproof. The prints on the material may not be resistant to intensive abrasion (do not clean them with aggressive chemicals containing solvents, stain removers and bleach)<br \/><em><br \/>Prints are not resistant to abrasion. Do not clean <\/em><i>aggressive chemicals,\u00a0<\/i><em>containing solvents, stain removers and bleach.<\/em><\/p><\/div>\n\t\t\t\t<\/div>\n\t\t\t\t\t\t\t\t<\/div>\n\t\t\t\t<\/div>\n\t\t\t\t<\/div>\n\t\t\t\t\t<\/div>\n\t\t<\/div>\n\t\t\t\t\t<\/div>\n\t\t<\/section>\n\t\t\t\t<\/div>","protected":false},"excerpt":{"rendered":"<p>Customer serviceContact us if you have any questions write to wiadomo\u015b\u0107kontakt@antilda.pl 1. FIXING RINGSMake sure that the rings and feet of the IKEA Antilop chair are not dirty. This can cause the attachment rings to slip and with them the footrest.If this happens, carefully remove the footrest and attachment rings and degrease the whole thing, wait until it is completely dry and then re [...]<\/p>","protected":false},"author":2,"featured_media":0,"parent":0,"menu_order":0,"comment_status":"closed","ping_status":"closed","template":"","meta":{"_acf_changed":false,"footnotes":""},"class_list":["post-19012","page","type-page","status-publish","hentry"],"acf":[],"yoast_head":"<!-- This site is optimized with the Yoast SEO plugin v26.3 - https:\/\/yoast.com\/wordpress\/plugins\/seo\/ -->\n<title>Czyszczenie - antilda.com<\/title>\n<meta name=\"robots\" content=\"index, follow, max-snippet:-1, max-image-preview:large, max-video-preview:-1\" \/>\n<link rel=\"canonical\" href=\"https:\/\/antilda.com\/eng\/czyszczenie\/?wmc-currency=EUR\" \/>\n<meta property=\"og:locale\" content=\"en_GB\" \/>\n<meta property=\"og:type\" content=\"article\" \/>\n<meta property=\"og:title\" content=\"Czyszczenie - antilda.com\" \/>\n<meta property=\"og:description\" content=\"Obs\u0142uga klienta W razie pyta\u0144skontaktuj si\u0119 z nami napisz wiadomo\u015b\u0107kontakt@antilda.pl 1. PODN\u00d3\u017bKI PIER\u015aCIENIE MOCUJ\u0104CENale\u017cy zwr\u00f3ci\u0107 uwag\u0119, aby pier\u015bcienie oraz n\u00f3\u017cki krzese\u0142ka IKEA Antilop nie zosta\u0142y zabrudzone. Mo\u017ce to powodowa\u0107 \u015blizganie si\u0119 pier\u015bcieni mocuj\u0105cych, a wraz z nimi podn\u00f3\u017cka.W takiej sytuacji nale\u017cy ostro\u017cnie demontowa\u0107\u00a0podn\u00f3\u017cek oraz pier\u015bcienie mocuj\u0105ce i ca\u0142o\u015b\u0107 odt\u0142u\u015bci\u0107, poczeka\u0107 do ca\u0142kowitego wyschni\u0119cia i ponownie [&hellip;]\" \/>\n<meta property=\"og:url\" content=\"https:\/\/antilda.com\/eng\/czyszczenie\/?wmc-currency=EUR\" \/>\n<meta property=\"og:site_name\" content=\"antilda.com\" \/>\n<meta property=\"article:publisher\" content=\"https:\/\/www.facebook.com\/ikeaantilopantilda\" \/>\n<meta property=\"article:modified_time\" content=\"2023-04-03T11:15:20+00:00\" \/>\n<meta name=\"twitter:card\" content=\"summary_large_image\" \/>\n<meta name=\"twitter:label1\" content=\"Estimated reading time\" \/>\n\t<meta name=\"twitter:data1\" content=\"4 minutes\" \/>\n<script type=\"application\/ld+json\" class=\"yoast-schema-graph\">{\"@context\":\"https:\/\/schema.org\",\"@graph\":[{\"@type\":\"WebPage\",\"@id\":\"https:\/\/antilda.com\/czyszczenie\/\",\"url\":\"https:\/\/antilda.com\/czyszczenie\/\",\"name\":\"Czyszczenie - antilda.com\",\"isPartOf\":{\"@id\":\"https:\/\/antilda.com\/#website\"},\"datePublished\":\"2023-04-01T10:52:32+00:00\",\"dateModified\":\"2023-04-03T11:15:20+00:00\",\"breadcrumb\":{\"@id\":\"https:\/\/antilda.com\/czyszczenie\/#breadcrumb\"},\"inLanguage\":\"en-GB\",\"potentialAction\":[{\"@type\":\"ReadAction\",\"target\":[\"https:\/\/antilda.com\/czyszczenie\/\"]}]},{\"@type\":\"BreadcrumbList\",\"@id\":\"https:\/\/antilda.com\/czyszczenie\/#breadcrumb\",\"itemListElement\":[{\"@type\":\"ListItem\",\"position\":1,\"name\":\"Strona g\u0142\u00f3wna\",\"item\":\"https:\/\/antilda.com\/\"},{\"@type\":\"ListItem\",\"position\":2,\"name\":\"Czyszczenie\"}]},{\"@type\":\"WebSite\",\"@id\":\"https:\/\/antilda.com\/#website\",\"url\":\"https:\/\/antilda.com\/\",\"name\":\"antilda.com\",\"description\":\"Akcesesoria do krzese\u0142ka Ikea Antilop\",\"publisher\":{\"@id\":\"https:\/\/antilda.com\/#organization\"},\"potentialAction\":[{\"@type\":\"SearchAction\",\"target\":{\"@type\":\"EntryPoint\",\"urlTemplate\":\"https:\/\/antilda.com\/?s={search_term_string}\"},\"query-input\":{\"@type\":\"PropertyValueSpecification\",\"valueRequired\":true,\"valueName\":\"search_term_string\"}}],\"inLanguage\":\"en-GB\"},{\"@type\":\"Organization\",\"@id\":\"https:\/\/antilda.com\/#organization\",\"name\":\"antilda.com\",\"url\":\"https:\/\/antilda.com\/\",\"logo\":{\"@type\":\"ImageObject\",\"inLanguage\":\"en-GB\",\"@id\":\"https:\/\/antilda.com\/#\/schema\/logo\/image\/\",\"url\":\"https:\/\/antilda.com\/wp-content\/uploads\/2022\/09\/logo-3.png\",\"contentUrl\":\"https:\/\/antilda.com\/wp-content\/uploads\/2022\/09\/logo-3.png\",\"width\":1611,\"height\":497,\"caption\":\"antilda.com\"},\"image\":{\"@id\":\"https:\/\/antilda.com\/#\/schema\/logo\/image\/\"},\"sameAs\":[\"https:\/\/www.facebook.com\/ikeaantilopantilda\",\"https:\/\/www.instagram.com\/antilda_accessories\/\"]}]}<\/script>\n<!-- \/ Yoast SEO plugin. -->","yoast_head_json":{"title":"Cleaning - antilda.com","robots":{"index":"index","follow":"follow","max-snippet":"max-snippet:-1","max-image-preview":"max-image-preview:large","max-video-preview":"max-video-preview:-1"},"canonical":"https:\/\/antilda.com\/eng\/czyszczenie\/?wmc-currency=EUR","og_locale":"en_GB","og_type":"article","og_title":"Czyszczenie - antilda.com","og_description":"Obs\u0142uga klienta W razie pyta\u0144skontaktuj si\u0119 z nami napisz wiadomo\u015b\u0107kontakt@antilda.pl 1. PODN\u00d3\u017bKI PIER\u015aCIENIE MOCUJ\u0104CENale\u017cy zwr\u00f3ci\u0107 uwag\u0119, aby pier\u015bcienie oraz n\u00f3\u017cki krzese\u0142ka IKEA Antilop nie zosta\u0142y zabrudzone. Mo\u017ce to powodowa\u0107 \u015blizganie si\u0119 pier\u015bcieni mocuj\u0105cych, a wraz z nimi podn\u00f3\u017cka.W takiej sytuacji nale\u017cy ostro\u017cnie demontowa\u0107\u00a0podn\u00f3\u017cek oraz pier\u015bcienie mocuj\u0105ce i ca\u0142o\u015b\u0107 odt\u0142u\u015bci\u0107, poczeka\u0107 do ca\u0142kowitego wyschni\u0119cia i ponownie [&hellip;]","og_url":"https:\/\/antilda.com\/eng\/czyszczenie\/?wmc-currency=EUR","og_site_name":"antilda.com","article_publisher":"https:\/\/www.facebook.com\/ikeaantilopantilda","article_modified_time":"2023-04-03T11:15:20+00:00","twitter_card":"summary_large_image","twitter_misc":{"Estimated reading time":"4 minutes"},"schema":{"@context":"https:\/\/schema.org","@graph":[{"@type":"WebPage","@id":"https:\/\/antilda.com\/czyszczenie\/","url":"https:\/\/antilda.com\/czyszczenie\/","name":"Cleaning - antilda.com","isPartOf":{"@id":"https:\/\/antilda.com\/#website"},"datePublished":"2023-04-01T10:52:32+00:00","dateModified":"2023-04-03T11:15:20+00:00","breadcrumb":{"@id":"https:\/\/antilda.com\/czyszczenie\/#breadcrumb"},"inLanguage":"en-GB","potentialAction":[{"@type":"ReadAction","target":["https:\/\/antilda.com\/czyszczenie\/"]}]},{"@type":"BreadcrumbList","@id":"https:\/\/antilda.com\/czyszczenie\/#breadcrumb","itemListElement":[{"@type":"ListItem","position":1,"name":"Strona g\u0142\u00f3wna","item":"https:\/\/antilda.com\/"},{"@type":"ListItem","position":2,"name":"Czyszczenie"}]},{"@type":"WebSite","@id":"https:\/\/antilda.com\/#website","url":"https:\/\/antilda.com\/","name":"antilda.com","description":"Accessories for Ikea Antilop highchair","publisher":{"@id":"https:\/\/antilda.com\/#organization"},"potentialAction":[{"@type":"SearchAction","target":{"@type":"EntryPoint","urlTemplate":"https:\/\/antilda.com\/?s={search_term_string}"},"query-input":{"@type":"PropertyValueSpecification","valueRequired":true,"valueName":"search_term_string"}}],"inLanguage":"en-GB"},{"@type":"Organization","@id":"https:\/\/antilda.com\/#organization","name":"antilda.com","url":"https:\/\/antilda.com\/","logo":{"@type":"ImageObject","inLanguage":"en-GB","@id":"https:\/\/antilda.com\/#\/schema\/logo\/image\/","url":"https:\/\/antilda.com\/wp-content\/uploads\/2022\/09\/logo-3.png","contentUrl":"https:\/\/antilda.com\/wp-content\/uploads\/2022\/09\/logo-3.png","width":1611,"height":497,"caption":"antilda.com"},"image":{"@id":"https:\/\/antilda.com\/#\/schema\/logo\/image\/"},"sameAs":["https:\/\/www.facebook.com\/ikeaantilopantilda","https:\/\/www.instagram.com\/antilda_accessories\/"]}]}},"_links":{"self":[{"href":"https:\/\/antilda.com\/eng\/wp-json\/wp\/v2\/pages\/19012","targetHints":{"allow":["GET"]}}],"collection":[{"href":"https:\/\/antilda.com\/eng\/wp-json\/wp\/v2\/pages"}],"about":[{"href":"https:\/\/antilda.com\/eng\/wp-json\/wp\/v2\/types\/page"}],"author":[{"embeddable":true,"href":"https:\/\/antilda.com\/eng\/wp-json\/wp\/v2\/users\/2"}],"replies":[{"embeddable":true,"href":"https:\/\/antilda.com\/eng\/wp-json\/wp\/v2\/comments?post=19012"}],"version-history":[{"count":0,"href":"https:\/\/antilda.com\/eng\/wp-json\/wp\/v2\/pages\/19012\/revisions"}],"wp:attachment":[{"href":"https:\/\/antilda.com\/eng\/wp-json\/wp\/v2\/media?parent=19012"}],"curies":[{"name":"wp","href":"https:\/\/api.w.org\/{rel}","templated":true}]}}