{"id":13858,"date":"2022-05-31T10:39:18","date_gmt":"2022-05-31T08:39:18","guid":{"rendered":"http:\/\/antilda.com\/produkt\/mata-klasyczna-lososiowa\/"},"modified":"2026-01-10T17:18:49","modified_gmt":"2026-01-10T16:18:49","slug":"mata-silikonowa-ikea-antilop-lososiowa","status":"publish","type":"product","link":"https:\/\/antilda.com\/eng\/mata-silikonowa-ikea-antilop-lososiowa\/","title":{"rendered":"IKEA Antilop silicone mat - salmon"},"content":{"rendered":"<p style=\"text-align: left;\"><strong>PRODUCT INFORMATION:<\/strong>\u00a0Silicone mat for the Antilop highchair. It is made of food safe silicone. It does not contain BPA, PVC, lead or phthalates. The mat is placed on the tray of the feeding chair. We recommend wetting the surface of the mat on the tray side of the chair with water (better adhesion). The product helps to clean up efficiently after the meal.<\/p>\n<p>The product is for use only under adult supervision. It is a decorative item.<\/p>\n<p><i style=\"font-size: 10pt;\">ATTENTION: Please choose carefully the model and colour of the silicone mat (we will be happy to send you additional photos)<br \/>\n<\/i><span style=\"font-size: 10pt;\"><em>Unpacking it means that it is not returned to us in the condition in which it was sent.<\/em><\/span><\/p>\n<p style=\"text-align: left;\"><strong> MODEL:\u00a0<\/strong>classic (covering only the inside of the tray)<\/p>\n<p>additional information \u2193<\/p>","protected":false},"excerpt":{"rendered":"<p><span style=\"color: #c1af9d; font-family: verdana, geneva, sans-serif;\"><strong><span style=\"font-size: 14pt;\">Silicone chair mat:<\/span><\/strong><\/span><\/p>\n<p style=\"padding-left: 40px;\">Practical<br \/>\nMakes it easier to clean up after a meal<br \/>\nTransforms the look of the chair<br \/>\nAdheres well to the tray<br \/>\nEasy to clean<\/p>","protected":false},"featured_media":11921,"comment_status":"open","ping_status":"closed","template":"","meta":{"_acf_changed":false},"product_brand":[],"product_cat":[110],"product_tag":[],"class_list":{"0":"post-13858","1":"product","2":"type-product","3":"status-publish","4":"has-post-thumbnail","6":"product_cat-mata-silikonowa-antilop","8":"first","9":"instock","10":"taxable","11":"shipping-taxable","12":"purchasable","13":"product-type-simple"},"acf":[],"yoast_head":"<!-- This site is optimized with the Yoast SEO plugin v26.3 - https:\/\/yoast.com\/wordpress\/plugins\/seo\/ -->\n<title>Mata silikonowa IKEA Antilop - \u0142ososiowa - Sklep antilda.com<\/title>\n<meta name=\"description\" content=\"Odmie\u0144 wygl\u0105d Waszego krzese\u0142ka do karmienia! Wybieraj\u0105c silikonow\u0105\u00a0mat\u0119, nie tylko odpicujesz Wasze krzese\u0142ko - dodasz do swojej wyprawki do rozszerzania diety Waszego malucha obowi\u0105zkowe akcesoria u\u0142atwiaj\u0105ce sprz\u0105tanie po posi\u0142ku.\" \/>\n<meta name=\"robots\" content=\"index, follow, max-snippet:-1, max-image-preview:large, max-video-preview:-1\" \/>\n<link rel=\"canonical\" href=\"https:\/\/antilda.com\/eng\/?attachment_id=11921\/&wmc-currency=EUR\" \/>\n<meta property=\"og:locale\" content=\"en_GB\" \/>\n<meta property=\"og:type\" content=\"article\" \/>\n<meta property=\"og:title\" content=\"Mata silikonowa IKEA Antilop - \u0142ososiowa - Sklep antilda.com\" \/>\n<meta property=\"og:description\" content=\"Odmie\u0144 wygl\u0105d Waszego krzese\u0142ka do karmienia! Wybieraj\u0105c silikonow\u0105\u00a0mat\u0119, nie tylko odpicujesz Wasze krzese\u0142ko - dodasz do swojej wyprawki do rozszerzania diety Waszego malucha obowi\u0105zkowe akcesoria u\u0142atwiaj\u0105ce sprz\u0105tanie po posi\u0142ku.\" \/>\n<meta property=\"og:url\" content=\"https:\/\/antilda.com\/eng\/?attachment_id=11921\/&amp;wmc-currency=EUR\" \/>\n<meta property=\"og:site_name\" content=\"antilda.com\" \/>\n<meta property=\"article:publisher\" content=\"https:\/\/www.facebook.com\/ikeaantilopantilda\" \/>\n<meta property=\"article:modified_time\" content=\"2026-01-10T16:18:49+00:00\" \/>\n<meta property=\"og:image\" content=\"https:\/\/antilda.com\/wp-content\/uploads\/2022\/07\/mata-silikonowa-IKEA-Antilop-lososiowa.jpg\" \/>\n\t<meta property=\"og:image:width\" content=\"1575\" \/>\n\t<meta property=\"og:image:height\" content=\"2100\" \/>\n\t<meta property=\"og:image:type\" content=\"image\/jpeg\" \/>\n<meta name=\"twitter:card\" content=\"summary_large_image\" \/>\n<meta name=\"twitter:label1\" content=\"Estimated reading time\" \/>\n\t<meta name=\"twitter:data1\" content=\"1 minute\" \/>\n<script type=\"application\/ld+json\" class=\"yoast-schema-graph\">{\"@context\":\"https:\/\/schema.org\",\"@graph\":[{\"@type\":\"WebPage\",\"@id\":\"https:\/\/antilda.com\/mata-silikonowa-ikea-antilop-lososiowa\/\",\"url\":\"https:\/\/antilda.com\/mata-silikonowa-ikea-antilop-lososiowa\/\",\"name\":\"Mata silikonowa IKEA Antilop - \u0142ososiowa - Sklep antilda.com\",\"isPartOf\":{\"@id\":\"https:\/\/antilda.com\/#website\"},\"primaryImageOfPage\":{\"@id\":\"https:\/\/antilda.com\/mata-silikonowa-ikea-antilop-lososiowa\/#primaryimage\"},\"image\":{\"@id\":\"https:\/\/antilda.com\/mata-silikonowa-ikea-antilop-lososiowa\/#primaryimage\"},\"thumbnailUrl\":\"https:\/\/antilda.com\/wp-content\/uploads\/2022\/07\/mata-silikonowa-IKEA-Antilop-lososiowa.jpg\",\"datePublished\":\"2022-05-31T08:39:18+00:00\",\"dateModified\":\"2026-01-10T16:18:49+00:00\",\"description\":\"Odmie\u0144 wygl\u0105d Waszego krzese\u0142ka do karmienia! Wybieraj\u0105c silikonow\u0105\u00a0mat\u0119, nie tylko odpicujesz Wasze krzese\u0142ko - dodasz do swojej wyprawki do rozszerzania diety Waszego malucha obowi\u0105zkowe akcesoria u\u0142atwiaj\u0105ce sprz\u0105tanie po posi\u0142ku.\",\"breadcrumb\":{\"@id\":\"https:\/\/antilda.com\/mata-silikonowa-ikea-antilop-lososiowa\/#breadcrumb\"},\"inLanguage\":\"en-GB\",\"potentialAction\":[{\"@type\":\"ReadAction\",\"target\":[\"https:\/\/antilda.com\/mata-silikonowa-ikea-antilop-lososiowa\/\"]}]},{\"@type\":\"ImageObject\",\"inLanguage\":\"en-GB\",\"@id\":\"https:\/\/antilda.com\/mata-silikonowa-ikea-antilop-lososiowa\/#primaryimage\",\"url\":\"https:\/\/antilda.com\/wp-content\/uploads\/2022\/07\/mata-silikonowa-IKEA-Antilop-lososiowa.jpg\",\"contentUrl\":\"https:\/\/antilda.com\/wp-content\/uploads\/2022\/07\/mata-silikonowa-IKEA-Antilop-lososiowa.jpg\",\"width\":1575,\"height\":2100},{\"@type\":\"BreadcrumbList\",\"@id\":\"https:\/\/antilda.com\/mata-silikonowa-ikea-antilop-lososiowa\/#breadcrumb\",\"itemListElement\":[{\"@type\":\"ListItem\",\"position\":1,\"name\":\"Strona g\u0142\u00f3wna\",\"item\":\"https:\/\/antilda.com\/\"},{\"@type\":\"ListItem\",\"position\":2,\"name\":\"Sklep\",\"item\":\"https:\/\/antilda.com\/sklep\/\"},{\"@type\":\"ListItem\",\"position\":3,\"name\":\"Mata silikonowa IKEA Antilop &#8211; \u0142ososiowa\"}]},{\"@type\":\"WebSite\",\"@id\":\"https:\/\/antilda.com\/#website\",\"url\":\"https:\/\/antilda.com\/\",\"name\":\"antilda.com\",\"description\":\"Akcesesoria do krzese\u0142ka Ikea Antilop\",\"publisher\":{\"@id\":\"https:\/\/antilda.com\/#organization\"},\"potentialAction\":[{\"@type\":\"SearchAction\",\"target\":{\"@type\":\"EntryPoint\",\"urlTemplate\":\"https:\/\/antilda.com\/?s={search_term_string}\"},\"query-input\":{\"@type\":\"PropertyValueSpecification\",\"valueRequired\":true,\"valueName\":\"search_term_string\"}}],\"inLanguage\":\"en-GB\"},{\"@type\":\"Organization\",\"@id\":\"https:\/\/antilda.com\/#organization\",\"name\":\"antilda.com\",\"url\":\"https:\/\/antilda.com\/\",\"logo\":{\"@type\":\"ImageObject\",\"inLanguage\":\"en-GB\",\"@id\":\"https:\/\/antilda.com\/#\/schema\/logo\/image\/\",\"url\":\"https:\/\/antilda.com\/wp-content\/uploads\/2022\/09\/logo-3.png\",\"contentUrl\":\"https:\/\/antilda.com\/wp-content\/uploads\/2022\/09\/logo-3.png\",\"width\":1611,\"height\":497,\"caption\":\"antilda.com\"},\"image\":{\"@id\":\"https:\/\/antilda.com\/#\/schema\/logo\/image\/\"},\"sameAs\":[\"https:\/\/www.facebook.com\/ikeaantilopantilda\",\"https:\/\/www.instagram.com\/antilda_accessories\/\"]}]}<\/script>\n<!-- \/ Yoast SEO plugin. -->","yoast_head_json":{"title":"IKEA Antilop silicone mat - salmon - Shop antilda.com","description":"Transform the look of your highchair! By choosing a silicone mat, you won't just spruce up your highchair - you'll add the must-have accessories for easy post-meal clean-up to your baby's dietary expansion kit.","robots":{"index":"index","follow":"follow","max-snippet":"max-snippet:-1","max-image-preview":"max-image-preview:large","max-video-preview":"max-video-preview:-1"},"canonical":"https:\/\/antilda.com\/eng\/?attachment_id=11921\/&wmc-currency=EUR","og_locale":"en_GB","og_type":"article","og_title":"Mata silikonowa IKEA Antilop - \u0142ososiowa - Sklep antilda.com","og_description":"Odmie\u0144 wygl\u0105d Waszego krzese\u0142ka do karmienia! Wybieraj\u0105c silikonow\u0105\u00a0mat\u0119, nie tylko odpicujesz Wasze krzese\u0142ko - dodasz do swojej wyprawki do rozszerzania diety Waszego malucha obowi\u0105zkowe akcesoria u\u0142atwiaj\u0105ce sprz\u0105tanie po posi\u0142ku.","og_url":"https:\/\/antilda.com\/eng\/?attachment_id=11921\/&wmc-currency=EUR","og_site_name":"antilda.com","article_publisher":"https:\/\/www.facebook.com\/ikeaantilopantilda","article_modified_time":"2026-01-10T16:18:49+00:00","og_image":[{"width":1575,"height":2100,"url":"https:\/\/antilda.com\/wp-content\/uploads\/2022\/07\/mata-silikonowa-IKEA-Antilop-lososiowa.jpg","type":"image\/jpeg"}],"twitter_card":"summary_large_image","twitter_misc":{"Estimated reading time":"1 minute"},"schema":{"@context":"https:\/\/schema.org","@graph":[{"@type":"WebPage","@id":"https:\/\/antilda.com\/mata-silikonowa-ikea-antilop-lososiowa\/","url":"https:\/\/antilda.com\/mata-silikonowa-ikea-antilop-lososiowa\/","name":"IKEA Antilop silicone mat - salmon - Shop antilda.com","isPartOf":{"@id":"https:\/\/antilda.com\/#website"},"primaryImageOfPage":{"@id":"https:\/\/antilda.com\/mata-silikonowa-ikea-antilop-lososiowa\/#primaryimage"},"image":{"@id":"https:\/\/antilda.com\/mata-silikonowa-ikea-antilop-lososiowa\/#primaryimage"},"thumbnailUrl":"https:\/\/antilda.com\/wp-content\/uploads\/2022\/07\/mata-silikonowa-IKEA-Antilop-lososiowa.jpg","datePublished":"2022-05-31T08:39:18+00:00","dateModified":"2026-01-10T16:18:49+00:00","description":"Transform the look of your highchair! By choosing a silicone mat, you won't just spruce up your highchair - you'll add the must-have accessories for easy post-meal clean-up to your baby's dietary expansion kit.","breadcrumb":{"@id":"https:\/\/antilda.com\/mata-silikonowa-ikea-antilop-lososiowa\/#breadcrumb"},"inLanguage":"en-GB","potentialAction":[{"@type":"ReadAction","target":["https:\/\/antilda.com\/mata-silikonowa-ikea-antilop-lososiowa\/"]}]},{"@type":"ImageObject","inLanguage":"en-GB","@id":"https:\/\/antilda.com\/mata-silikonowa-ikea-antilop-lososiowa\/#primaryimage","url":"https:\/\/antilda.com\/wp-content\/uploads\/2022\/07\/mata-silikonowa-IKEA-Antilop-lososiowa.jpg","contentUrl":"https:\/\/antilda.com\/wp-content\/uploads\/2022\/07\/mata-silikonowa-IKEA-Antilop-lososiowa.jpg","width":1575,"height":2100},{"@type":"BreadcrumbList","@id":"https:\/\/antilda.com\/mata-silikonowa-ikea-antilop-lososiowa\/#breadcrumb","itemListElement":[{"@type":"ListItem","position":1,"name":"Strona g\u0142\u00f3wna","item":"https:\/\/antilda.com\/"},{"@type":"ListItem","position":2,"name":"Sklep","item":"https:\/\/antilda.com\/sklep\/"},{"@type":"ListItem","position":3,"name":"Mata silikonowa IKEA Antilop &#8211; \u0142ososiowa"}]},{"@type":"WebSite","@id":"https:\/\/antilda.com\/#website","url":"https:\/\/antilda.com\/","name":"antilda.com","description":"Accessories for Ikea Antilop highchair","publisher":{"@id":"https:\/\/antilda.com\/#organization"},"potentialAction":[{"@type":"SearchAction","target":{"@type":"EntryPoint","urlTemplate":"https:\/\/antilda.com\/?s={search_term_string}"},"query-input":{"@type":"PropertyValueSpecification","valueRequired":true,"valueName":"search_term_string"}}],"inLanguage":"en-GB"},{"@type":"Organization","@id":"https:\/\/antilda.com\/#organization","name":"antilda.com","url":"https:\/\/antilda.com\/","logo":{"@type":"ImageObject","inLanguage":"en-GB","@id":"https:\/\/antilda.com\/#\/schema\/logo\/image\/","url":"https:\/\/antilda.com\/wp-content\/uploads\/2022\/09\/logo-3.png","contentUrl":"https:\/\/antilda.com\/wp-content\/uploads\/2022\/09\/logo-3.png","width":1611,"height":497,"caption":"antilda.com"},"image":{"@id":"https:\/\/antilda.com\/#\/schema\/logo\/image\/"},"sameAs":["https:\/\/www.facebook.com\/ikeaantilopantilda","https:\/\/www.instagram.com\/antilda_accessories\/"]}]}},"_links":{"self":[{"href":"https:\/\/antilda.com\/eng\/wp-json\/wp\/v2\/product\/13858","targetHints":{"allow":["GET"]}}],"collection":[{"href":"https:\/\/antilda.com\/eng\/wp-json\/wp\/v2\/product"}],"about":[{"href":"https:\/\/antilda.com\/eng\/wp-json\/wp\/v2\/types\/product"}],"replies":[{"embeddable":true,"href":"https:\/\/antilda.com\/eng\/wp-json\/wp\/v2\/comments?post=13858"}],"wp:featuredmedia":[{"embeddable":true,"href":"https:\/\/antilda.com\/eng\/wp-json\/wp\/v2\/media\/11921"}],"wp:attachment":[{"href":"https:\/\/antilda.com\/eng\/wp-json\/wp\/v2\/media?parent=13858"}],"wp:term":[{"taxonomy":"product_brand","embeddable":true,"href":"https:\/\/antilda.com\/eng\/wp-json\/wp\/v2\/product_brand?post=13858"},{"taxonomy":"product_cat","embeddable":true,"href":"https:\/\/antilda.com\/eng\/wp-json\/wp\/v2\/product_cat?post=13858"},{"taxonomy":"product_tag","embeddable":true,"href":"https:\/\/antilda.com\/eng\/wp-json\/wp\/v2\/product_tag?post=13858"}],"curies":[{"name":"wp","href":"https:\/\/api.w.org\/{rel}","templated":true}]}}