{"id":13957,"date":"2022-05-31T10:39:36","date_gmt":"2022-05-31T08:39:36","guid":{"rendered":"http:\/\/antilda.com\/?post_type=product&#038;p=13957"},"modified":"2026-05-12T21:24:08","modified_gmt":"2026-05-12T19:24:08","slug":"pokrowiec-ikea-antilop-letnia-laka","status":"publish","type":"product","link":"https:\/\/antilda.com\/eng\/pokrowiec-ikea-antilop-letnia-laka\/","title":{"rendered":"IKEA Antilop cover - Summer Meadow pattern"},"content":{"rendered":"<p style=\"text-align: left;\"><span style=\"color: #333333;\"><strong>MATERIAL:<\/strong> 100% polyester<\/span><\/p>\n<p style=\"text-align: left;\"><span style=\"color: #333333;\"><strong>NOTES:<\/strong> The prints are not resistant to abrasion and heavy rubbing.<\/span>\u00a0<span style=\"color: #333333;\">Do not clean <a style=\"color: #333333;\" href=\"https:\/\/antilda.pl\/kategoria\/pokrowce-na-poduszke\">covers<\/a> aggressive chemicals containing solvents, stain removers and bleach.\u00a0<\/span><\/p>\n<ul>\n<li><span style=\"color: #333333;\"><span style=\"font-family: var(--rz-font-family-primary);\">Filling <\/span><a style=\"color: #333333;\" href=\"https:\/\/antilda.pl\/kategoria\/pokrowce-na-poduszke\">covers<\/a><span style=\"font-family: var(--rz-font-family-primary);\"> is an inflatable cushion from IKEA (sold separately)<\/span><\/span><\/li>\n<\/ul>\n<p style=\"text-align: left;\"><span style=\"color: #333333;\">The product is not a toy for children. It is a decorative element.<\/span><br \/>\n<span style=\"color: #333333;\">Manufactured in Poland<\/span><\/p>\n<p><span style=\"color: #333333;\">additional information \u2193<\/span><\/p>","protected":false},"excerpt":{"rendered":"<h5><span style=\"color: #c1af9d;\"><strong>IKEA cushion cover<\/strong><\/span><\/h5>\n<p style=\"padding-left: 40px;\">Provides soft repellent<br \/>\nComfortable seating during the meal<br \/>\nWaterproof and durable material<br \/>\nFilling sold separately<br \/>\n(inflatable cushion from IKEA)<\/p>","protected":false},"featured_media":17990,"comment_status":"open","ping_status":"closed","template":"","meta":{"_acf_changed":false},"product_brand":[],"product_cat":[152,109],"product_tag":[],"class_list":{"0":"post-13957","1":"product","2":"type-product","3":"status-publish","4":"has-post-thumbnail","6":"product_cat-poduszki-pokrowce-ikea-antilop","7":"product_cat-pokrowce-na-poduszke-ikea","9":"first","10":"outofstock","11":"taxable","12":"shipping-taxable","13":"purchasable","14":"product-type-simple"},"acf":[],"yoast_head":"<!-- This site is optimized with the Yoast SEO plugin v26.3 - https:\/\/yoast.com\/wordpress\/plugins\/seo\/ -->\n<title>Pokrowiec IKEA Antilop - Letnia \u0141\u0105ka - Sklep antilda.com<\/title>\n<meta name=\"robots\" content=\"index, follow, max-snippet:-1, max-image-preview:large, max-video-preview:-1\" \/>\n<link rel=\"canonical\" href=\"https:\/\/antilda.com\/eng\/pokrowiec-ikea-antilop-letnia-laka\/?wmc-currency=EUR\" \/>\n<meta property=\"og:locale\" content=\"en_GB\" \/>\n<meta property=\"og:type\" content=\"article\" \/>\n<meta property=\"og:title\" content=\"Pokrowiec IKEA Antilop - Letnia \u0141\u0105ka - Sklep antilda.com\" \/>\n<meta property=\"og:description\" content=\"Pokrowiec na poduszk\u0119 IKEA Zapewnia mi\u0119kkie odparcie Wygoda siedzenia podczas posi\u0142ku Wodoodporny i wytrzyma\u0142ego materia\u0142 Wype\u0142nienie sprzedawane oddzielnie (pompowana poduszka z IKEA)\" \/>\n<meta property=\"og:url\" content=\"https:\/\/antilda.com\/eng\/pokrowiec-ikea-antilop-letnia-laka\/?wmc-currency=EUR\" \/>\n<meta property=\"og:site_name\" content=\"antilda.com\" \/>\n<meta property=\"article:publisher\" content=\"https:\/\/www.facebook.com\/ikeaantilopantilda\" \/>\n<meta property=\"article:modified_time\" content=\"2026-05-12T19:24:08+00:00\" \/>\n<meta property=\"og:image\" content=\"https:\/\/antilda.com\/wp-content\/uploads\/2022\/05\/pokrowiec-ikea-antilop-letnia-laka.jpg\" \/>\n\t<meta property=\"og:image:width\" content=\"1125\" \/>\n\t<meta property=\"og:image:height\" content=\"1500\" \/>\n\t<meta property=\"og:image:type\" content=\"image\/jpeg\" \/>\n<meta name=\"twitter:card\" content=\"summary_large_image\" \/>\n<meta name=\"twitter:label1\" content=\"Estimated reading time\" \/>\n\t<meta name=\"twitter:data1\" content=\"1 minute\" \/>\n<script type=\"application\/ld+json\" class=\"yoast-schema-graph\">{\"@context\":\"https:\/\/schema.org\",\"@graph\":[{\"@type\":\"WebPage\",\"@id\":\"https:\/\/antilda.com\/pokrowiec-ikea-antilop-letnia-laka\/\",\"url\":\"https:\/\/antilda.com\/pokrowiec-ikea-antilop-letnia-laka\/\",\"name\":\"Pokrowiec IKEA Antilop - Letnia \u0141\u0105ka - Sklep antilda.com\",\"isPartOf\":{\"@id\":\"https:\/\/antilda.com\/#website\"},\"primaryImageOfPage\":{\"@id\":\"https:\/\/antilda.com\/pokrowiec-ikea-antilop-letnia-laka\/#primaryimage\"},\"image\":{\"@id\":\"https:\/\/antilda.com\/pokrowiec-ikea-antilop-letnia-laka\/#primaryimage\"},\"thumbnailUrl\":\"https:\/\/antilda.com\/wp-content\/uploads\/2022\/05\/pokrowiec-ikea-antilop-letnia-laka.jpg\",\"datePublished\":\"2022-05-31T08:39:36+00:00\",\"dateModified\":\"2026-05-12T19:24:08+00:00\",\"breadcrumb\":{\"@id\":\"https:\/\/antilda.com\/pokrowiec-ikea-antilop-letnia-laka\/#breadcrumb\"},\"inLanguage\":\"en-GB\",\"potentialAction\":[{\"@type\":\"ReadAction\",\"target\":[\"https:\/\/antilda.com\/pokrowiec-ikea-antilop-letnia-laka\/\"]}]},{\"@type\":\"ImageObject\",\"inLanguage\":\"en-GB\",\"@id\":\"https:\/\/antilda.com\/pokrowiec-ikea-antilop-letnia-laka\/#primaryimage\",\"url\":\"https:\/\/antilda.com\/wp-content\/uploads\/2022\/05\/pokrowiec-ikea-antilop-letnia-laka.jpg\",\"contentUrl\":\"https:\/\/antilda.com\/wp-content\/uploads\/2022\/05\/pokrowiec-ikea-antilop-letnia-laka.jpg\",\"width\":1125,\"height\":1500},{\"@type\":\"BreadcrumbList\",\"@id\":\"https:\/\/antilda.com\/pokrowiec-ikea-antilop-letnia-laka\/#breadcrumb\",\"itemListElement\":[{\"@type\":\"ListItem\",\"position\":1,\"name\":\"Strona g\u0142\u00f3wna\",\"item\":\"https:\/\/antilda.com\/\"},{\"@type\":\"ListItem\",\"position\":2,\"name\":\"Sklep\",\"item\":\"https:\/\/antilda.com\/sklep\/\"},{\"@type\":\"ListItem\",\"position\":3,\"name\":\"Pokrowiec IKEA Antilop &#8211; wz\u00f3r Letnia \u0141\u0105ka\"}]},{\"@type\":\"WebSite\",\"@id\":\"https:\/\/antilda.com\/#website\",\"url\":\"https:\/\/antilda.com\/\",\"name\":\"antilda.com\",\"description\":\"Akcesesoria do krzese\u0142ka Ikea Antilop\",\"publisher\":{\"@id\":\"https:\/\/antilda.com\/#organization\"},\"potentialAction\":[{\"@type\":\"SearchAction\",\"target\":{\"@type\":\"EntryPoint\",\"urlTemplate\":\"https:\/\/antilda.com\/?s={search_term_string}\"},\"query-input\":{\"@type\":\"PropertyValueSpecification\",\"valueRequired\":true,\"valueName\":\"search_term_string\"}}],\"inLanguage\":\"en-GB\"},{\"@type\":\"Organization\",\"@id\":\"https:\/\/antilda.com\/#organization\",\"name\":\"antilda.com\",\"url\":\"https:\/\/antilda.com\/\",\"logo\":{\"@type\":\"ImageObject\",\"inLanguage\":\"en-GB\",\"@id\":\"https:\/\/antilda.com\/#\/schema\/logo\/image\/\",\"url\":\"https:\/\/antilda.com\/wp-content\/uploads\/2022\/09\/logo-3.png\",\"contentUrl\":\"https:\/\/antilda.com\/wp-content\/uploads\/2022\/09\/logo-3.png\",\"width\":1611,\"height\":497,\"caption\":\"antilda.com\"},\"image\":{\"@id\":\"https:\/\/antilda.com\/#\/schema\/logo\/image\/\"},\"sameAs\":[\"https:\/\/www.facebook.com\/ikeaantilopantilda\",\"https:\/\/www.instagram.com\/antilda_accessories\/\"]}]}<\/script>\n<!-- \/ Yoast SEO plugin. -->","yoast_head_json":{"title":"IKEA Antilop cover - Summer Meadow - Shop antilda.com","robots":{"index":"index","follow":"follow","max-snippet":"max-snippet:-1","max-image-preview":"max-image-preview:large","max-video-preview":"max-video-preview:-1"},"canonical":"https:\/\/antilda.com\/eng\/pokrowiec-ikea-antilop-letnia-laka\/?wmc-currency=EUR","og_locale":"en_GB","og_type":"article","og_title":"Pokrowiec IKEA Antilop - Letnia \u0141\u0105ka - Sklep antilda.com","og_description":"Pokrowiec na poduszk\u0119 IKEA Zapewnia mi\u0119kkie odparcie Wygoda siedzenia podczas posi\u0142ku Wodoodporny i wytrzyma\u0142ego materia\u0142 Wype\u0142nienie sprzedawane oddzielnie (pompowana poduszka z IKEA)","og_url":"https:\/\/antilda.com\/eng\/pokrowiec-ikea-antilop-letnia-laka\/?wmc-currency=EUR","og_site_name":"antilda.com","article_publisher":"https:\/\/www.facebook.com\/ikeaantilopantilda","article_modified_time":"2026-05-12T19:24:08+00:00","og_image":[{"width":1125,"height":1500,"url":"https:\/\/antilda.com\/wp-content\/uploads\/2022\/05\/pokrowiec-ikea-antilop-letnia-laka.jpg","type":"image\/jpeg"}],"twitter_card":"summary_large_image","twitter_misc":{"Estimated reading time":"1 minute"},"schema":{"@context":"https:\/\/schema.org","@graph":[{"@type":"WebPage","@id":"https:\/\/antilda.com\/pokrowiec-ikea-antilop-letnia-laka\/","url":"https:\/\/antilda.com\/pokrowiec-ikea-antilop-letnia-laka\/","name":"IKEA Antilop cover - Summer Meadow - Shop antilda.com","isPartOf":{"@id":"https:\/\/antilda.com\/#website"},"primaryImageOfPage":{"@id":"https:\/\/antilda.com\/pokrowiec-ikea-antilop-letnia-laka\/#primaryimage"},"image":{"@id":"https:\/\/antilda.com\/pokrowiec-ikea-antilop-letnia-laka\/#primaryimage"},"thumbnailUrl":"https:\/\/antilda.com\/wp-content\/uploads\/2022\/05\/pokrowiec-ikea-antilop-letnia-laka.jpg","datePublished":"2022-05-31T08:39:36+00:00","dateModified":"2026-05-12T19:24:08+00:00","breadcrumb":{"@id":"https:\/\/antilda.com\/pokrowiec-ikea-antilop-letnia-laka\/#breadcrumb"},"inLanguage":"en-GB","potentialAction":[{"@type":"ReadAction","target":["https:\/\/antilda.com\/pokrowiec-ikea-antilop-letnia-laka\/"]}]},{"@type":"ImageObject","inLanguage":"en-GB","@id":"https:\/\/antilda.com\/pokrowiec-ikea-antilop-letnia-laka\/#primaryimage","url":"https:\/\/antilda.com\/wp-content\/uploads\/2022\/05\/pokrowiec-ikea-antilop-letnia-laka.jpg","contentUrl":"https:\/\/antilda.com\/wp-content\/uploads\/2022\/05\/pokrowiec-ikea-antilop-letnia-laka.jpg","width":1125,"height":1500},{"@type":"BreadcrumbList","@id":"https:\/\/antilda.com\/pokrowiec-ikea-antilop-letnia-laka\/#breadcrumb","itemListElement":[{"@type":"ListItem","position":1,"name":"Strona g\u0142\u00f3wna","item":"https:\/\/antilda.com\/"},{"@type":"ListItem","position":2,"name":"Sklep","item":"https:\/\/antilda.com\/sklep\/"},{"@type":"ListItem","position":3,"name":"Pokrowiec IKEA Antilop &#8211; wz\u00f3r Letnia \u0141\u0105ka"}]},{"@type":"WebSite","@id":"https:\/\/antilda.com\/#website","url":"https:\/\/antilda.com\/","name":"antilda.com","description":"Accessories for Ikea Antilop highchair","publisher":{"@id":"https:\/\/antilda.com\/#organization"},"potentialAction":[{"@type":"SearchAction","target":{"@type":"EntryPoint","urlTemplate":"https:\/\/antilda.com\/?s={search_term_string}"},"query-input":{"@type":"PropertyValueSpecification","valueRequired":true,"valueName":"search_term_string"}}],"inLanguage":"en-GB"},{"@type":"Organization","@id":"https:\/\/antilda.com\/#organization","name":"antilda.com","url":"https:\/\/antilda.com\/","logo":{"@type":"ImageObject","inLanguage":"en-GB","@id":"https:\/\/antilda.com\/#\/schema\/logo\/image\/","url":"https:\/\/antilda.com\/wp-content\/uploads\/2022\/09\/logo-3.png","contentUrl":"https:\/\/antilda.com\/wp-content\/uploads\/2022\/09\/logo-3.png","width":1611,"height":497,"caption":"antilda.com"},"image":{"@id":"https:\/\/antilda.com\/#\/schema\/logo\/image\/"},"sameAs":["https:\/\/www.facebook.com\/ikeaantilopantilda","https:\/\/www.instagram.com\/antilda_accessories\/"]}]}},"_links":{"self":[{"href":"https:\/\/antilda.com\/eng\/wp-json\/wp\/v2\/product\/13957","targetHints":{"allow":["GET"]}}],"collection":[{"href":"https:\/\/antilda.com\/eng\/wp-json\/wp\/v2\/product"}],"about":[{"href":"https:\/\/antilda.com\/eng\/wp-json\/wp\/v2\/types\/product"}],"replies":[{"embeddable":true,"href":"https:\/\/antilda.com\/eng\/wp-json\/wp\/v2\/comments?post=13957"}],"wp:featuredmedia":[{"embeddable":true,"href":"https:\/\/antilda.com\/eng\/wp-json\/wp\/v2\/media\/17990"}],"wp:attachment":[{"href":"https:\/\/antilda.com\/eng\/wp-json\/wp\/v2\/media?parent=13957"}],"wp:term":[{"taxonomy":"product_brand","embeddable":true,"href":"https:\/\/antilda.com\/eng\/wp-json\/wp\/v2\/product_brand?post=13957"},{"taxonomy":"product_cat","embeddable":true,"href":"https:\/\/antilda.com\/eng\/wp-json\/wp\/v2\/product_cat?post=13957"},{"taxonomy":"product_tag","embeddable":true,"href":"https:\/\/antilda.com\/eng\/wp-json\/wp\/v2\/product_tag?post=13957"}],"curies":[{"name":"wp","href":"https:\/\/api.w.org\/{rel}","templated":true}]}}