{"id":14046,"date":"2022-07-30T18:55:16","date_gmt":"2022-07-30T16:55:16","guid":{"rendered":"http:\/\/antilda.com\/produkt\/poduszka-wzor-flora\/"},"modified":"2026-03-23T20:56:54","modified_gmt":"2026-03-23T19:56:54","slug":"poduszka-ikea-antilop-flora","status":"publish","type":"product","link":"https:\/\/antilda.com\/eng\/poduszka-ikea-antilop-flora\/","title":{"rendered":"IKEA Antilop cushion - Flora design"},"content":{"rendered":"<p style=\"text-align: left;\">IKEA Antilop chair cushion<\/p>\n<p><strong>AGE:\u00a0<\/strong>We recommend the product for<strong> elderly, stably seated<\/strong> children from around 10 months<\/p>\n<ul>\n<li style=\"text-align: left;\">The filling of the covers is a soft and flexible foam that adapts to the child's body.<br \/>\nIt is possible to remove all the foam elements and freely wash the cover itself<\/li>\n<li style=\"text-align: left;\">The cushion fills the seat of the chair to a lesser extent compared to the IKEA inflatable cushion with our cover.<\/li>\n<\/ul>\n<p style=\"text-align: left;\"><strong>MATERIAL:<\/strong> 100% polyester<br \/>\n<strong style=\"color: var(--rz-text-color); font-family: var(--rz-font-family-primary);\">COMPLIANCE:<\/strong><span style=\"color: var(--rz-text-color); font-family: var(--rz-font-family-primary);\">\u00a0certified elastic foam<\/span><\/p>\n<p>details \u2193<\/p>","protected":false},"excerpt":{"rendered":"<h5><span style=\"color: #c1af9d;\"><strong>IKEA chair cushion<br \/>\n<span style=\"font-size: 12pt;\">(with soft foam filling)<\/span><\/strong><\/span><\/h5>\n<p style=\"padding-left: 40px;\">Product for older children<br \/>\n<span style=\"color: var(--rz-text-color); font-family: var(--rz-font-family-primary);\">Soft foam adapts to the child's body<br \/>\n<\/span><span style=\"color: var(--rz-text-color); font-family: var(--rz-font-family-primary);\">Supports correct sitting posture during meals<br \/>\n<\/span><span style=\"color: var(--rz-text-color); font-family: var(--rz-font-family-primary);\">Provides soft repose and comfort<br \/>\n<\/span><span style=\"color: var(--rz-text-color); font-family: var(--rz-font-family-primary);\">The product already contains the filling<\/span><\/p>","protected":false},"featured_media":13534,"comment_status":"closed","ping_status":"closed","template":"","meta":{"_acf_changed":false},"product_brand":[],"product_cat":[152,114],"product_tag":[],"class_list":{"0":"post-14046","1":"product","2":"type-product","3":"status-publish","4":"has-post-thumbnail","6":"product_cat-poduszki-pokrowce-ikea-antilop","7":"product_cat-poduszki-do-ikea-antilop","9":"first","10":"outofstock","11":"taxable","12":"shipping-taxable","13":"purchasable","14":"product-type-simple"},"acf":[],"yoast_head":"<!-- This site is optimized with the Yoast SEO plugin v26.3 - https:\/\/yoast.com\/wordpress\/plugins\/seo\/ -->\n<title>Poduszka IKEA Antilop - Flora - Sklep antilda.com<\/title>\n<meta name=\"description\" content=\"Twoje krzese\u0142ko do karmienia wraz z dodatkowym pokrowcem poprawi komfort dziecka podczas jedzenia, a tak\u017ce ucieszy Wasze oczy swoim stylowym wygl\u0105dem i u\u0142atwi p\u00f3\u017aniejsze sprz\u0105tanie.\" \/>\n<meta name=\"robots\" content=\"index, follow, max-snippet:-1, max-image-preview:large, max-video-preview:-1\" \/>\n<link rel=\"canonical\" href=\"https:\/\/antilda.com\/eng\/?attachment_id=13534\/&wmc-currency=EUR\" \/>\n<meta property=\"og:locale\" content=\"en_GB\" \/>\n<meta property=\"og:type\" content=\"article\" \/>\n<meta property=\"og:title\" content=\"Poduszka IKEA Antilop - Flora - Sklep antilda.com\" \/>\n<meta property=\"og:description\" content=\"Twoje krzese\u0142ko do karmienia wraz z dodatkowym pokrowcem poprawi komfort dziecka podczas jedzenia, a tak\u017ce ucieszy Wasze oczy swoim stylowym wygl\u0105dem i u\u0142atwi p\u00f3\u017aniejsze sprz\u0105tanie.\" \/>\n<meta property=\"og:url\" content=\"https:\/\/antilda.com\/eng\/?attachment_id=13534\/&amp;wmc-currency=EUR\" \/>\n<meta property=\"og:site_name\" content=\"antilda.com\" \/>\n<meta property=\"article:publisher\" content=\"https:\/\/www.facebook.com\/ikeaantilopantilda\" \/>\n<meta property=\"article:modified_time\" content=\"2026-03-23T19:56:54+00:00\" \/>\n<meta property=\"og:image\" content=\"https:\/\/antilda.com\/wp-content\/uploads\/2022\/07\/poduszka-ikea-antilop-flora.jpg\" \/>\n\t<meta property=\"og:image:width\" content=\"1469\" \/>\n\t<meta property=\"og:image:height\" content=\"2100\" \/>\n\t<meta property=\"og:image:type\" content=\"image\/jpeg\" \/>\n<meta name=\"twitter:card\" content=\"summary_large_image\" \/>\n<meta name=\"twitter:label1\" content=\"Estimated reading time\" \/>\n\t<meta name=\"twitter:data1\" content=\"1 minute\" \/>\n<script type=\"application\/ld+json\" class=\"yoast-schema-graph\">{\"@context\":\"https:\/\/schema.org\",\"@graph\":[{\"@type\":\"WebPage\",\"@id\":\"https:\/\/antilda.com\/poduszka-ikea-antilop-flora\/\",\"url\":\"https:\/\/antilda.com\/poduszka-ikea-antilop-flora\/\",\"name\":\"Poduszka IKEA Antilop - Flora - Sklep antilda.com\",\"isPartOf\":{\"@id\":\"https:\/\/antilda.com\/#website\"},\"primaryImageOfPage\":{\"@id\":\"https:\/\/antilda.com\/poduszka-ikea-antilop-flora\/#primaryimage\"},\"image\":{\"@id\":\"https:\/\/antilda.com\/poduszka-ikea-antilop-flora\/#primaryimage\"},\"thumbnailUrl\":\"https:\/\/antilda.com\/wp-content\/uploads\/2022\/07\/poduszka-ikea-antilop-flora.jpg\",\"datePublished\":\"2022-07-30T16:55:16+00:00\",\"dateModified\":\"2026-03-23T19:56:54+00:00\",\"description\":\"Twoje krzese\u0142ko do karmienia wraz z dodatkowym pokrowcem poprawi komfort dziecka podczas jedzenia, a tak\u017ce ucieszy Wasze oczy swoim stylowym wygl\u0105dem i u\u0142atwi p\u00f3\u017aniejsze sprz\u0105tanie.\",\"breadcrumb\":{\"@id\":\"https:\/\/antilda.com\/poduszka-ikea-antilop-flora\/#breadcrumb\"},\"inLanguage\":\"en-GB\",\"potentialAction\":[{\"@type\":\"ReadAction\",\"target\":[\"https:\/\/antilda.com\/poduszka-ikea-antilop-flora\/\"]}]},{\"@type\":\"ImageObject\",\"inLanguage\":\"en-GB\",\"@id\":\"https:\/\/antilda.com\/poduszka-ikea-antilop-flora\/#primaryimage\",\"url\":\"https:\/\/antilda.com\/wp-content\/uploads\/2022\/07\/poduszka-ikea-antilop-flora.jpg\",\"contentUrl\":\"https:\/\/antilda.com\/wp-content\/uploads\/2022\/07\/poduszka-ikea-antilop-flora.jpg\",\"width\":1469,\"height\":2100},{\"@type\":\"BreadcrumbList\",\"@id\":\"https:\/\/antilda.com\/poduszka-ikea-antilop-flora\/#breadcrumb\",\"itemListElement\":[{\"@type\":\"ListItem\",\"position\":1,\"name\":\"Strona g\u0142\u00f3wna\",\"item\":\"https:\/\/antilda.com\/\"},{\"@type\":\"ListItem\",\"position\":2,\"name\":\"Sklep\",\"item\":\"https:\/\/antilda.com\/sklep\/\"},{\"@type\":\"ListItem\",\"position\":3,\"name\":\"Poduszka IKEA Antilop &#8211; wz\u00f3r Flora\"}]},{\"@type\":\"WebSite\",\"@id\":\"https:\/\/antilda.com\/#website\",\"url\":\"https:\/\/antilda.com\/\",\"name\":\"antilda.com\",\"description\":\"Akcesesoria do krzese\u0142ka Ikea Antilop\",\"publisher\":{\"@id\":\"https:\/\/antilda.com\/#organization\"},\"potentialAction\":[{\"@type\":\"SearchAction\",\"target\":{\"@type\":\"EntryPoint\",\"urlTemplate\":\"https:\/\/antilda.com\/?s={search_term_string}\"},\"query-input\":{\"@type\":\"PropertyValueSpecification\",\"valueRequired\":true,\"valueName\":\"search_term_string\"}}],\"inLanguage\":\"en-GB\"},{\"@type\":\"Organization\",\"@id\":\"https:\/\/antilda.com\/#organization\",\"name\":\"antilda.com\",\"url\":\"https:\/\/antilda.com\/\",\"logo\":{\"@type\":\"ImageObject\",\"inLanguage\":\"en-GB\",\"@id\":\"https:\/\/antilda.com\/#\/schema\/logo\/image\/\",\"url\":\"https:\/\/antilda.com\/wp-content\/uploads\/2022\/09\/logo-3.png\",\"contentUrl\":\"https:\/\/antilda.com\/wp-content\/uploads\/2022\/09\/logo-3.png\",\"width\":1611,\"height\":497,\"caption\":\"antilda.com\"},\"image\":{\"@id\":\"https:\/\/antilda.com\/#\/schema\/logo\/image\/\"},\"sameAs\":[\"https:\/\/www.facebook.com\/ikeaantilopantilda\",\"https:\/\/www.instagram.com\/antilda_accessories\/\"]}]}<\/script>\n<!-- \/ Yoast SEO plugin. -->","yoast_head_json":{"title":"IKEA Antilop cushion - Flora - Shop antilda.com","description":"Your feeding chair together with the additional cover will improve your child's comfort while eating, as well as pleasing your eyes with its stylish design and making it easier to clean up afterwards.","robots":{"index":"index","follow":"follow","max-snippet":"max-snippet:-1","max-image-preview":"max-image-preview:large","max-video-preview":"max-video-preview:-1"},"canonical":"https:\/\/antilda.com\/eng\/?attachment_id=13534\/&wmc-currency=EUR","og_locale":"en_GB","og_type":"article","og_title":"Poduszka IKEA Antilop - Flora - Sklep antilda.com","og_description":"Twoje krzese\u0142ko do karmienia wraz z dodatkowym pokrowcem poprawi komfort dziecka podczas jedzenia, a tak\u017ce ucieszy Wasze oczy swoim stylowym wygl\u0105dem i u\u0142atwi p\u00f3\u017aniejsze sprz\u0105tanie.","og_url":"https:\/\/antilda.com\/eng\/?attachment_id=13534\/&wmc-currency=EUR","og_site_name":"antilda.com","article_publisher":"https:\/\/www.facebook.com\/ikeaantilopantilda","article_modified_time":"2026-03-23T19:56:54+00:00","og_image":[{"width":1469,"height":2100,"url":"https:\/\/antilda.com\/wp-content\/uploads\/2022\/07\/poduszka-ikea-antilop-flora.jpg","type":"image\/jpeg"}],"twitter_card":"summary_large_image","twitter_misc":{"Estimated reading time":"1 minute"},"schema":{"@context":"https:\/\/schema.org","@graph":[{"@type":"WebPage","@id":"https:\/\/antilda.com\/poduszka-ikea-antilop-flora\/","url":"https:\/\/antilda.com\/poduszka-ikea-antilop-flora\/","name":"IKEA Antilop cushion - Flora - Shop antilda.com","isPartOf":{"@id":"https:\/\/antilda.com\/#website"},"primaryImageOfPage":{"@id":"https:\/\/antilda.com\/poduszka-ikea-antilop-flora\/#primaryimage"},"image":{"@id":"https:\/\/antilda.com\/poduszka-ikea-antilop-flora\/#primaryimage"},"thumbnailUrl":"https:\/\/antilda.com\/wp-content\/uploads\/2022\/07\/poduszka-ikea-antilop-flora.jpg","datePublished":"2022-07-30T16:55:16+00:00","dateModified":"2026-03-23T19:56:54+00:00","description":"Your feeding chair together with the additional cover will improve your child's comfort while eating, as well as pleasing your eyes with its stylish design and making it easier to clean up afterwards.","breadcrumb":{"@id":"https:\/\/antilda.com\/poduszka-ikea-antilop-flora\/#breadcrumb"},"inLanguage":"en-GB","potentialAction":[{"@type":"ReadAction","target":["https:\/\/antilda.com\/poduszka-ikea-antilop-flora\/"]}]},{"@type":"ImageObject","inLanguage":"en-GB","@id":"https:\/\/antilda.com\/poduszka-ikea-antilop-flora\/#primaryimage","url":"https:\/\/antilda.com\/wp-content\/uploads\/2022\/07\/poduszka-ikea-antilop-flora.jpg","contentUrl":"https:\/\/antilda.com\/wp-content\/uploads\/2022\/07\/poduszka-ikea-antilop-flora.jpg","width":1469,"height":2100},{"@type":"BreadcrumbList","@id":"https:\/\/antilda.com\/poduszka-ikea-antilop-flora\/#breadcrumb","itemListElement":[{"@type":"ListItem","position":1,"name":"Strona g\u0142\u00f3wna","item":"https:\/\/antilda.com\/"},{"@type":"ListItem","position":2,"name":"Sklep","item":"https:\/\/antilda.com\/sklep\/"},{"@type":"ListItem","position":3,"name":"Poduszka IKEA Antilop &#8211; wz\u00f3r Flora"}]},{"@type":"WebSite","@id":"https:\/\/antilda.com\/#website","url":"https:\/\/antilda.com\/","name":"antilda.com","description":"Accessories for Ikea Antilop highchair","publisher":{"@id":"https:\/\/antilda.com\/#organization"},"potentialAction":[{"@type":"SearchAction","target":{"@type":"EntryPoint","urlTemplate":"https:\/\/antilda.com\/?s={search_term_string}"},"query-input":{"@type":"PropertyValueSpecification","valueRequired":true,"valueName":"search_term_string"}}],"inLanguage":"en-GB"},{"@type":"Organization","@id":"https:\/\/antilda.com\/#organization","name":"antilda.com","url":"https:\/\/antilda.com\/","logo":{"@type":"ImageObject","inLanguage":"en-GB","@id":"https:\/\/antilda.com\/#\/schema\/logo\/image\/","url":"https:\/\/antilda.com\/wp-content\/uploads\/2022\/09\/logo-3.png","contentUrl":"https:\/\/antilda.com\/wp-content\/uploads\/2022\/09\/logo-3.png","width":1611,"height":497,"caption":"antilda.com"},"image":{"@id":"https:\/\/antilda.com\/#\/schema\/logo\/image\/"},"sameAs":["https:\/\/www.facebook.com\/ikeaantilopantilda","https:\/\/www.instagram.com\/antilda_accessories\/"]}]}},"_links":{"self":[{"href":"https:\/\/antilda.com\/eng\/wp-json\/wp\/v2\/product\/14046","targetHints":{"allow":["GET"]}}],"collection":[{"href":"https:\/\/antilda.com\/eng\/wp-json\/wp\/v2\/product"}],"about":[{"href":"https:\/\/antilda.com\/eng\/wp-json\/wp\/v2\/types\/product"}],"replies":[{"embeddable":true,"href":"https:\/\/antilda.com\/eng\/wp-json\/wp\/v2\/comments?post=14046"}],"wp:featuredmedia":[{"embeddable":true,"href":"https:\/\/antilda.com\/eng\/wp-json\/wp\/v2\/media\/13534"}],"wp:attachment":[{"href":"https:\/\/antilda.com\/eng\/wp-json\/wp\/v2\/media?parent=14046"}],"wp:term":[{"taxonomy":"product_brand","embeddable":true,"href":"https:\/\/antilda.com\/eng\/wp-json\/wp\/v2\/product_brand?post=14046"},{"taxonomy":"product_cat","embeddable":true,"href":"https:\/\/antilda.com\/eng\/wp-json\/wp\/v2\/product_cat?post=14046"},{"taxonomy":"product_tag","embeddable":true,"href":"https:\/\/antilda.com\/eng\/wp-json\/wp\/v2\/product_tag?post=14046"}],"curies":[{"name":"wp","href":"https:\/\/api.w.org\/{rel}","templated":true}]}}