{"id":18773,"date":"2023-03-20T12:46:42","date_gmt":"2023-03-20T11:46:42","guid":{"rendered":"https:\/\/antilda.com\/?post_type=product&#038;p=18773"},"modified":"2026-05-05T10:00:01","modified_gmt":"2026-05-05T08:00:01","slug":"okleina-do-nozek-ikea-antilop-jesion-ciemny","status":"publish","type":"product","link":"https:\/\/antilda.com\/eng\/okleina-do-nozek-ikea-antilop-jesion-ciemny\/","title":{"rendered":"IKEA Antilop leg veneer - ash dark"},"content":{"rendered":"<p style=\"text-align: left;\"><strong>PRODUCT INFORMATION:<\/strong>\u00a0Kit\u00a0<a href=\"https:\/\/antilda.pl\/kategoria\/okleina-do-nozek\">veneers for the feet<\/a> chairs.<br \/>\nPack contains six pieces of pre-cut strips of self-adhesive film<br \/>\n(two additional belts are spares in case of need for replacement)<\/p>\n<p style=\"text-align: left;\"><strong>COLOUR:<\/strong>\u00a0dark ash<\/p>\n<p style=\"text-align: left;\">Example <span style=\"color: #c1af9d;\"><a style=\"color: #c1af9d;\" href=\"https:\/\/antilda.pl\/strona\/oklejanie-nozek\"><strong>installation of the veneer<\/strong> <\/a><\/span>on chair legs can be found on a separate tab<\/p>\n<p style=\"text-align: left;\">The wrap is washable with domestic cleaning products, e.g. washing-up liquid or soap. It is possible to remove it. <a href=\"https:\/\/antilda.pl\/kategoria\/okleina-do-nozek\">veneers<\/a> (To make it easier, you can first lightly peel off a piece of veneer along the length of the leg and then pull it off in the opposite direction). The product is not a toy for children.<br \/>\nIt provides a decorative element.<\/p>\n<p><span style=\"font-size: 10pt;\">The colours of wood of the same species will vary, and the fit of the footstool with the veneer will be different for each piece of footstool<br \/>\n<\/span><span style=\"font-size: 10pt;\">We strive for the best possible combination, but due to the completely different raw material of the footstools and veneer, the colour of the set will be different.<br \/>\nExamples of wood shade combinations can be found in the additional product photos.<\/span><\/p>\n<p>additional information \u2193<\/p>","protected":false},"excerpt":{"rendered":"<h5><\/h5>\n<h5><span style=\"font-size: 14pt; color: #c1af9d;\"><strong><span style=\"font-family: verdana, geneva, sans-serif;\"><a href=\"https:\/\/antilda.pl\/kategoria\/okleina-do-nozek\"><span style=\"font-size: 18pt; color: #c1af9d;\">C<span style=\"color: #c1af9d;\">hair legs wrap<\/span><\/span><\/a><br \/>\n<span style=\"color: #c1af9d;\"><span style=\"font-size: 14pt; font-family: verdana, geneva, sans-serif;\">(IKEA Antilop chairs)<\/span><\/span><\/span><\/strong><\/span><\/h5>\n<p style=\"padding-left: 40px;\">Set of 6 veneer strips<br \/>\nTwo additional straps are spare<br \/>\nIt is possible to remove the veneer and change the<br \/>\nFitted to our footstools<br \/>\nEasy installation<\/p>","protected":false},"featured_media":23629,"comment_status":"closed","ping_status":"closed","template":"","meta":{"_acf_changed":false},"product_brand":[],"product_cat":[112],"product_tag":[],"class_list":{"0":"post-18773","1":"product","2":"type-product","3":"status-publish","4":"has-post-thumbnail","6":"product_cat-metamorfoza-ikea-antilop-okleiny-na-nozki-antilda","8":"first","9":"instock","10":"taxable","11":"shipping-taxable","12":"purchasable","13":"product-type-simple"},"acf":[],"yoast_head":"<!-- This site is optimized with the Yoast SEO plugin v26.3 - https:\/\/yoast.com\/wordpress\/plugins\/seo\/ -->\n<title>Okleina do n\u00f3\u017cek IKEA Antilop - jesion ciemna - Sklep antilda.com<\/title>\n<meta name=\"description\" content=\"Twoje krzese\u0142ko do karmienia IKEA Antilop inne ni\u017c wszystkie. Dzi\u0119ki naszym akcesoriom mo\u017cesz rozbudowa\u0107 jego wygl\u0105d i rozpocz\u0105\u0107 rozszerzanie diety dziecka w pi\u0119knym stylu.\" \/>\n<meta name=\"robots\" content=\"index, follow, max-snippet:-1, max-image-preview:large, max-video-preview:-1\" \/>\n<link rel=\"canonical\" href=\"https:\/\/antilda.com\/eng\/okleina-do-nozek-ikea-antilop-jesion-ciemny\/?wmc-currency=EUR\" \/>\n<meta property=\"og:locale\" content=\"en_GB\" \/>\n<meta property=\"og:type\" content=\"article\" \/>\n<meta property=\"og:title\" content=\"Okleina do n\u00f3\u017cek IKEA Antilop - jesion ciemna - Sklep antilda.com\" \/>\n<meta property=\"og:description\" content=\"Twoje krzese\u0142ko do karmienia IKEA Antilop inne ni\u017c wszystkie. Dzi\u0119ki naszym akcesoriom mo\u017cesz rozbudowa\u0107 jego wygl\u0105d i rozpocz\u0105\u0107 rozszerzanie diety dziecka w pi\u0119knym stylu.\" \/>\n<meta property=\"og:url\" content=\"https:\/\/antilda.com\/eng\/okleina-do-nozek-ikea-antilop-jesion-ciemny\/?wmc-currency=EUR\" \/>\n<meta property=\"og:site_name\" content=\"antilda.com\" \/>\n<meta property=\"article:publisher\" content=\"https:\/\/www.facebook.com\/ikeaantilopantilda\" \/>\n<meta property=\"article:modified_time\" content=\"2026-05-05T08:00:01+00:00\" \/>\n<meta property=\"og:image\" content=\"https:\/\/antilda.com\/wp-content\/uploads\/2023\/12\/okleina-do-nozek-krzeselka-ikea-antilop-jesionowa-ciemna.jpg\" \/>\n\t<meta property=\"og:image:width\" content=\"1000\" \/>\n\t<meta property=\"og:image:height\" content=\"1333\" \/>\n\t<meta property=\"og:image:type\" content=\"image\/jpeg\" \/>\n<meta name=\"twitter:card\" content=\"summary_large_image\" \/>\n<meta name=\"twitter:label1\" content=\"Estimated reading time\" \/>\n\t<meta name=\"twitter:data1\" content=\"1 minute\" \/>\n<script type=\"application\/ld+json\" class=\"yoast-schema-graph\">{\"@context\":\"https:\/\/schema.org\",\"@graph\":[{\"@type\":\"WebPage\",\"@id\":\"https:\/\/antilda.com\/okleina-do-nozek-ikea-antilop-jesion-ciemny\/\",\"url\":\"https:\/\/antilda.com\/okleina-do-nozek-ikea-antilop-jesion-ciemny\/\",\"name\":\"Okleina do n\u00f3\u017cek IKEA Antilop - jesion ciemna - Sklep antilda.com\",\"isPartOf\":{\"@id\":\"https:\/\/antilda.com\/#website\"},\"primaryImageOfPage\":{\"@id\":\"https:\/\/antilda.com\/okleina-do-nozek-ikea-antilop-jesion-ciemny\/#primaryimage\"},\"image\":{\"@id\":\"https:\/\/antilda.com\/okleina-do-nozek-ikea-antilop-jesion-ciemny\/#primaryimage\"},\"thumbnailUrl\":\"https:\/\/antilda.com\/wp-content\/uploads\/2023\/12\/okleina-do-nozek-krzeselka-ikea-antilop-jesionowa-ciemna.jpg\",\"datePublished\":\"2023-03-20T11:46:42+00:00\",\"dateModified\":\"2026-05-05T08:00:01+00:00\",\"description\":\"Twoje krzese\u0142ko do karmienia IKEA Antilop inne ni\u017c wszystkie. Dzi\u0119ki naszym akcesoriom mo\u017cesz rozbudowa\u0107 jego wygl\u0105d i rozpocz\u0105\u0107 rozszerzanie diety dziecka w pi\u0119knym stylu.\",\"breadcrumb\":{\"@id\":\"https:\/\/antilda.com\/okleina-do-nozek-ikea-antilop-jesion-ciemny\/#breadcrumb\"},\"inLanguage\":\"en-GB\",\"potentialAction\":[{\"@type\":\"ReadAction\",\"target\":[\"https:\/\/antilda.com\/okleina-do-nozek-ikea-antilop-jesion-ciemny\/\"]}]},{\"@type\":\"ImageObject\",\"inLanguage\":\"en-GB\",\"@id\":\"https:\/\/antilda.com\/okleina-do-nozek-ikea-antilop-jesion-ciemny\/#primaryimage\",\"url\":\"https:\/\/antilda.com\/wp-content\/uploads\/2023\/12\/okleina-do-nozek-krzeselka-ikea-antilop-jesionowa-ciemna.jpg\",\"contentUrl\":\"https:\/\/antilda.com\/wp-content\/uploads\/2023\/12\/okleina-do-nozek-krzeselka-ikea-antilop-jesionowa-ciemna.jpg\",\"width\":1000,\"height\":1333},{\"@type\":\"BreadcrumbList\",\"@id\":\"https:\/\/antilda.com\/okleina-do-nozek-ikea-antilop-jesion-ciemny\/#breadcrumb\",\"itemListElement\":[{\"@type\":\"ListItem\",\"position\":1,\"name\":\"Strona g\u0142\u00f3wna\",\"item\":\"https:\/\/antilda.com\/\"},{\"@type\":\"ListItem\",\"position\":2,\"name\":\"Sklep\",\"item\":\"https:\/\/antilda.com\/sklep\/\"},{\"@type\":\"ListItem\",\"position\":3,\"name\":\"Okleina do n\u00f3\u017cek IKEA Antilop &#8211; jesionowa ciemna\"}]},{\"@type\":\"WebSite\",\"@id\":\"https:\/\/antilda.com\/#website\",\"url\":\"https:\/\/antilda.com\/\",\"name\":\"antilda.com\",\"description\":\"Akcesesoria do krzese\u0142ka Ikea Antilop\",\"publisher\":{\"@id\":\"https:\/\/antilda.com\/#organization\"},\"potentialAction\":[{\"@type\":\"SearchAction\",\"target\":{\"@type\":\"EntryPoint\",\"urlTemplate\":\"https:\/\/antilda.com\/?s={search_term_string}\"},\"query-input\":{\"@type\":\"PropertyValueSpecification\",\"valueRequired\":true,\"valueName\":\"search_term_string\"}}],\"inLanguage\":\"en-GB\"},{\"@type\":\"Organization\",\"@id\":\"https:\/\/antilda.com\/#organization\",\"name\":\"antilda.com\",\"url\":\"https:\/\/antilda.com\/\",\"logo\":{\"@type\":\"ImageObject\",\"inLanguage\":\"en-GB\",\"@id\":\"https:\/\/antilda.com\/#\/schema\/logo\/image\/\",\"url\":\"https:\/\/antilda.com\/wp-content\/uploads\/2022\/09\/logo-3.png\",\"contentUrl\":\"https:\/\/antilda.com\/wp-content\/uploads\/2022\/09\/logo-3.png\",\"width\":1611,\"height\":497,\"caption\":\"antilda.com\"},\"image\":{\"@id\":\"https:\/\/antilda.com\/#\/schema\/logo\/image\/\"},\"sameAs\":[\"https:\/\/www.facebook.com\/ikeaantilopantilda\",\"https:\/\/www.instagram.com\/antilda_accessories\/\"]}]}<\/script>\n<!-- \/ Yoast SEO plugin. -->","yoast_head_json":{"title":"IKEA Antilop leg veneer - dark ash - Shop antilda.com","description":"Your IKEA Antilop feeding chair different from the rest. With our accessories, you can expand its look and start expanding your baby's diet in beautiful style.","robots":{"index":"index","follow":"follow","max-snippet":"max-snippet:-1","max-image-preview":"max-image-preview:large","max-video-preview":"max-video-preview:-1"},"canonical":"https:\/\/antilda.com\/eng\/okleina-do-nozek-ikea-antilop-jesion-ciemny\/?wmc-currency=EUR","og_locale":"en_GB","og_type":"article","og_title":"Okleina do n\u00f3\u017cek IKEA Antilop - jesion ciemna - Sklep antilda.com","og_description":"Twoje krzese\u0142ko do karmienia IKEA Antilop inne ni\u017c wszystkie. Dzi\u0119ki naszym akcesoriom mo\u017cesz rozbudowa\u0107 jego wygl\u0105d i rozpocz\u0105\u0107 rozszerzanie diety dziecka w pi\u0119knym stylu.","og_url":"https:\/\/antilda.com\/eng\/okleina-do-nozek-ikea-antilop-jesion-ciemny\/?wmc-currency=EUR","og_site_name":"antilda.com","article_publisher":"https:\/\/www.facebook.com\/ikeaantilopantilda","article_modified_time":"2026-05-05T08:00:01+00:00","og_image":[{"width":1000,"height":1333,"url":"https:\/\/antilda.com\/wp-content\/uploads\/2023\/12\/okleina-do-nozek-krzeselka-ikea-antilop-jesionowa-ciemna.jpg","type":"image\/jpeg"}],"twitter_card":"summary_large_image","twitter_misc":{"Estimated reading time":"1 minute"},"schema":{"@context":"https:\/\/schema.org","@graph":[{"@type":"WebPage","@id":"https:\/\/antilda.com\/okleina-do-nozek-ikea-antilop-jesion-ciemny\/","url":"https:\/\/antilda.com\/okleina-do-nozek-ikea-antilop-jesion-ciemny\/","name":"IKEA Antilop leg veneer - dark ash - Shop antilda.com","isPartOf":{"@id":"https:\/\/antilda.com\/#website"},"primaryImageOfPage":{"@id":"https:\/\/antilda.com\/okleina-do-nozek-ikea-antilop-jesion-ciemny\/#primaryimage"},"image":{"@id":"https:\/\/antilda.com\/okleina-do-nozek-ikea-antilop-jesion-ciemny\/#primaryimage"},"thumbnailUrl":"https:\/\/antilda.com\/wp-content\/uploads\/2023\/12\/okleina-do-nozek-krzeselka-ikea-antilop-jesionowa-ciemna.jpg","datePublished":"2023-03-20T11:46:42+00:00","dateModified":"2026-05-05T08:00:01+00:00","description":"Your IKEA Antilop feeding chair different from the rest. With our accessories, you can expand its look and start expanding your baby's diet in beautiful style.","breadcrumb":{"@id":"https:\/\/antilda.com\/okleina-do-nozek-ikea-antilop-jesion-ciemny\/#breadcrumb"},"inLanguage":"en-GB","potentialAction":[{"@type":"ReadAction","target":["https:\/\/antilda.com\/okleina-do-nozek-ikea-antilop-jesion-ciemny\/"]}]},{"@type":"ImageObject","inLanguage":"en-GB","@id":"https:\/\/antilda.com\/okleina-do-nozek-ikea-antilop-jesion-ciemny\/#primaryimage","url":"https:\/\/antilda.com\/wp-content\/uploads\/2023\/12\/okleina-do-nozek-krzeselka-ikea-antilop-jesionowa-ciemna.jpg","contentUrl":"https:\/\/antilda.com\/wp-content\/uploads\/2023\/12\/okleina-do-nozek-krzeselka-ikea-antilop-jesionowa-ciemna.jpg","width":1000,"height":1333},{"@type":"BreadcrumbList","@id":"https:\/\/antilda.com\/okleina-do-nozek-ikea-antilop-jesion-ciemny\/#breadcrumb","itemListElement":[{"@type":"ListItem","position":1,"name":"Strona g\u0142\u00f3wna","item":"https:\/\/antilda.com\/"},{"@type":"ListItem","position":2,"name":"Sklep","item":"https:\/\/antilda.com\/sklep\/"},{"@type":"ListItem","position":3,"name":"Okleina do n\u00f3\u017cek IKEA Antilop &#8211; jesionowa ciemna"}]},{"@type":"WebSite","@id":"https:\/\/antilda.com\/#website","url":"https:\/\/antilda.com\/","name":"antilda.com","description":"Accessories for Ikea Antilop highchair","publisher":{"@id":"https:\/\/antilda.com\/#organization"},"potentialAction":[{"@type":"SearchAction","target":{"@type":"EntryPoint","urlTemplate":"https:\/\/antilda.com\/?s={search_term_string}"},"query-input":{"@type":"PropertyValueSpecification","valueRequired":true,"valueName":"search_term_string"}}],"inLanguage":"en-GB"},{"@type":"Organization","@id":"https:\/\/antilda.com\/#organization","name":"antilda.com","url":"https:\/\/antilda.com\/","logo":{"@type":"ImageObject","inLanguage":"en-GB","@id":"https:\/\/antilda.com\/#\/schema\/logo\/image\/","url":"https:\/\/antilda.com\/wp-content\/uploads\/2022\/09\/logo-3.png","contentUrl":"https:\/\/antilda.com\/wp-content\/uploads\/2022\/09\/logo-3.png","width":1611,"height":497,"caption":"antilda.com"},"image":{"@id":"https:\/\/antilda.com\/#\/schema\/logo\/image\/"},"sameAs":["https:\/\/www.facebook.com\/ikeaantilopantilda","https:\/\/www.instagram.com\/antilda_accessories\/"]}]}},"_links":{"self":[{"href":"https:\/\/antilda.com\/eng\/wp-json\/wp\/v2\/product\/18773","targetHints":{"allow":["GET"]}}],"collection":[{"href":"https:\/\/antilda.com\/eng\/wp-json\/wp\/v2\/product"}],"about":[{"href":"https:\/\/antilda.com\/eng\/wp-json\/wp\/v2\/types\/product"}],"replies":[{"embeddable":true,"href":"https:\/\/antilda.com\/eng\/wp-json\/wp\/v2\/comments?post=18773"}],"wp:featuredmedia":[{"embeddable":true,"href":"https:\/\/antilda.com\/eng\/wp-json\/wp\/v2\/media\/23629"}],"wp:attachment":[{"href":"https:\/\/antilda.com\/eng\/wp-json\/wp\/v2\/media?parent=18773"}],"wp:term":[{"taxonomy":"product_brand","embeddable":true,"href":"https:\/\/antilda.com\/eng\/wp-json\/wp\/v2\/product_brand?post=18773"},{"taxonomy":"product_cat","embeddable":true,"href":"https:\/\/antilda.com\/eng\/wp-json\/wp\/v2\/product_cat?post=18773"},{"taxonomy":"product_tag","embeddable":true,"href":"https:\/\/antilda.com\/eng\/wp-json\/wp\/v2\/product_tag?post=18773"}],"curies":[{"name":"wp","href":"https:\/\/api.w.org\/{rel}","templated":true}]}}