{"id":25631,"date":"2024-05-10T16:50:09","date_gmt":"2024-05-10T14:50:09","guid":{"rendered":"https:\/\/antilda.com\/?post_type=product&#038;p=25631"},"modified":"2026-05-12T06:02:41","modified_gmt":"2026-05-12T04:02:41","slug":"smycz-uniwersalna-do-krzeselka-kolor-czarny","status":"publish","type":"product","link":"https:\/\/antilda.com\/eng\/smycz-uniwersalna-do-krzeselka-kolor-czarny\/","title":{"rendered":"Universal lanyard for chair - colour Black"},"content":{"rendered":"<p style=\"text-align: left;\"><span style=\"font-size: 12pt;\"><strong>PRODUCT INFORMATION:<\/strong> Universal lanyard<br \/>\nAllows items to be attached to the highchair to prevent them falling to the ground<br \/>\nThe lanyard has the option of being fastened in many different variations and lengths with snaps.<\/span><\/p>\n<ul>\n<li><b><span style=\"font-size: medium;\">universal and <\/span>multifunctional<span style=\"font-size: medium;\">\u00a0<\/span><\/b><\/li>\n<li><span style=\"font-size: 12pt;\"><b>large <\/b>range of adjustment of fasteners with snaps<\/span><\/li>\n<li><span style=\"font-size: 12pt;\"><b>simple and quick<\/b> attachment to pushchair, highchair and feeding chair<\/span><\/li>\n<li>easy-to-clean material<\/li>\n<\/ul>\n<p style=\"text-align: left;\"><span style=\"font-size: 12pt;\"><strong><br \/>\nMATERIAL<\/strong>: 100% polyester with TPU membrane<br \/>\n<\/span><\/p>\n<p style=\"text-align: left;\"><span style=\"font-size: 12pt;\">Do not spin dry, do not tumble dry. Do not dry clean.<br \/>\nWe suggest that greasy stains should be pre-washed with a soap solution before washing the lanyard in the washing machine .<br \/>\nThe product is not a toy for children.<\/span><\/p>\n<p>Manufactured in Poland<\/p>\n<p><b>Do not allow the product to be played with. It is not a toy.<br \/>\nMay only be used under full adult supervision\u00a0<\/b><\/p>\n<p><strong>NOTES:\u00a0<\/strong> Before each use, check the condition of the product. Discard if there are any signs of damage or weakening of the material. <span style=\"font-family: var(--rz-font-family-primary);\">Do not attach the leash directly to the child's clothing as a <\/span>pin<span style=\"font-family: var(--rz-font-family-primary);\"> to the soother. Do not hang it directly from the cot, playpen, etc., as this risks entangling the child.\u00a0<\/span><\/p>\n<p>&nbsp;<\/p>\n<p><span style=\"font-size: 12pt;\">additional information \u2193<\/span><\/p>","protected":false},"excerpt":{"rendered":"<p>PRODUCT INFORMATION: Universal leash Allows you to attach objects to the feeding chair preventing them from dropping to the ground The leash has a wide range of variations and lengths with snaps. universal and multifunctional wide range of fastening options with snaps simple and quick attachment to pushchair, highchair and feeding chair material easy to clean MATERIAL: [...]<\/p>","protected":false},"featured_media":25644,"comment_status":"open","ping_status":"closed","template":"","meta":{"_acf_changed":false},"product_brand":[],"product_cat":[154,139],"product_tag":[],"class_list":{"0":"post-25631","1":"product","2":"type-product","3":"status-publish","4":"has-post-thumbnail","6":"product_cat-smycze-torebki","7":"product_cat-akcesoria","9":"first","10":"instock","11":"taxable","12":"shipping-taxable","13":"purchasable","14":"product-type-simple"},"acf":[],"yoast_head":"<!-- This site is optimized with the Yoast SEO plugin v26.3 - https:\/\/yoast.com\/wordpress\/plugins\/seo\/ -->\n<title>Smycz Uniwersalna do krzese\u0142ka - kolor Czarny - antilda.com<\/title>\n<meta name=\"robots\" content=\"index, follow, max-snippet:-1, max-image-preview:large, max-video-preview:-1\" \/>\n<link rel=\"canonical\" href=\"https:\/\/antilda.com\/eng\/smycz-uniwersalna-do-krzeselka-kolor-czarny\/?wmc-currency=EUR\" \/>\n<meta property=\"og:locale\" content=\"en_GB\" \/>\n<meta property=\"og:type\" content=\"article\" \/>\n<meta property=\"og:title\" content=\"Smycz Uniwersalna do krzese\u0142ka - kolor Czarny - antilda.com\" \/>\n<meta property=\"og:description\" content=\"INFORMACJE O PRODUKCIE: Smycz uniwersalna Umo\u017cliwia przymocowanie przedmiot\u00f3w do krzese\u0142ka do karmienia zapobiegaj\u0105c zrzucaniu ich na ziemi\u0119 Smycz ma mo\u017cliwo\u015b\u0107 zapi\u0119cia jej wiele r\u00f3\u017cnych wariant\u00f3w i d\u0142ugo\u015bci za pomoc\u0105 zatrzask\u00f3w. uniwersalna i wielofunkcyjna\u00a0 du\u017cy zakres regulacji zapi\u0119\u0107 za pomoc\u0105 zatrzask\u00f3w prosty i szybki monta\u017c do w\u00f3zka, krzese\u0142ka do karmienia materia\u0142 \u0142atwy w utrzymaniu czystosci MATERIA\u0141: [&hellip;]\" \/>\n<meta property=\"og:url\" content=\"https:\/\/antilda.com\/eng\/smycz-uniwersalna-do-krzeselka-kolor-czarny\/?wmc-currency=EUR\" \/>\n<meta property=\"og:site_name\" content=\"antilda.com\" \/>\n<meta property=\"article:publisher\" content=\"https:\/\/www.facebook.com\/ikeaantilopantilda\" \/>\n<meta property=\"article:modified_time\" content=\"2026-05-12T04:02:41+00:00\" \/>\n<meta property=\"og:image\" content=\"https:\/\/antilda.com\/wp-content\/uploads\/2024\/05\/smycz-zawieszka-do-bidonu-smoczka-czarna.png\" \/>\n\t<meta property=\"og:image:width\" content=\"1575\" \/>\n\t<meta property=\"og:image:height\" content=\"2100\" \/>\n\t<meta property=\"og:image:type\" content=\"image\/png\" \/>\n<meta name=\"twitter:card\" content=\"summary_large_image\" \/>\n<meta name=\"twitter:label1\" content=\"Estimated reading time\" \/>\n\t<meta name=\"twitter:data1\" content=\"1 minute\" \/>\n<script type=\"application\/ld+json\" class=\"yoast-schema-graph\">{\"@context\":\"https:\/\/schema.org\",\"@graph\":[{\"@type\":\"WebPage\",\"@id\":\"https:\/\/antilda.com\/smycz-uniwersalna-do-krzeselka-kolor-czarny\/\",\"url\":\"https:\/\/antilda.com\/smycz-uniwersalna-do-krzeselka-kolor-czarny\/\",\"name\":\"Smycz Uniwersalna do krzese\u0142ka - kolor Czarny - antilda.com\",\"isPartOf\":{\"@id\":\"https:\/\/antilda.com\/#website\"},\"primaryImageOfPage\":{\"@id\":\"https:\/\/antilda.com\/smycz-uniwersalna-do-krzeselka-kolor-czarny\/#primaryimage\"},\"image\":{\"@id\":\"https:\/\/antilda.com\/smycz-uniwersalna-do-krzeselka-kolor-czarny\/#primaryimage\"},\"thumbnailUrl\":\"https:\/\/antilda.com\/wp-content\/uploads\/2024\/05\/smycz-zawieszka-do-bidonu-smoczka-czarna.png\",\"datePublished\":\"2024-05-10T14:50:09+00:00\",\"dateModified\":\"2026-05-12T04:02:41+00:00\",\"breadcrumb\":{\"@id\":\"https:\/\/antilda.com\/smycz-uniwersalna-do-krzeselka-kolor-czarny\/#breadcrumb\"},\"inLanguage\":\"en-GB\",\"potentialAction\":[{\"@type\":\"ReadAction\",\"target\":[\"https:\/\/antilda.com\/smycz-uniwersalna-do-krzeselka-kolor-czarny\/\"]}]},{\"@type\":\"ImageObject\",\"inLanguage\":\"en-GB\",\"@id\":\"https:\/\/antilda.com\/smycz-uniwersalna-do-krzeselka-kolor-czarny\/#primaryimage\",\"url\":\"https:\/\/antilda.com\/wp-content\/uploads\/2024\/05\/smycz-zawieszka-do-bidonu-smoczka-czarna.png\",\"contentUrl\":\"https:\/\/antilda.com\/wp-content\/uploads\/2024\/05\/smycz-zawieszka-do-bidonu-smoczka-czarna.png\",\"width\":1575,\"height\":2100},{\"@type\":\"BreadcrumbList\",\"@id\":\"https:\/\/antilda.com\/smycz-uniwersalna-do-krzeselka-kolor-czarny\/#breadcrumb\",\"itemListElement\":[{\"@type\":\"ListItem\",\"position\":1,\"name\":\"Strona g\u0142\u00f3wna\",\"item\":\"https:\/\/antilda.com\/\"},{\"@type\":\"ListItem\",\"position\":2,\"name\":\"Sklep\",\"item\":\"https:\/\/antilda.com\/sklep\/\"},{\"@type\":\"ListItem\",\"position\":3,\"name\":\"Smycz Uniwersalna do krzese\u0142ka &#8211; kolor Czarny\"}]},{\"@type\":\"WebSite\",\"@id\":\"https:\/\/antilda.com\/#website\",\"url\":\"https:\/\/antilda.com\/\",\"name\":\"antilda.com\",\"description\":\"Akcesesoria do krzese\u0142ka Ikea Antilop\",\"publisher\":{\"@id\":\"https:\/\/antilda.com\/#organization\"},\"potentialAction\":[{\"@type\":\"SearchAction\",\"target\":{\"@type\":\"EntryPoint\",\"urlTemplate\":\"https:\/\/antilda.com\/?s={search_term_string}\"},\"query-input\":{\"@type\":\"PropertyValueSpecification\",\"valueRequired\":true,\"valueName\":\"search_term_string\"}}],\"inLanguage\":\"en-GB\"},{\"@type\":\"Organization\",\"@id\":\"https:\/\/antilda.com\/#organization\",\"name\":\"antilda.com\",\"url\":\"https:\/\/antilda.com\/\",\"logo\":{\"@type\":\"ImageObject\",\"inLanguage\":\"en-GB\",\"@id\":\"https:\/\/antilda.com\/#\/schema\/logo\/image\/\",\"url\":\"https:\/\/antilda.com\/wp-content\/uploads\/2022\/09\/logo-3.png\",\"contentUrl\":\"https:\/\/antilda.com\/wp-content\/uploads\/2022\/09\/logo-3.png\",\"width\":1611,\"height\":497,\"caption\":\"antilda.com\"},\"image\":{\"@id\":\"https:\/\/antilda.com\/#\/schema\/logo\/image\/\"},\"sameAs\":[\"https:\/\/www.facebook.com\/ikeaantilopantilda\",\"https:\/\/www.instagram.com\/antilda_accessories\/\"]}]}<\/script>\n<!-- \/ Yoast SEO plugin. -->","yoast_head_json":{"title":"Universal lanyard for chair - colour Black - antilda.com","robots":{"index":"index","follow":"follow","max-snippet":"max-snippet:-1","max-image-preview":"max-image-preview:large","max-video-preview":"max-video-preview:-1"},"canonical":"https:\/\/antilda.com\/eng\/smycz-uniwersalna-do-krzeselka-kolor-czarny\/?wmc-currency=EUR","og_locale":"en_GB","og_type":"article","og_title":"Smycz Uniwersalna do krzese\u0142ka - kolor Czarny - antilda.com","og_description":"INFORMACJE O PRODUKCIE: Smycz uniwersalna Umo\u017cliwia przymocowanie przedmiot\u00f3w do krzese\u0142ka do karmienia zapobiegaj\u0105c zrzucaniu ich na ziemi\u0119 Smycz ma mo\u017cliwo\u015b\u0107 zapi\u0119cia jej wiele r\u00f3\u017cnych wariant\u00f3w i d\u0142ugo\u015bci za pomoc\u0105 zatrzask\u00f3w. uniwersalna i wielofunkcyjna\u00a0 du\u017cy zakres regulacji zapi\u0119\u0107 za pomoc\u0105 zatrzask\u00f3w prosty i szybki monta\u017c do w\u00f3zka, krzese\u0142ka do karmienia materia\u0142 \u0142atwy w utrzymaniu czystosci MATERIA\u0141: [&hellip;]","og_url":"https:\/\/antilda.com\/eng\/smycz-uniwersalna-do-krzeselka-kolor-czarny\/?wmc-currency=EUR","og_site_name":"antilda.com","article_publisher":"https:\/\/www.facebook.com\/ikeaantilopantilda","article_modified_time":"2026-05-12T04:02:41+00:00","og_image":[{"width":1575,"height":2100,"url":"https:\/\/antilda.com\/wp-content\/uploads\/2024\/05\/smycz-zawieszka-do-bidonu-smoczka-czarna.png","type":"image\/png"}],"twitter_card":"summary_large_image","twitter_misc":{"Estimated reading time":"1 minute"},"schema":{"@context":"https:\/\/schema.org","@graph":[{"@type":"WebPage","@id":"https:\/\/antilda.com\/smycz-uniwersalna-do-krzeselka-kolor-czarny\/","url":"https:\/\/antilda.com\/smycz-uniwersalna-do-krzeselka-kolor-czarny\/","name":"Universal lanyard for chair - colour Black - antilda.com","isPartOf":{"@id":"https:\/\/antilda.com\/#website"},"primaryImageOfPage":{"@id":"https:\/\/antilda.com\/smycz-uniwersalna-do-krzeselka-kolor-czarny\/#primaryimage"},"image":{"@id":"https:\/\/antilda.com\/smycz-uniwersalna-do-krzeselka-kolor-czarny\/#primaryimage"},"thumbnailUrl":"https:\/\/antilda.com\/wp-content\/uploads\/2024\/05\/smycz-zawieszka-do-bidonu-smoczka-czarna.png","datePublished":"2024-05-10T14:50:09+00:00","dateModified":"2026-05-12T04:02:41+00:00","breadcrumb":{"@id":"https:\/\/antilda.com\/smycz-uniwersalna-do-krzeselka-kolor-czarny\/#breadcrumb"},"inLanguage":"en-GB","potentialAction":[{"@type":"ReadAction","target":["https:\/\/antilda.com\/smycz-uniwersalna-do-krzeselka-kolor-czarny\/"]}]},{"@type":"ImageObject","inLanguage":"en-GB","@id":"https:\/\/antilda.com\/smycz-uniwersalna-do-krzeselka-kolor-czarny\/#primaryimage","url":"https:\/\/antilda.com\/wp-content\/uploads\/2024\/05\/smycz-zawieszka-do-bidonu-smoczka-czarna.png","contentUrl":"https:\/\/antilda.com\/wp-content\/uploads\/2024\/05\/smycz-zawieszka-do-bidonu-smoczka-czarna.png","width":1575,"height":2100},{"@type":"BreadcrumbList","@id":"https:\/\/antilda.com\/smycz-uniwersalna-do-krzeselka-kolor-czarny\/#breadcrumb","itemListElement":[{"@type":"ListItem","position":1,"name":"Strona g\u0142\u00f3wna","item":"https:\/\/antilda.com\/"},{"@type":"ListItem","position":2,"name":"Sklep","item":"https:\/\/antilda.com\/sklep\/"},{"@type":"ListItem","position":3,"name":"Smycz Uniwersalna do krzese\u0142ka &#8211; kolor Czarny"}]},{"@type":"WebSite","@id":"https:\/\/antilda.com\/#website","url":"https:\/\/antilda.com\/","name":"antilda.com","description":"Accessories for Ikea Antilop highchair","publisher":{"@id":"https:\/\/antilda.com\/#organization"},"potentialAction":[{"@type":"SearchAction","target":{"@type":"EntryPoint","urlTemplate":"https:\/\/antilda.com\/?s={search_term_string}"},"query-input":{"@type":"PropertyValueSpecification","valueRequired":true,"valueName":"search_term_string"}}],"inLanguage":"en-GB"},{"@type":"Organization","@id":"https:\/\/antilda.com\/#organization","name":"antilda.com","url":"https:\/\/antilda.com\/","logo":{"@type":"ImageObject","inLanguage":"en-GB","@id":"https:\/\/antilda.com\/#\/schema\/logo\/image\/","url":"https:\/\/antilda.com\/wp-content\/uploads\/2022\/09\/logo-3.png","contentUrl":"https:\/\/antilda.com\/wp-content\/uploads\/2022\/09\/logo-3.png","width":1611,"height":497,"caption":"antilda.com"},"image":{"@id":"https:\/\/antilda.com\/#\/schema\/logo\/image\/"},"sameAs":["https:\/\/www.facebook.com\/ikeaantilopantilda","https:\/\/www.instagram.com\/antilda_accessories\/"]}]}},"_links":{"self":[{"href":"https:\/\/antilda.com\/eng\/wp-json\/wp\/v2\/product\/25631","targetHints":{"allow":["GET"]}}],"collection":[{"href":"https:\/\/antilda.com\/eng\/wp-json\/wp\/v2\/product"}],"about":[{"href":"https:\/\/antilda.com\/eng\/wp-json\/wp\/v2\/types\/product"}],"replies":[{"embeddable":true,"href":"https:\/\/antilda.com\/eng\/wp-json\/wp\/v2\/comments?post=25631"}],"wp:featuredmedia":[{"embeddable":true,"href":"https:\/\/antilda.com\/eng\/wp-json\/wp\/v2\/media\/25644"}],"wp:attachment":[{"href":"https:\/\/antilda.com\/eng\/wp-json\/wp\/v2\/media?parent=25631"}],"wp:term":[{"taxonomy":"product_brand","embeddable":true,"href":"https:\/\/antilda.com\/eng\/wp-json\/wp\/v2\/product_brand?post=25631"},{"taxonomy":"product_cat","embeddable":true,"href":"https:\/\/antilda.com\/eng\/wp-json\/wp\/v2\/product_cat?post=25631"},{"taxonomy":"product_tag","embeddable":true,"href":"https:\/\/antilda.com\/eng\/wp-json\/wp\/v2\/product_tag?post=25631"}],"curies":[{"name":"wp","href":"https:\/\/api.w.org\/{rel}","templated":true}]}}