{"id":25657,"date":"2024-05-10T18:09:45","date_gmt":"2024-05-10T16:09:45","guid":{"rendered":"https:\/\/antilda.com\/?post_type=product&#038;p=25657"},"modified":"2026-03-06T14:09:53","modified_gmt":"2026-03-06T13:09:53","slug":"torebka-wodoodporna-kawowa-zestaw-2-szt-uniwersalna","status":"publish","type":"product","link":"https:\/\/antilda.com\/eng\/torebka-wodoodporna-kawowa-zestaw-2-szt-uniwersalna\/","title":{"rendered":"Coffee waterproof bag - set of 2 - universal"},"content":{"rendered":"<p style=\"text-align: left;\"><strong>PRODUCT INFORMATION: <\/strong>Multi-purpose bag - set of 2 - Waterproof<\/p>\n<p>Storage bags. They are practical especially for using them outside the home.<br \/>\nThe waterproof material makes them suitable for wet things. They are fastened with a zip.<br \/>\nThanks to the tension fastening strap on the side, it is possible to hang them up.<\/p>\n<p><strong>DIMENSIONS: <\/strong>small bag: 18x24cm \/ large bag: 31x24cm<\/p>\n<p style=\"text-align: left;\"><strong>MATERIAL:<\/strong> 100% polyester<\/p>\n<ul>\n<li style=\"text-align: left;\">set of two bags - small and large<\/li>\n<li style=\"text-align: left;\">multiple use<\/li>\n<li style=\"text-align: left;\">Easy cleaning<\/li>\n<li>Woolproof fabric<\/li>\n<li>universal use - for cosmetics, for the pram bag, for things to expand the diet<\/li>\n<li>can be clipped onto the belt<\/li>\n<li>zipped<\/li>\n<\/ul>\n<p>details \u2193<\/p>","protected":false},"excerpt":{"rendered":"<h5><span style=\"color: #c1af9d; font-family: verdana, geneva, sans-serif;\"><strong><span style=\"font-size: 14pt;\">Waterproof bags - set\u00a0<\/span><\/strong><\/span><\/h5>\n<p style=\"padding-left: 40px;\">Practical<br \/>\nIdeal for storage<br \/>\nFor dietary expansion accessories<br \/>\n<span style=\"font-family: var(--rz-font-family-primary);\">Waterproof <\/span>fabric<span style=\"font-family: var(--rz-font-family-primary);\"><br \/>\n<\/span>Zipped<br \/>\ncan be clipped onto the belt<\/p>\n<p style=\"padding-left: 40px;\">Easy to clean<\/p>","protected":false},"featured_media":25639,"comment_status":"open","ping_status":"closed","template":"","meta":{"_acf_changed":false},"product_brand":[],"product_cat":[154,139],"product_tag":[],"class_list":{"0":"post-25657","1":"product","2":"type-product","3":"status-publish","4":"has-post-thumbnail","6":"product_cat-smycze-torebki","7":"product_cat-akcesoria","9":"first","10":"outofstock","11":"taxable","12":"shipping-taxable","13":"purchasable","14":"product-type-simple"},"acf":[],"yoast_head":"<!-- This site is optimized with the Yoast SEO plugin v26.3 - https:\/\/yoast.com\/wordpress\/plugins\/seo\/ -->\n<title>Torebka wodoodporna kawowa - zestaw 2 szt - uniwersalna - antilda.com<\/title>\n<meta name=\"robots\" content=\"index, follow, max-snippet:-1, max-image-preview:large, max-video-preview:-1\" \/>\n<link rel=\"canonical\" href=\"https:\/\/antilda.com\/eng\/torebka-wodoodporna-kawowa-zestaw-2-szt-uniwersalna\/?wmc-currency=EUR\" \/>\n<meta property=\"og:locale\" content=\"en_GB\" \/>\n<meta property=\"og:type\" content=\"article\" \/>\n<meta property=\"og:title\" content=\"Torebka wodoodporna kawowa - zestaw 2 szt - uniwersalna - antilda.com\" \/>\n<meta property=\"og:description\" content=\"Wodoodporne torebki - zestaw\u00a0 Praktyczne Idealne do przechowywania Na akcesoria do rozszerzania diety Wodoodporna tkanina Zapianana na suwak mo\u017cliwo\u015b\u0107 przyczepienia za pasek \u0141atwa do czyszczenia\" \/>\n<meta property=\"og:url\" content=\"https:\/\/antilda.com\/eng\/torebka-wodoodporna-kawowa-zestaw-2-szt-uniwersalna\/?wmc-currency=EUR\" \/>\n<meta property=\"og:site_name\" content=\"antilda.com\" \/>\n<meta property=\"article:publisher\" content=\"https:\/\/www.facebook.com\/ikeaantilopantilda\" \/>\n<meta property=\"article:modified_time\" content=\"2026-03-06T13:09:53+00:00\" \/>\n<meta property=\"og:image\" content=\"https:\/\/antilda.com\/wp-content\/uploads\/2024\/05\/wodoodporna-torebka-uniwersalna-na-zamek-kawa.png\" \/>\n\t<meta property=\"og:image:width\" content=\"1575\" \/>\n\t<meta property=\"og:image:height\" content=\"2100\" \/>\n\t<meta property=\"og:image:type\" content=\"image\/png\" \/>\n<meta name=\"twitter:card\" content=\"summary_large_image\" \/>\n<meta name=\"twitter:label1\" content=\"Estimated reading time\" \/>\n\t<meta name=\"twitter:data1\" content=\"1 minute\" \/>\n<script type=\"application\/ld+json\" class=\"yoast-schema-graph\">{\"@context\":\"https:\/\/schema.org\",\"@graph\":[{\"@type\":\"WebPage\",\"@id\":\"https:\/\/antilda.com\/torebka-wodoodporna-kawowa-zestaw-2-szt-uniwersalna\/\",\"url\":\"https:\/\/antilda.com\/torebka-wodoodporna-kawowa-zestaw-2-szt-uniwersalna\/\",\"name\":\"Torebka wodoodporna kawowa - zestaw 2 szt - uniwersalna - antilda.com\",\"isPartOf\":{\"@id\":\"https:\/\/antilda.com\/#website\"},\"primaryImageOfPage\":{\"@id\":\"https:\/\/antilda.com\/torebka-wodoodporna-kawowa-zestaw-2-szt-uniwersalna\/#primaryimage\"},\"image\":{\"@id\":\"https:\/\/antilda.com\/torebka-wodoodporna-kawowa-zestaw-2-szt-uniwersalna\/#primaryimage\"},\"thumbnailUrl\":\"https:\/\/antilda.com\/wp-content\/uploads\/2024\/05\/wodoodporna-torebka-uniwersalna-na-zamek-kawa.png\",\"datePublished\":\"2024-05-10T16:09:45+00:00\",\"dateModified\":\"2026-03-06T13:09:53+00:00\",\"breadcrumb\":{\"@id\":\"https:\/\/antilda.com\/torebka-wodoodporna-kawowa-zestaw-2-szt-uniwersalna\/#breadcrumb\"},\"inLanguage\":\"en-GB\",\"potentialAction\":[{\"@type\":\"ReadAction\",\"target\":[\"https:\/\/antilda.com\/torebka-wodoodporna-kawowa-zestaw-2-szt-uniwersalna\/\"]}]},{\"@type\":\"ImageObject\",\"inLanguage\":\"en-GB\",\"@id\":\"https:\/\/antilda.com\/torebka-wodoodporna-kawowa-zestaw-2-szt-uniwersalna\/#primaryimage\",\"url\":\"https:\/\/antilda.com\/wp-content\/uploads\/2024\/05\/wodoodporna-torebka-uniwersalna-na-zamek-kawa.png\",\"contentUrl\":\"https:\/\/antilda.com\/wp-content\/uploads\/2024\/05\/wodoodporna-torebka-uniwersalna-na-zamek-kawa.png\",\"width\":1575,\"height\":2100},{\"@type\":\"BreadcrumbList\",\"@id\":\"https:\/\/antilda.com\/torebka-wodoodporna-kawowa-zestaw-2-szt-uniwersalna\/#breadcrumb\",\"itemListElement\":[{\"@type\":\"ListItem\",\"position\":1,\"name\":\"Strona g\u0142\u00f3wna\",\"item\":\"https:\/\/antilda.com\/\"},{\"@type\":\"ListItem\",\"position\":2,\"name\":\"Sklep\",\"item\":\"https:\/\/antilda.com\/sklep\/\"},{\"@type\":\"ListItem\",\"position\":3,\"name\":\"Torebka wodoodporna kawowa &#8211; zestaw 2 szt &#8211; uniwersalna\"}]},{\"@type\":\"WebSite\",\"@id\":\"https:\/\/antilda.com\/#website\",\"url\":\"https:\/\/antilda.com\/\",\"name\":\"antilda.com\",\"description\":\"Akcesesoria do krzese\u0142ka Ikea Antilop\",\"publisher\":{\"@id\":\"https:\/\/antilda.com\/#organization\"},\"potentialAction\":[{\"@type\":\"SearchAction\",\"target\":{\"@type\":\"EntryPoint\",\"urlTemplate\":\"https:\/\/antilda.com\/?s={search_term_string}\"},\"query-input\":{\"@type\":\"PropertyValueSpecification\",\"valueRequired\":true,\"valueName\":\"search_term_string\"}}],\"inLanguage\":\"en-GB\"},{\"@type\":\"Organization\",\"@id\":\"https:\/\/antilda.com\/#organization\",\"name\":\"antilda.com\",\"url\":\"https:\/\/antilda.com\/\",\"logo\":{\"@type\":\"ImageObject\",\"inLanguage\":\"en-GB\",\"@id\":\"https:\/\/antilda.com\/#\/schema\/logo\/image\/\",\"url\":\"https:\/\/antilda.com\/wp-content\/uploads\/2022\/09\/logo-3.png\",\"contentUrl\":\"https:\/\/antilda.com\/wp-content\/uploads\/2022\/09\/logo-3.png\",\"width\":1611,\"height\":497,\"caption\":\"antilda.com\"},\"image\":{\"@id\":\"https:\/\/antilda.com\/#\/schema\/logo\/image\/\"},\"sameAs\":[\"https:\/\/www.facebook.com\/ikeaantilopantilda\",\"https:\/\/www.instagram.com\/antilda_accessories\/\"]}]}<\/script>\n<!-- \/ Yoast SEO plugin. -->","yoast_head_json":{"title":"Coffee waterproof bag - set of 2 - universal - antilda.com","robots":{"index":"index","follow":"follow","max-snippet":"max-snippet:-1","max-image-preview":"max-image-preview:large","max-video-preview":"max-video-preview:-1"},"canonical":"https:\/\/antilda.com\/eng\/torebka-wodoodporna-kawowa-zestaw-2-szt-uniwersalna\/?wmc-currency=EUR","og_locale":"en_GB","og_type":"article","og_title":"Torebka wodoodporna kawowa - zestaw 2 szt - uniwersalna - antilda.com","og_description":"Wodoodporne torebki - zestaw\u00a0 Praktyczne Idealne do przechowywania Na akcesoria do rozszerzania diety Wodoodporna tkanina Zapianana na suwak mo\u017cliwo\u015b\u0107 przyczepienia za pasek \u0141atwa do czyszczenia","og_url":"https:\/\/antilda.com\/eng\/torebka-wodoodporna-kawowa-zestaw-2-szt-uniwersalna\/?wmc-currency=EUR","og_site_name":"antilda.com","article_publisher":"https:\/\/www.facebook.com\/ikeaantilopantilda","article_modified_time":"2026-03-06T13:09:53+00:00","og_image":[{"width":1575,"height":2100,"url":"https:\/\/antilda.com\/wp-content\/uploads\/2024\/05\/wodoodporna-torebka-uniwersalna-na-zamek-kawa.png","type":"image\/png"}],"twitter_card":"summary_large_image","twitter_misc":{"Estimated reading time":"1 minute"},"schema":{"@context":"https:\/\/schema.org","@graph":[{"@type":"WebPage","@id":"https:\/\/antilda.com\/torebka-wodoodporna-kawowa-zestaw-2-szt-uniwersalna\/","url":"https:\/\/antilda.com\/torebka-wodoodporna-kawowa-zestaw-2-szt-uniwersalna\/","name":"Coffee waterproof bag - set of 2 - universal - antilda.com","isPartOf":{"@id":"https:\/\/antilda.com\/#website"},"primaryImageOfPage":{"@id":"https:\/\/antilda.com\/torebka-wodoodporna-kawowa-zestaw-2-szt-uniwersalna\/#primaryimage"},"image":{"@id":"https:\/\/antilda.com\/torebka-wodoodporna-kawowa-zestaw-2-szt-uniwersalna\/#primaryimage"},"thumbnailUrl":"https:\/\/antilda.com\/wp-content\/uploads\/2024\/05\/wodoodporna-torebka-uniwersalna-na-zamek-kawa.png","datePublished":"2024-05-10T16:09:45+00:00","dateModified":"2026-03-06T13:09:53+00:00","breadcrumb":{"@id":"https:\/\/antilda.com\/torebka-wodoodporna-kawowa-zestaw-2-szt-uniwersalna\/#breadcrumb"},"inLanguage":"en-GB","potentialAction":[{"@type":"ReadAction","target":["https:\/\/antilda.com\/torebka-wodoodporna-kawowa-zestaw-2-szt-uniwersalna\/"]}]},{"@type":"ImageObject","inLanguage":"en-GB","@id":"https:\/\/antilda.com\/torebka-wodoodporna-kawowa-zestaw-2-szt-uniwersalna\/#primaryimage","url":"https:\/\/antilda.com\/wp-content\/uploads\/2024\/05\/wodoodporna-torebka-uniwersalna-na-zamek-kawa.png","contentUrl":"https:\/\/antilda.com\/wp-content\/uploads\/2024\/05\/wodoodporna-torebka-uniwersalna-na-zamek-kawa.png","width":1575,"height":2100},{"@type":"BreadcrumbList","@id":"https:\/\/antilda.com\/torebka-wodoodporna-kawowa-zestaw-2-szt-uniwersalna\/#breadcrumb","itemListElement":[{"@type":"ListItem","position":1,"name":"Strona g\u0142\u00f3wna","item":"https:\/\/antilda.com\/"},{"@type":"ListItem","position":2,"name":"Sklep","item":"https:\/\/antilda.com\/sklep\/"},{"@type":"ListItem","position":3,"name":"Torebka wodoodporna kawowa &#8211; zestaw 2 szt &#8211; uniwersalna"}]},{"@type":"WebSite","@id":"https:\/\/antilda.com\/#website","url":"https:\/\/antilda.com\/","name":"antilda.com","description":"Accessories for Ikea Antilop highchair","publisher":{"@id":"https:\/\/antilda.com\/#organization"},"potentialAction":[{"@type":"SearchAction","target":{"@type":"EntryPoint","urlTemplate":"https:\/\/antilda.com\/?s={search_term_string}"},"query-input":{"@type":"PropertyValueSpecification","valueRequired":true,"valueName":"search_term_string"}}],"inLanguage":"en-GB"},{"@type":"Organization","@id":"https:\/\/antilda.com\/#organization","name":"antilda.com","url":"https:\/\/antilda.com\/","logo":{"@type":"ImageObject","inLanguage":"en-GB","@id":"https:\/\/antilda.com\/#\/schema\/logo\/image\/","url":"https:\/\/antilda.com\/wp-content\/uploads\/2022\/09\/logo-3.png","contentUrl":"https:\/\/antilda.com\/wp-content\/uploads\/2022\/09\/logo-3.png","width":1611,"height":497,"caption":"antilda.com"},"image":{"@id":"https:\/\/antilda.com\/#\/schema\/logo\/image\/"},"sameAs":["https:\/\/www.facebook.com\/ikeaantilopantilda","https:\/\/www.instagram.com\/antilda_accessories\/"]}]}},"_links":{"self":[{"href":"https:\/\/antilda.com\/eng\/wp-json\/wp\/v2\/product\/25657","targetHints":{"allow":["GET"]}}],"collection":[{"href":"https:\/\/antilda.com\/eng\/wp-json\/wp\/v2\/product"}],"about":[{"href":"https:\/\/antilda.com\/eng\/wp-json\/wp\/v2\/types\/product"}],"replies":[{"embeddable":true,"href":"https:\/\/antilda.com\/eng\/wp-json\/wp\/v2\/comments?post=25657"}],"wp:featuredmedia":[{"embeddable":true,"href":"https:\/\/antilda.com\/eng\/wp-json\/wp\/v2\/media\/25639"}],"wp:attachment":[{"href":"https:\/\/antilda.com\/eng\/wp-json\/wp\/v2\/media?parent=25657"}],"wp:term":[{"taxonomy":"product_brand","embeddable":true,"href":"https:\/\/antilda.com\/eng\/wp-json\/wp\/v2\/product_brand?post=25657"},{"taxonomy":"product_cat","embeddable":true,"href":"https:\/\/antilda.com\/eng\/wp-json\/wp\/v2\/product_cat?post=25657"},{"taxonomy":"product_tag","embeddable":true,"href":"https:\/\/antilda.com\/eng\/wp-json\/wp\/v2\/product_tag?post=25657"}],"curies":[{"name":"wp","href":"https:\/\/api.w.org\/{rel}","templated":true}]}}