{"id":26250,"date":"2024-06-13T10:40:22","date_gmt":"2024-06-13T08:40:22","guid":{"rendered":"https:\/\/antilda.com\/?post_type=product&#038;p=26250"},"modified":"2026-03-23T20:47:39","modified_gmt":"2026-03-23T19:47:39","slug":"mata-podlogowa-pod-krzeselko-do-karmienia-braz","status":"publish","type":"product","link":"https:\/\/antilda.com\/eng\/mata-podlogowa-pod-krzeselko-do-karmienia-braz\/","title":{"rendered":"Feeding chair floor mat - brown"},"content":{"rendered":"<p style=\"text-align: left;\"><strong>PRODUCT INFORMATION:<\/strong> Multi-purpose feeding chair mat<\/p>\n<p style=\"text-align: left;\">A functional and versatile floor mat. Ideal for expanding the BLW diet and catching food falling under the chair.<br \/>\nPulling the mat down into a sack form gives you the opportunity for express clean-up after the meal.<br \/>\nThe mat will also work well for artwork, home games or storage.<\/p>\n<p style=\"text-align: left;\"><strong>COLOUR:<\/strong> bronze<\/p>\n<p><strong>DIMENSIONS:<\/strong> diameter 120cm<br \/>\n<strong>MATERIAL:<\/strong> 100% polyester<\/p>\n<ul>\n<li>multiple applications<\/li>\n<li>With drawstring in bag form<\/li>\n<li style=\"text-align: left;\">Easy cleaning<\/li>\n<li>Woolproof, homogeneous fabric<\/li>\n<li>BLW mat<\/li>\n<\/ul>\n<p>The fabric from which the mat is made has a <strong>two different sides<\/strong> (The matt one is the outer one and the glossy one with slightly rubbery properties, which is laid towards the floor). <span style=\"font-size: 12pt;\">Care must be taken not to mechanically damage the membrane.<\/span><\/p>\n<p><span style=\"color: #333333;\"><strong>NOTES: <\/strong><\/span>\u00a0Attention should be paid to food residues remaining on the fabric, which can permanently impart an unpleasant odour to the mat. Food stains may remain on the mat. Machine washing is possible up to a maximum of 40 degrees. Do not spin above 800 rpm and do not use fabric softeners. We suggest that greasy stains are treated with a soap and water solution before washing. N<span style=\"font-size: 12pt;\">Do not tumble dry. Do not dry-clean, do not bleach may damage the membrane.<\/span><\/p>\n<p><span style=\"font-size: 12pt;\">Do not put weight on the mat or move it over an uneven surface which may damage it. Take special care when using the drawstrings due to the possibility of damaging the fabric at the point of strongest friction against the fabric and do not allow playing with them.  Check the condition of the product before each use.<br \/>\n<\/span><span style=\"font-size: 12pt;\">Product <strong>is not a toy<\/strong> for children. M<\/span><span style=\"color: #333333;\">t be used only under full adult supervision<strong><b><br \/>\n<\/b><\/strong><\/span><span style=\"font-size: 12pt; font-family: var(--rz-font-family-primary);\">Manufactured in Poland<\/span><\/p>","protected":false},"excerpt":{"rendered":"<h5><span style=\"color: #c1af9d; font-family: verdana, geneva, sans-serif;\"><strong><span style=\"font-size: 14pt;\">Multi-purpose floor mat under the chair:<\/span><\/strong><\/span><\/h5>\n<p style=\"padding-left: 40px;\">Practical<br \/>\nMakes it easier to clean up after a meal<br \/>\nUniversal applications<br \/>\nAdditional drawstring option in the form of a bag<br \/>\nEasy to clean<\/p>","protected":false},"featured_media":26556,"comment_status":"open","ping_status":"closed","template":"","meta":{"_acf_changed":false},"product_brand":[],"product_cat":[139,151],"product_tag":[],"class_list":{"0":"post-26250","1":"product","2":"type-product","3":"status-publish","4":"has-post-thumbnail","6":"product_cat-akcesoria","7":"product_cat-maty-podlogowe","9":"first","10":"outofstock","11":"taxable","12":"shipping-taxable","13":"purchasable","14":"product-type-simple"},"acf":[],"yoast_head":"<!-- This site is optimized with the Yoast SEO plugin v26.3 - https:\/\/yoast.com\/wordpress\/plugins\/seo\/ -->\n<title>Mata pod\u0142ogowa pod krzese\u0142ko do karmienia - br\u0105z - antilda.com<\/title>\n<meta name=\"robots\" content=\"index, follow, max-snippet:-1, max-image-preview:large, max-video-preview:-1\" \/>\n<link rel=\"canonical\" href=\"https:\/\/antilda.com\/eng\/mata-podlogowa-pod-krzeselko-do-karmienia-braz\/?wmc-currency=EUR\" \/>\n<meta property=\"og:locale\" content=\"en_GB\" \/>\n<meta property=\"og:type\" content=\"article\" \/>\n<meta property=\"og:title\" content=\"Mata pod\u0142ogowa pod krzese\u0142ko do karmienia - br\u0105z - antilda.com\" \/>\n<meta property=\"og:description\" content=\"Uniwersalna mata pod\u0142ogowa pod krzese\u0142ko: Praktyczna U\u0142atwia sprz\u0105tni\u0119cie po posi\u0142ku Uniwersalne zastosowania Dodatkowa opcja \u015bci\u0105gni\u0119cia w formie worka \u0141atwa do czyszczenia\" \/>\n<meta property=\"og:url\" content=\"https:\/\/antilda.com\/eng\/mata-podlogowa-pod-krzeselko-do-karmienia-braz\/?wmc-currency=EUR\" \/>\n<meta property=\"og:site_name\" content=\"antilda.com\" \/>\n<meta property=\"article:publisher\" content=\"https:\/\/www.facebook.com\/ikeaantilopantilda\" \/>\n<meta property=\"article:modified_time\" content=\"2026-03-23T19:47:39+00:00\" \/>\n<meta property=\"og:image\" content=\"https:\/\/antilda.com\/wp-content\/uploads\/2024\/05\/mata-pod-krzeselko-do-karmienia-braz-768x1024.png\" \/>\n\t<meta property=\"og:image:width\" content=\"768\" \/>\n\t<meta property=\"og:image:height\" content=\"1024\" \/>\n\t<meta property=\"og:image:type\" content=\"image\/png\" \/>\n<meta name=\"twitter:card\" content=\"summary_large_image\" \/>\n<meta name=\"twitter:label1\" content=\"Estimated reading time\" \/>\n\t<meta name=\"twitter:data1\" content=\"2 minutes\" \/>\n<script type=\"application\/ld+json\" class=\"yoast-schema-graph\">{\"@context\":\"https:\/\/schema.org\",\"@graph\":[{\"@type\":\"WebPage\",\"@id\":\"https:\/\/antilda.com\/mata-podlogowa-pod-krzeselko-do-karmienia-braz\/\",\"url\":\"https:\/\/antilda.com\/mata-podlogowa-pod-krzeselko-do-karmienia-braz\/\",\"name\":\"Mata pod\u0142ogowa pod krzese\u0142ko do karmienia - br\u0105z - antilda.com\",\"isPartOf\":{\"@id\":\"https:\/\/antilda.com\/#website\"},\"primaryImageOfPage\":{\"@id\":\"https:\/\/antilda.com\/mata-podlogowa-pod-krzeselko-do-karmienia-braz\/#primaryimage\"},\"image\":{\"@id\":\"https:\/\/antilda.com\/mata-podlogowa-pod-krzeselko-do-karmienia-braz\/#primaryimage\"},\"thumbnailUrl\":\"https:\/\/antilda.com\/wp-content\/uploads\/2024\/05\/mata-pod-krzeselko-do-karmienia-braz.png\",\"datePublished\":\"2024-06-13T08:40:22+00:00\",\"dateModified\":\"2026-03-23T19:47:39+00:00\",\"breadcrumb\":{\"@id\":\"https:\/\/antilda.com\/mata-podlogowa-pod-krzeselko-do-karmienia-braz\/#breadcrumb\"},\"inLanguage\":\"en-GB\",\"potentialAction\":[{\"@type\":\"ReadAction\",\"target\":[\"https:\/\/antilda.com\/mata-podlogowa-pod-krzeselko-do-karmienia-braz\/\"]}]},{\"@type\":\"ImageObject\",\"inLanguage\":\"en-GB\",\"@id\":\"https:\/\/antilda.com\/mata-podlogowa-pod-krzeselko-do-karmienia-braz\/#primaryimage\",\"url\":\"https:\/\/antilda.com\/wp-content\/uploads\/2024\/05\/mata-pod-krzeselko-do-karmienia-braz.png\",\"contentUrl\":\"https:\/\/antilda.com\/wp-content\/uploads\/2024\/05\/mata-pod-krzeselko-do-karmienia-braz.png\",\"width\":1575,\"height\":2100},{\"@type\":\"BreadcrumbList\",\"@id\":\"https:\/\/antilda.com\/mata-podlogowa-pod-krzeselko-do-karmienia-braz\/#breadcrumb\",\"itemListElement\":[{\"@type\":\"ListItem\",\"position\":1,\"name\":\"Strona g\u0142\u00f3wna\",\"item\":\"https:\/\/antilda.com\/\"},{\"@type\":\"ListItem\",\"position\":2,\"name\":\"Sklep\",\"item\":\"https:\/\/antilda.com\/sklep\/\"},{\"@type\":\"ListItem\",\"position\":3,\"name\":\"Mata pod\u0142ogowa pod krzese\u0142ko do karmienia &#8211; br\u0105z\"}]},{\"@type\":\"WebSite\",\"@id\":\"https:\/\/antilda.com\/#website\",\"url\":\"https:\/\/antilda.com\/\",\"name\":\"antilda.com\",\"description\":\"Akcesesoria do krzese\u0142ka Ikea Antilop\",\"publisher\":{\"@id\":\"https:\/\/antilda.com\/#organization\"},\"potentialAction\":[{\"@type\":\"SearchAction\",\"target\":{\"@type\":\"EntryPoint\",\"urlTemplate\":\"https:\/\/antilda.com\/?s={search_term_string}\"},\"query-input\":{\"@type\":\"PropertyValueSpecification\",\"valueRequired\":true,\"valueName\":\"search_term_string\"}}],\"inLanguage\":\"en-GB\"},{\"@type\":\"Organization\",\"@id\":\"https:\/\/antilda.com\/#organization\",\"name\":\"antilda.com\",\"url\":\"https:\/\/antilda.com\/\",\"logo\":{\"@type\":\"ImageObject\",\"inLanguage\":\"en-GB\",\"@id\":\"https:\/\/antilda.com\/#\/schema\/logo\/image\/\",\"url\":\"https:\/\/antilda.com\/wp-content\/uploads\/2022\/09\/logo-3.png\",\"contentUrl\":\"https:\/\/antilda.com\/wp-content\/uploads\/2022\/09\/logo-3.png\",\"width\":1611,\"height\":497,\"caption\":\"antilda.com\"},\"image\":{\"@id\":\"https:\/\/antilda.com\/#\/schema\/logo\/image\/\"},\"sameAs\":[\"https:\/\/www.facebook.com\/ikeaantilopantilda\",\"https:\/\/www.instagram.com\/antilda_accessories\/\"]}]}<\/script>\n<!-- \/ Yoast SEO plugin. -->","yoast_head_json":{"title":"Feeding chair floor mat - brown - antilda.com","robots":{"index":"index","follow":"follow","max-snippet":"max-snippet:-1","max-image-preview":"max-image-preview:large","max-video-preview":"max-video-preview:-1"},"canonical":"https:\/\/antilda.com\/eng\/mata-podlogowa-pod-krzeselko-do-karmienia-braz\/?wmc-currency=EUR","og_locale":"en_GB","og_type":"article","og_title":"Mata pod\u0142ogowa pod krzese\u0142ko do karmienia - br\u0105z - antilda.com","og_description":"Uniwersalna mata pod\u0142ogowa pod krzese\u0142ko: Praktyczna U\u0142atwia sprz\u0105tni\u0119cie po posi\u0142ku Uniwersalne zastosowania Dodatkowa opcja \u015bci\u0105gni\u0119cia w formie worka \u0141atwa do czyszczenia","og_url":"https:\/\/antilda.com\/eng\/mata-podlogowa-pod-krzeselko-do-karmienia-braz\/?wmc-currency=EUR","og_site_name":"antilda.com","article_publisher":"https:\/\/www.facebook.com\/ikeaantilopantilda","article_modified_time":"2026-03-23T19:47:39+00:00","og_image":[{"width":768,"height":1024,"url":"https:\/\/antilda.com\/wp-content\/uploads\/2024\/05\/mata-pod-krzeselko-do-karmienia-braz-768x1024.png","type":"image\/png"}],"twitter_card":"summary_large_image","twitter_misc":{"Estimated reading time":"2 minutes"},"schema":{"@context":"https:\/\/schema.org","@graph":[{"@type":"WebPage","@id":"https:\/\/antilda.com\/mata-podlogowa-pod-krzeselko-do-karmienia-braz\/","url":"https:\/\/antilda.com\/mata-podlogowa-pod-krzeselko-do-karmienia-braz\/","name":"Feeding chair floor mat - brown - antilda.com","isPartOf":{"@id":"https:\/\/antilda.com\/#website"},"primaryImageOfPage":{"@id":"https:\/\/antilda.com\/mata-podlogowa-pod-krzeselko-do-karmienia-braz\/#primaryimage"},"image":{"@id":"https:\/\/antilda.com\/mata-podlogowa-pod-krzeselko-do-karmienia-braz\/#primaryimage"},"thumbnailUrl":"https:\/\/antilda.com\/wp-content\/uploads\/2024\/05\/mata-pod-krzeselko-do-karmienia-braz.png","datePublished":"2024-06-13T08:40:22+00:00","dateModified":"2026-03-23T19:47:39+00:00","breadcrumb":{"@id":"https:\/\/antilda.com\/mata-podlogowa-pod-krzeselko-do-karmienia-braz\/#breadcrumb"},"inLanguage":"en-GB","potentialAction":[{"@type":"ReadAction","target":["https:\/\/antilda.com\/mata-podlogowa-pod-krzeselko-do-karmienia-braz\/"]}]},{"@type":"ImageObject","inLanguage":"en-GB","@id":"https:\/\/antilda.com\/mata-podlogowa-pod-krzeselko-do-karmienia-braz\/#primaryimage","url":"https:\/\/antilda.com\/wp-content\/uploads\/2024\/05\/mata-pod-krzeselko-do-karmienia-braz.png","contentUrl":"https:\/\/antilda.com\/wp-content\/uploads\/2024\/05\/mata-pod-krzeselko-do-karmienia-braz.png","width":1575,"height":2100},{"@type":"BreadcrumbList","@id":"https:\/\/antilda.com\/mata-podlogowa-pod-krzeselko-do-karmienia-braz\/#breadcrumb","itemListElement":[{"@type":"ListItem","position":1,"name":"Strona g\u0142\u00f3wna","item":"https:\/\/antilda.com\/"},{"@type":"ListItem","position":2,"name":"Sklep","item":"https:\/\/antilda.com\/sklep\/"},{"@type":"ListItem","position":3,"name":"Mata pod\u0142ogowa pod krzese\u0142ko do karmienia &#8211; br\u0105z"}]},{"@type":"WebSite","@id":"https:\/\/antilda.com\/#website","url":"https:\/\/antilda.com\/","name":"antilda.com","description":"Accessories for Ikea Antilop highchair","publisher":{"@id":"https:\/\/antilda.com\/#organization"},"potentialAction":[{"@type":"SearchAction","target":{"@type":"EntryPoint","urlTemplate":"https:\/\/antilda.com\/?s={search_term_string}"},"query-input":{"@type":"PropertyValueSpecification","valueRequired":true,"valueName":"search_term_string"}}],"inLanguage":"en-GB"},{"@type":"Organization","@id":"https:\/\/antilda.com\/#organization","name":"antilda.com","url":"https:\/\/antilda.com\/","logo":{"@type":"ImageObject","inLanguage":"en-GB","@id":"https:\/\/antilda.com\/#\/schema\/logo\/image\/","url":"https:\/\/antilda.com\/wp-content\/uploads\/2022\/09\/logo-3.png","contentUrl":"https:\/\/antilda.com\/wp-content\/uploads\/2022\/09\/logo-3.png","width":1611,"height":497,"caption":"antilda.com"},"image":{"@id":"https:\/\/antilda.com\/#\/schema\/logo\/image\/"},"sameAs":["https:\/\/www.facebook.com\/ikeaantilopantilda","https:\/\/www.instagram.com\/antilda_accessories\/"]}]}},"_links":{"self":[{"href":"https:\/\/antilda.com\/eng\/wp-json\/wp\/v2\/product\/26250","targetHints":{"allow":["GET"]}}],"collection":[{"href":"https:\/\/antilda.com\/eng\/wp-json\/wp\/v2\/product"}],"about":[{"href":"https:\/\/antilda.com\/eng\/wp-json\/wp\/v2\/types\/product"}],"replies":[{"embeddable":true,"href":"https:\/\/antilda.com\/eng\/wp-json\/wp\/v2\/comments?post=26250"}],"wp:featuredmedia":[{"embeddable":true,"href":"https:\/\/antilda.com\/eng\/wp-json\/wp\/v2\/media\/26556"}],"wp:attachment":[{"href":"https:\/\/antilda.com\/eng\/wp-json\/wp\/v2\/media?parent=26250"}],"wp:term":[{"taxonomy":"product_brand","embeddable":true,"href":"https:\/\/antilda.com\/eng\/wp-json\/wp\/v2\/product_brand?post=26250"},{"taxonomy":"product_cat","embeddable":true,"href":"https:\/\/antilda.com\/eng\/wp-json\/wp\/v2\/product_cat?post=26250"},{"taxonomy":"product_tag","embeddable":true,"href":"https:\/\/antilda.com\/eng\/wp-json\/wp\/v2\/product_tag?post=26250"}],"curies":[{"name":"wp","href":"https:\/\/api.w.org\/{rel}","templated":true}]}}