{"id":27266,"date":"2024-11-11T10:08:59","date_gmt":"2024-11-11T09:08:59","guid":{"rendered":"https:\/\/antilda.com\/?post_type=product&#038;p=27266"},"modified":"2025-02-10T10:34:52","modified_gmt":"2025-02-10T09:34:52","slug":"voucher-prezentowy","status":"publish","type":"product","link":"https:\/\/antilda.com\/eng\/voucher-prezentowy\/","title":{"rendered":"Gift Voucher"},"content":{"rendered":"<p><strong>Gift voucher for an amount of your choice<br \/>\n<\/strong><\/p>\n<p>Our voucher is the ideal solution for a tried and tested, <strong>practical<\/strong> gift \ud83d\ude42<\/p>\n<p><em><strong>Virtual product:<\/strong> <\/em>after purchase, we will send the voucher with a unique code within 24 hours to the e-mail address provided<\/p>\n<p>Vouchers sold in the Antilda shop are multi-purpose vouchers.<span class=\"Apple-converted-space\"><br \/>\n<\/span><span style=\"font-family: var(--rz-font-family-primary);\">The card is valid for 6 months.<\/span><\/p>","protected":false},"excerpt":{"rendered":"<p>Gift voucher for an amount of your choice Our voucher is the ideal solution for a tried-and-tested, practical gift \ud83d\ude42 Virtual product: after purchase, we send the voucher with a unique code within 24 hours to the indicated e-mail address Vouchers sold in the Antilda shop are multi-purpose vouchers The card is valid for 6 months.<\/p>","protected":false},"featured_media":28030,"comment_status":"open","ping_status":"closed","template":"","meta":{"_acf_changed":false},"product_brand":[],"product_cat":[139],"product_tag":[],"class_list":{"0":"post-27266","1":"product","2":"type-product","3":"status-publish","4":"has-post-thumbnail","6":"product_cat-akcesoria","8":"first","9":"instock","10":"taxable","11":"shipping-taxable","12":"purchasable","13":"product-type-variable"},"acf":[],"yoast_head":"<!-- This site is optimized with the Yoast SEO plugin v26.3 - https:\/\/yoast.com\/wordpress\/plugins\/seo\/ -->\n<title>Voucher Prezentowy - antilda.com<\/title>\n<meta name=\"robots\" content=\"index, follow, max-snippet:-1, max-image-preview:large, max-video-preview:-1\" \/>\n<link rel=\"canonical\" href=\"https:\/\/antilda.com\/eng\/voucher-prezentowy\/?wmc-currency=EUR\" \/>\n<meta property=\"og:locale\" content=\"en_GB\" \/>\n<meta property=\"og:type\" content=\"article\" \/>\n<meta property=\"og:title\" content=\"Voucher Prezentowy - antilda.com\" \/>\n<meta property=\"og:description\" content=\"Voucher prezentowy na wybran\u0105 kwot\u0119 Nasz voucher jest idealnym rozwi\u0105zaniem na sprawdzony, praktyczny prezent \ud83d\ude42 Produkt wirtualny: po zakupie voucher z unikatowym kodem wysy\u0142amy w ci\u0105gu 24h pod wskazany adres e-mail Vouchery sprzedawane w sklepie Antilda s\u0105 voucherami r\u00f3\u017cnego przeznaczenia Karta jest wa\u017cna przez 6 miesi\u0119cy.\" \/>\n<meta property=\"og:url\" content=\"https:\/\/antilda.com\/eng\/voucher-prezentowy\/?wmc-currency=EUR\" \/>\n<meta property=\"og:site_name\" content=\"antilda.com\" \/>\n<meta property=\"article:publisher\" content=\"https:\/\/www.facebook.com\/ikeaantilopantilda\" \/>\n<meta property=\"article:modified_time\" content=\"2025-02-10T09:34:52+00:00\" \/>\n<meta property=\"og:image\" content=\"https:\/\/antilda.com\/wp-content\/uploads\/2024\/11\/ANTILDA_BON_PODARUNOWY.png\" \/>\n\t<meta property=\"og:image:width\" content=\"1748\" \/>\n\t<meta property=\"og:image:height\" content=\"1240\" \/>\n\t<meta property=\"og:image:type\" content=\"image\/png\" \/>\n<meta name=\"twitter:card\" content=\"summary_large_image\" \/>\n<script type=\"application\/ld+json\" class=\"yoast-schema-graph\">{\"@context\":\"https:\/\/schema.org\",\"@graph\":[{\"@type\":\"WebPage\",\"@id\":\"https:\/\/antilda.com\/voucher-prezentowy\/\",\"url\":\"https:\/\/antilda.com\/voucher-prezentowy\/\",\"name\":\"Voucher Prezentowy - antilda.com\",\"isPartOf\":{\"@id\":\"https:\/\/antilda.com\/#website\"},\"primaryImageOfPage\":{\"@id\":\"https:\/\/antilda.com\/voucher-prezentowy\/#primaryimage\"},\"image\":{\"@id\":\"https:\/\/antilda.com\/voucher-prezentowy\/#primaryimage\"},\"thumbnailUrl\":\"https:\/\/antilda.com\/wp-content\/uploads\/2024\/11\/ANTILDA_BON_PODARUNOWY.png\",\"datePublished\":\"2024-11-11T09:08:59+00:00\",\"dateModified\":\"2025-02-10T09:34:52+00:00\",\"breadcrumb\":{\"@id\":\"https:\/\/antilda.com\/voucher-prezentowy\/#breadcrumb\"},\"inLanguage\":\"en-GB\",\"potentialAction\":[{\"@type\":\"ReadAction\",\"target\":[\"https:\/\/antilda.com\/voucher-prezentowy\/\"]}]},{\"@type\":\"ImageObject\",\"inLanguage\":\"en-GB\",\"@id\":\"https:\/\/antilda.com\/voucher-prezentowy\/#primaryimage\",\"url\":\"https:\/\/antilda.com\/wp-content\/uploads\/2024\/11\/ANTILDA_BON_PODARUNOWY.png\",\"contentUrl\":\"https:\/\/antilda.com\/wp-content\/uploads\/2024\/11\/ANTILDA_BON_PODARUNOWY.png\",\"width\":1748,\"height\":1240},{\"@type\":\"BreadcrumbList\",\"@id\":\"https:\/\/antilda.com\/voucher-prezentowy\/#breadcrumb\",\"itemListElement\":[{\"@type\":\"ListItem\",\"position\":1,\"name\":\"Strona g\u0142\u00f3wna\",\"item\":\"https:\/\/antilda.com\/\"},{\"@type\":\"ListItem\",\"position\":2,\"name\":\"Sklep\",\"item\":\"https:\/\/antilda.com\/sklep\/\"},{\"@type\":\"ListItem\",\"position\":3,\"name\":\"Voucher Prezentowy\"}]},{\"@type\":\"WebSite\",\"@id\":\"https:\/\/antilda.com\/#website\",\"url\":\"https:\/\/antilda.com\/\",\"name\":\"antilda.com\",\"description\":\"Akcesesoria do krzese\u0142ka Ikea Antilop\",\"publisher\":{\"@id\":\"https:\/\/antilda.com\/#organization\"},\"potentialAction\":[{\"@type\":\"SearchAction\",\"target\":{\"@type\":\"EntryPoint\",\"urlTemplate\":\"https:\/\/antilda.com\/?s={search_term_string}\"},\"query-input\":{\"@type\":\"PropertyValueSpecification\",\"valueRequired\":true,\"valueName\":\"search_term_string\"}}],\"inLanguage\":\"en-GB\"},{\"@type\":\"Organization\",\"@id\":\"https:\/\/antilda.com\/#organization\",\"name\":\"antilda.com\",\"url\":\"https:\/\/antilda.com\/\",\"logo\":{\"@type\":\"ImageObject\",\"inLanguage\":\"en-GB\",\"@id\":\"https:\/\/antilda.com\/#\/schema\/logo\/image\/\",\"url\":\"https:\/\/antilda.com\/wp-content\/uploads\/2022\/09\/logo-3.png\",\"contentUrl\":\"https:\/\/antilda.com\/wp-content\/uploads\/2022\/09\/logo-3.png\",\"width\":1611,\"height\":497,\"caption\":\"antilda.com\"},\"image\":{\"@id\":\"https:\/\/antilda.com\/#\/schema\/logo\/image\/\"},\"sameAs\":[\"https:\/\/www.facebook.com\/ikeaantilopantilda\",\"https:\/\/www.instagram.com\/antilda_accessories\/\"]}]}<\/script>\n<!-- \/ Yoast SEO plugin. -->","yoast_head_json":{"title":"Gift Voucher - antilda.com","robots":{"index":"index","follow":"follow","max-snippet":"max-snippet:-1","max-image-preview":"max-image-preview:large","max-video-preview":"max-video-preview:-1"},"canonical":"https:\/\/antilda.com\/eng\/voucher-prezentowy\/?wmc-currency=EUR","og_locale":"en_GB","og_type":"article","og_title":"Voucher Prezentowy - antilda.com","og_description":"Voucher prezentowy na wybran\u0105 kwot\u0119 Nasz voucher jest idealnym rozwi\u0105zaniem na sprawdzony, praktyczny prezent \ud83d\ude42 Produkt wirtualny: po zakupie voucher z unikatowym kodem wysy\u0142amy w ci\u0105gu 24h pod wskazany adres e-mail Vouchery sprzedawane w sklepie Antilda s\u0105 voucherami r\u00f3\u017cnego przeznaczenia Karta jest wa\u017cna przez 6 miesi\u0119cy.","og_url":"https:\/\/antilda.com\/eng\/voucher-prezentowy\/?wmc-currency=EUR","og_site_name":"antilda.com","article_publisher":"https:\/\/www.facebook.com\/ikeaantilopantilda","article_modified_time":"2025-02-10T09:34:52+00:00","og_image":[{"width":1748,"height":1240,"url":"https:\/\/antilda.com\/wp-content\/uploads\/2024\/11\/ANTILDA_BON_PODARUNOWY.png","type":"image\/png"}],"twitter_card":"summary_large_image","schema":{"@context":"https:\/\/schema.org","@graph":[{"@type":"WebPage","@id":"https:\/\/antilda.com\/voucher-prezentowy\/","url":"https:\/\/antilda.com\/voucher-prezentowy\/","name":"Gift Voucher - antilda.com","isPartOf":{"@id":"https:\/\/antilda.com\/#website"},"primaryImageOfPage":{"@id":"https:\/\/antilda.com\/voucher-prezentowy\/#primaryimage"},"image":{"@id":"https:\/\/antilda.com\/voucher-prezentowy\/#primaryimage"},"thumbnailUrl":"https:\/\/antilda.com\/wp-content\/uploads\/2024\/11\/ANTILDA_BON_PODARUNOWY.png","datePublished":"2024-11-11T09:08:59+00:00","dateModified":"2025-02-10T09:34:52+00:00","breadcrumb":{"@id":"https:\/\/antilda.com\/voucher-prezentowy\/#breadcrumb"},"inLanguage":"en-GB","potentialAction":[{"@type":"ReadAction","target":["https:\/\/antilda.com\/voucher-prezentowy\/"]}]},{"@type":"ImageObject","inLanguage":"en-GB","@id":"https:\/\/antilda.com\/voucher-prezentowy\/#primaryimage","url":"https:\/\/antilda.com\/wp-content\/uploads\/2024\/11\/ANTILDA_BON_PODARUNOWY.png","contentUrl":"https:\/\/antilda.com\/wp-content\/uploads\/2024\/11\/ANTILDA_BON_PODARUNOWY.png","width":1748,"height":1240},{"@type":"BreadcrumbList","@id":"https:\/\/antilda.com\/voucher-prezentowy\/#breadcrumb","itemListElement":[{"@type":"ListItem","position":1,"name":"Strona g\u0142\u00f3wna","item":"https:\/\/antilda.com\/"},{"@type":"ListItem","position":2,"name":"Sklep","item":"https:\/\/antilda.com\/sklep\/"},{"@type":"ListItem","position":3,"name":"Voucher Prezentowy"}]},{"@type":"WebSite","@id":"https:\/\/antilda.com\/#website","url":"https:\/\/antilda.com\/","name":"antilda.com","description":"Accessories for Ikea Antilop highchair","publisher":{"@id":"https:\/\/antilda.com\/#organization"},"potentialAction":[{"@type":"SearchAction","target":{"@type":"EntryPoint","urlTemplate":"https:\/\/antilda.com\/?s={search_term_string}"},"query-input":{"@type":"PropertyValueSpecification","valueRequired":true,"valueName":"search_term_string"}}],"inLanguage":"en-GB"},{"@type":"Organization","@id":"https:\/\/antilda.com\/#organization","name":"antilda.com","url":"https:\/\/antilda.com\/","logo":{"@type":"ImageObject","inLanguage":"en-GB","@id":"https:\/\/antilda.com\/#\/schema\/logo\/image\/","url":"https:\/\/antilda.com\/wp-content\/uploads\/2022\/09\/logo-3.png","contentUrl":"https:\/\/antilda.com\/wp-content\/uploads\/2022\/09\/logo-3.png","width":1611,"height":497,"caption":"antilda.com"},"image":{"@id":"https:\/\/antilda.com\/#\/schema\/logo\/image\/"},"sameAs":["https:\/\/www.facebook.com\/ikeaantilopantilda","https:\/\/www.instagram.com\/antilda_accessories\/"]}]}},"_links":{"self":[{"href":"https:\/\/antilda.com\/eng\/wp-json\/wp\/v2\/product\/27266","targetHints":{"allow":["GET"]}}],"collection":[{"href":"https:\/\/antilda.com\/eng\/wp-json\/wp\/v2\/product"}],"about":[{"href":"https:\/\/antilda.com\/eng\/wp-json\/wp\/v2\/types\/product"}],"replies":[{"embeddable":true,"href":"https:\/\/antilda.com\/eng\/wp-json\/wp\/v2\/comments?post=27266"}],"wp:featuredmedia":[{"embeddable":true,"href":"https:\/\/antilda.com\/eng\/wp-json\/wp\/v2\/media\/28030"}],"wp:attachment":[{"href":"https:\/\/antilda.com\/eng\/wp-json\/wp\/v2\/media?parent=27266"}],"wp:term":[{"taxonomy":"product_brand","embeddable":true,"href":"https:\/\/antilda.com\/eng\/wp-json\/wp\/v2\/product_brand?post=27266"},{"taxonomy":"product_cat","embeddable":true,"href":"https:\/\/antilda.com\/eng\/wp-json\/wp\/v2\/product_cat?post=27266"},{"taxonomy":"product_tag","embeddable":true,"href":"https:\/\/antilda.com\/eng\/wp-json\/wp\/v2\/product_tag?post=27266"}],"curies":[{"name":"wp","href":"https:\/\/api.w.org\/{rel}","templated":true}]}}