{"id":28418,"date":"2025-02-10T10:49:06","date_gmt":"2025-02-10T09:49:06","guid":{"rendered":"https:\/\/antilda.com\/?post_type=product&#038;p=28418"},"modified":"2026-03-23T20:47:39","modified_gmt":"2026-03-23T19:47:39","slug":"mata-wylapujaca-brazowa-do-krzeselka-do-karmienia","status":"publish","type":"product","link":"https:\/\/antilda.com\/eng\/mata-wylapujaca-brazowa-do-krzeselka-do-karmienia\/","title":{"rendered":"Catch mat - brown - for feeding chair"},"content":{"rendered":"<p style=\"text-align: left;\"><strong>PRODUCT INFORMATION:<\/strong> BLW mat for IKEA Antilop highchair<\/p>\n<p style=\"text-align: left;\">Functional feeding chair mat.<br \/>\nIt is ideal for expanding the BLW diet and catches objects, food falling from the chair.<br \/>\nA valuable element when assisting with meals for four-legged friends \ud83d\ude42<br \/>\nThe mat is also useful for artwork<\/p>\n<p style=\"text-align: left;\"><strong>COLOUR:<\/strong> brown<br \/>\n<strong>MATERIAL:<\/strong> 100% polyester<\/p>\n<p>The mat comes with 3 sets of hooks and adhesive strips.<\/p>\n<ul>\n<li>Suitable for IKEA Antilop chair<\/li>\n<li style=\"text-align: left;\">Easy cleaning<\/li>\n<li>Woolproof, homogeneous fabric<\/li>\n<li>BLW mat<\/li>\n<\/ul>\n<p><strong>MAT INSTALLATION:<\/strong><a href=\"https:\/\/www.youtube.com\/watch?v=Ekr-Tz96fXw\"><em> check out the instructional video <strong>(click)<\/strong><\/em><\/a><strong><br \/>\n<\/strong><\/p>\n<p>The mat comes with 3 sets of hooks and adhesive strips.<\/p>\n<ul>\n<li>adapted to IKEA Anrulop chair<\/li>\n<li style=\"text-align: left;\">Easy cleaning<\/li>\n<li>Woolproof, homogeneous fabric<\/li>\n<li>BLW mat<\/li>\n<\/ul>\n<p><strong>MAT INSTALLATION:<\/strong><a href=\"https:\/\/youtu.be\/pfEfATZGJMM\"><em> check out the instructional video <strong>(click)<\/strong><\/em><\/a><strong><br \/>\n<\/strong><\/p>\n<p>The fixing hooks can be mounted on the outside and inside of the tray.<br \/>\nTake care to thoroughly clean and <strong>degrease<\/strong> tray before installation<\/p>\n<p><span style=\"font-size: 12pt;\">Do not whirl, <strong>do not tumble dry.<\/strong> Do not dry-clean.<br \/>\nWe suggest that greasy stains should be pre-washed with a soap solution before washing the bib in the washing machine.<br \/>\n<\/span><\/p>\n<p><em>The product was designed by Antilda and is the intellectual property of the brand.<\/em><br \/>\n<em>Any reproduction of the project without the author's consent violates copyright and may result in legal consequences.<\/em><\/p>\n<p><span style=\"font-size: 12pt;\">The condition of the product must be checked before each use. Do not allow the mat to be overloaded<br \/>\n<\/span><span style=\"font-size: 12pt;\">Product <strong>is not a toy<\/strong> for children. M<\/span><span style=\"color: #333333;\">t be used only under full adult supervision<strong><b><br \/>\n<\/b><\/strong><\/span><span style=\"font-size: 12pt; font-family: var(--rz-font-family-primary);\">Manufactured in Poland<\/span><\/p>","protected":false},"excerpt":{"rendered":"<h5><span style=\"color: #c1af9d; font-family: verdana, geneva, sans-serif;\"><strong><span style=\"font-size: 14pt;\">BLW catching mat for highchair\u00a0<\/span><\/strong><\/span><\/h5>\n<p style=\"padding-left: 40px;\">Practical<br \/>\nMakes it easier to clean up after a meal<br \/>\nSuitable for IKEA Antilop chair<br \/>\nEasy to clean<\/p>","protected":false},"featured_media":28425,"comment_status":"open","ping_status":"closed","template":"","meta":{"_acf_changed":false},"product_brand":[],"product_cat":[139,150],"product_tag":[],"class_list":{"0":"post-28418","1":"product","2":"type-product","3":"status-publish","4":"has-post-thumbnail","6":"product_cat-akcesoria","7":"product_cat-maty-wylapujace","9":"first","10":"outofstock","11":"taxable","12":"shipping-taxable","13":"purchasable","14":"product-type-simple"},"acf":[],"yoast_head":"<!-- This site is optimized with the Yoast SEO plugin v26.3 - https:\/\/yoast.com\/wordpress\/plugins\/seo\/ -->\n<title>Mata wy\u0142apuj\u0105ca - br\u0105zowa - do krzese\u0142ka do karmienia - antilda.com<\/title>\n<meta name=\"description\" content=\"Funkcjonalna i wszechstronna mata do krzese\u0142ka do karmienia.Idealnie sprawdzi si\u0119 przy rozszerzaniu diety BLW i wy\u0142apie spadaj\u0105ce z krzese\u0142ka przedmioty, jedzenieMata sprawdzi si\u0119 r\u00f3wnie\u017c podczas prac plastycznych\" \/>\n<meta name=\"robots\" content=\"index, follow, max-snippet:-1, max-image-preview:large, max-video-preview:-1\" \/>\n<link rel=\"canonical\" href=\"https:\/\/antilda.com\/eng\/mata-wylapujaca-brazowa-do-krzeselka-do-karmienia\/?wmc-currency=EUR\" \/>\n<meta property=\"og:locale\" content=\"en_GB\" \/>\n<meta property=\"og:type\" content=\"article\" \/>\n<meta property=\"og:title\" content=\"Mata wy\u0142apuj\u0105ca - br\u0105zowa - do krzese\u0142ka do karmienia - antilda.com\" \/>\n<meta property=\"og:description\" content=\"Funkcjonalna i wszechstronna mata do krzese\u0142ka do karmienia.Idealnie sprawdzi si\u0119 przy rozszerzaniu diety BLW i wy\u0142apie spadaj\u0105ce z krzese\u0142ka przedmioty, jedzenieMata sprawdzi si\u0119 r\u00f3wnie\u017c podczas prac plastycznych\" \/>\n<meta property=\"og:url\" content=\"https:\/\/antilda.com\/eng\/mata-wylapujaca-brazowa-do-krzeselka-do-karmienia\/?wmc-currency=EUR\" \/>\n<meta property=\"og:site_name\" content=\"antilda.com\" \/>\n<meta property=\"article:publisher\" content=\"https:\/\/www.facebook.com\/ikeaantilopantilda\" \/>\n<meta property=\"article:modified_time\" content=\"2026-03-23T19:47:39+00:00\" \/>\n<meta property=\"og:image\" content=\"https:\/\/antilda.com\/wp-content\/uploads\/2025\/02\/mata-blw-krzeselko-ikea-antilop-brazowa-1.png\" \/>\n\t<meta property=\"og:image:width\" content=\"1000\" \/>\n\t<meta property=\"og:image:height\" content=\"1333\" \/>\n\t<meta property=\"og:image:type\" content=\"image\/png\" \/>\n<meta name=\"twitter:card\" content=\"summary_large_image\" \/>\n<meta name=\"twitter:label1\" content=\"Estimated reading time\" \/>\n\t<meta name=\"twitter:data1\" content=\"2 minutes\" \/>\n<script type=\"application\/ld+json\" class=\"yoast-schema-graph\">{\"@context\":\"https:\/\/schema.org\",\"@graph\":[{\"@type\":\"WebPage\",\"@id\":\"https:\/\/antilda.com\/mata-wylapujaca-brazowa-do-krzeselka-do-karmienia\/\",\"url\":\"https:\/\/antilda.com\/mata-wylapujaca-brazowa-do-krzeselka-do-karmienia\/\",\"name\":\"Mata wy\u0142apuj\u0105ca - br\u0105zowa - do krzese\u0142ka do karmienia - antilda.com\",\"isPartOf\":{\"@id\":\"https:\/\/antilda.com\/#website\"},\"primaryImageOfPage\":{\"@id\":\"https:\/\/antilda.com\/mata-wylapujaca-brazowa-do-krzeselka-do-karmienia\/#primaryimage\"},\"image\":{\"@id\":\"https:\/\/antilda.com\/mata-wylapujaca-brazowa-do-krzeselka-do-karmienia\/#primaryimage\"},\"thumbnailUrl\":\"https:\/\/antilda.com\/wp-content\/uploads\/2025\/02\/mata-blw-krzeselko-ikea-antilop-brazowa-1.png\",\"datePublished\":\"2025-02-10T09:49:06+00:00\",\"dateModified\":\"2026-03-23T19:47:39+00:00\",\"description\":\"Funkcjonalna i wszechstronna mata do krzese\u0142ka do karmienia.Idealnie sprawdzi si\u0119 przy rozszerzaniu diety BLW i wy\u0142apie spadaj\u0105ce z krzese\u0142ka przedmioty, jedzenieMata sprawdzi si\u0119 r\u00f3wnie\u017c podczas prac plastycznych\",\"breadcrumb\":{\"@id\":\"https:\/\/antilda.com\/mata-wylapujaca-brazowa-do-krzeselka-do-karmienia\/#breadcrumb\"},\"inLanguage\":\"en-GB\",\"potentialAction\":[{\"@type\":\"ReadAction\",\"target\":[\"https:\/\/antilda.com\/mata-wylapujaca-brazowa-do-krzeselka-do-karmienia\/\"]}]},{\"@type\":\"ImageObject\",\"inLanguage\":\"en-GB\",\"@id\":\"https:\/\/antilda.com\/mata-wylapujaca-brazowa-do-krzeselka-do-karmienia\/#primaryimage\",\"url\":\"https:\/\/antilda.com\/wp-content\/uploads\/2025\/02\/mata-blw-krzeselko-ikea-antilop-brazowa-1.png\",\"contentUrl\":\"https:\/\/antilda.com\/wp-content\/uploads\/2025\/02\/mata-blw-krzeselko-ikea-antilop-brazowa-1.png\",\"width\":1000,\"height\":1333},{\"@type\":\"BreadcrumbList\",\"@id\":\"https:\/\/antilda.com\/mata-wylapujaca-brazowa-do-krzeselka-do-karmienia\/#breadcrumb\",\"itemListElement\":[{\"@type\":\"ListItem\",\"position\":1,\"name\":\"Strona g\u0142\u00f3wna\",\"item\":\"https:\/\/antilda.com\/\"},{\"@type\":\"ListItem\",\"position\":2,\"name\":\"Sklep\",\"item\":\"https:\/\/antilda.com\/sklep\/\"},{\"@type\":\"ListItem\",\"position\":3,\"name\":\"Mata wy\u0142apuj\u0105ca &#8211; br\u0105zowa &#8211; do krzese\u0142ka do karmienia\"}]},{\"@type\":\"WebSite\",\"@id\":\"https:\/\/antilda.com\/#website\",\"url\":\"https:\/\/antilda.com\/\",\"name\":\"antilda.com\",\"description\":\"Akcesesoria do krzese\u0142ka Ikea Antilop\",\"publisher\":{\"@id\":\"https:\/\/antilda.com\/#organization\"},\"potentialAction\":[{\"@type\":\"SearchAction\",\"target\":{\"@type\":\"EntryPoint\",\"urlTemplate\":\"https:\/\/antilda.com\/?s={search_term_string}\"},\"query-input\":{\"@type\":\"PropertyValueSpecification\",\"valueRequired\":true,\"valueName\":\"search_term_string\"}}],\"inLanguage\":\"en-GB\"},{\"@type\":\"Organization\",\"@id\":\"https:\/\/antilda.com\/#organization\",\"name\":\"antilda.com\",\"url\":\"https:\/\/antilda.com\/\",\"logo\":{\"@type\":\"ImageObject\",\"inLanguage\":\"en-GB\",\"@id\":\"https:\/\/antilda.com\/#\/schema\/logo\/image\/\",\"url\":\"https:\/\/antilda.com\/wp-content\/uploads\/2022\/09\/logo-3.png\",\"contentUrl\":\"https:\/\/antilda.com\/wp-content\/uploads\/2022\/09\/logo-3.png\",\"width\":1611,\"height\":497,\"caption\":\"antilda.com\"},\"image\":{\"@id\":\"https:\/\/antilda.com\/#\/schema\/logo\/image\/\"},\"sameAs\":[\"https:\/\/www.facebook.com\/ikeaantilopantilda\",\"https:\/\/www.instagram.com\/antilda_accessories\/\"]}]}<\/script>\n<!-- \/ Yoast SEO plugin. -->","yoast_head_json":{"title":"Catch mat - brown - for feeding chair - antilda.com","description":"Functional and versatile feeding chair mat.Ideal for expanding the BLW diet and catching falling objects, food from the chairThe mat can also be used for artwork.","robots":{"index":"index","follow":"follow","max-snippet":"max-snippet:-1","max-image-preview":"max-image-preview:large","max-video-preview":"max-video-preview:-1"},"canonical":"https:\/\/antilda.com\/eng\/mata-wylapujaca-brazowa-do-krzeselka-do-karmienia\/?wmc-currency=EUR","og_locale":"en_GB","og_type":"article","og_title":"Mata wy\u0142apuj\u0105ca - br\u0105zowa - do krzese\u0142ka do karmienia - antilda.com","og_description":"Funkcjonalna i wszechstronna mata do krzese\u0142ka do karmienia.Idealnie sprawdzi si\u0119 przy rozszerzaniu diety BLW i wy\u0142apie spadaj\u0105ce z krzese\u0142ka przedmioty, jedzenieMata sprawdzi si\u0119 r\u00f3wnie\u017c podczas prac plastycznych","og_url":"https:\/\/antilda.com\/eng\/mata-wylapujaca-brazowa-do-krzeselka-do-karmienia\/?wmc-currency=EUR","og_site_name":"antilda.com","article_publisher":"https:\/\/www.facebook.com\/ikeaantilopantilda","article_modified_time":"2026-03-23T19:47:39+00:00","og_image":[{"width":1000,"height":1333,"url":"https:\/\/antilda.com\/wp-content\/uploads\/2025\/02\/mata-blw-krzeselko-ikea-antilop-brazowa-1.png","type":"image\/png"}],"twitter_card":"summary_large_image","twitter_misc":{"Estimated reading time":"2 minutes"},"schema":{"@context":"https:\/\/schema.org","@graph":[{"@type":"WebPage","@id":"https:\/\/antilda.com\/mata-wylapujaca-brazowa-do-krzeselka-do-karmienia\/","url":"https:\/\/antilda.com\/mata-wylapujaca-brazowa-do-krzeselka-do-karmienia\/","name":"Catch mat - brown - for feeding chair - antilda.com","isPartOf":{"@id":"https:\/\/antilda.com\/#website"},"primaryImageOfPage":{"@id":"https:\/\/antilda.com\/mata-wylapujaca-brazowa-do-krzeselka-do-karmienia\/#primaryimage"},"image":{"@id":"https:\/\/antilda.com\/mata-wylapujaca-brazowa-do-krzeselka-do-karmienia\/#primaryimage"},"thumbnailUrl":"https:\/\/antilda.com\/wp-content\/uploads\/2025\/02\/mata-blw-krzeselko-ikea-antilop-brazowa-1.png","datePublished":"2025-02-10T09:49:06+00:00","dateModified":"2026-03-23T19:47:39+00:00","description":"Functional and versatile feeding chair mat.Ideal for expanding the BLW diet and catching falling objects, food from the chairThe mat can also be used for artwork.","breadcrumb":{"@id":"https:\/\/antilda.com\/mata-wylapujaca-brazowa-do-krzeselka-do-karmienia\/#breadcrumb"},"inLanguage":"en-GB","potentialAction":[{"@type":"ReadAction","target":["https:\/\/antilda.com\/mata-wylapujaca-brazowa-do-krzeselka-do-karmienia\/"]}]},{"@type":"ImageObject","inLanguage":"en-GB","@id":"https:\/\/antilda.com\/mata-wylapujaca-brazowa-do-krzeselka-do-karmienia\/#primaryimage","url":"https:\/\/antilda.com\/wp-content\/uploads\/2025\/02\/mata-blw-krzeselko-ikea-antilop-brazowa-1.png","contentUrl":"https:\/\/antilda.com\/wp-content\/uploads\/2025\/02\/mata-blw-krzeselko-ikea-antilop-brazowa-1.png","width":1000,"height":1333},{"@type":"BreadcrumbList","@id":"https:\/\/antilda.com\/mata-wylapujaca-brazowa-do-krzeselka-do-karmienia\/#breadcrumb","itemListElement":[{"@type":"ListItem","position":1,"name":"Strona g\u0142\u00f3wna","item":"https:\/\/antilda.com\/"},{"@type":"ListItem","position":2,"name":"Sklep","item":"https:\/\/antilda.com\/sklep\/"},{"@type":"ListItem","position":3,"name":"Mata wy\u0142apuj\u0105ca &#8211; br\u0105zowa &#8211; do krzese\u0142ka do karmienia"}]},{"@type":"WebSite","@id":"https:\/\/antilda.com\/#website","url":"https:\/\/antilda.com\/","name":"antilda.com","description":"Accessories for Ikea Antilop highchair","publisher":{"@id":"https:\/\/antilda.com\/#organization"},"potentialAction":[{"@type":"SearchAction","target":{"@type":"EntryPoint","urlTemplate":"https:\/\/antilda.com\/?s={search_term_string}"},"query-input":{"@type":"PropertyValueSpecification","valueRequired":true,"valueName":"search_term_string"}}],"inLanguage":"en-GB"},{"@type":"Organization","@id":"https:\/\/antilda.com\/#organization","name":"antilda.com","url":"https:\/\/antilda.com\/","logo":{"@type":"ImageObject","inLanguage":"en-GB","@id":"https:\/\/antilda.com\/#\/schema\/logo\/image\/","url":"https:\/\/antilda.com\/wp-content\/uploads\/2022\/09\/logo-3.png","contentUrl":"https:\/\/antilda.com\/wp-content\/uploads\/2022\/09\/logo-3.png","width":1611,"height":497,"caption":"antilda.com"},"image":{"@id":"https:\/\/antilda.com\/#\/schema\/logo\/image\/"},"sameAs":["https:\/\/www.facebook.com\/ikeaantilopantilda","https:\/\/www.instagram.com\/antilda_accessories\/"]}]}},"_links":{"self":[{"href":"https:\/\/antilda.com\/eng\/wp-json\/wp\/v2\/product\/28418","targetHints":{"allow":["GET"]}}],"collection":[{"href":"https:\/\/antilda.com\/eng\/wp-json\/wp\/v2\/product"}],"about":[{"href":"https:\/\/antilda.com\/eng\/wp-json\/wp\/v2\/types\/product"}],"replies":[{"embeddable":true,"href":"https:\/\/antilda.com\/eng\/wp-json\/wp\/v2\/comments?post=28418"}],"wp:featuredmedia":[{"embeddable":true,"href":"https:\/\/antilda.com\/eng\/wp-json\/wp\/v2\/media\/28425"}],"wp:attachment":[{"href":"https:\/\/antilda.com\/eng\/wp-json\/wp\/v2\/media?parent=28418"}],"wp:term":[{"taxonomy":"product_brand","embeddable":true,"href":"https:\/\/antilda.com\/eng\/wp-json\/wp\/v2\/product_brand?post=28418"},{"taxonomy":"product_cat","embeddable":true,"href":"https:\/\/antilda.com\/eng\/wp-json\/wp\/v2\/product_cat?post=28418"},{"taxonomy":"product_tag","embeddable":true,"href":"https:\/\/antilda.com\/eng\/wp-json\/wp\/v2\/product_tag?post=28418"}],"curies":[{"name":"wp","href":"https:\/\/api.w.org\/{rel}","templated":true}]}}