{"id":28834,"date":"2025-03-23T21:46:40","date_gmt":"2025-03-23T20:46:40","guid":{"rendered":"https:\/\/antilda.com\/?post_type=product&#038;p=28834"},"modified":"2026-04-07T20:52:48","modified_gmt":"2026-04-07T18:52:48","slug":"fartuszek-mama-i-dziecko-kawowy","status":"publish","type":"product","link":"https:\/\/antilda.com\/eng\/fartuszek-mama-i-dziecko-kawowy\/","title":{"rendered":"Mother and Child Apron - Coffee"},"content":{"rendered":"<p style=\"text-align: left;\"><span style=\"font-size: 10pt;\"><strong>PRODUCT INFORMATION:<\/strong> Waterproof aprons.<br \/>\nThey allow you to keep your child's clothes dry and clean during kitchen work, cooking games or artwork.<\/span><\/p>\n<p style=\"text-align: left;\"><strong><span style=\"font-size: small;\">You can choose an apron right away in a set - for Mom and Baby or opt for one of each\u00a0<\/span><br \/>\n<\/strong><br \/>\n<span style=\"font-size: 10pt;\">Universal sizes<br \/>\n<\/span><strong style=\"font-size: 10pt; font-family: var(--rz-font-family-primary);\">DIMENSIONS:<br \/>\n<\/strong><span style=\"font-family: var(--rz-font-family-primary); font-size: 10pt;\">Children's apron - length 50cm \/ width 50cm<br \/>\n<\/span><span style=\"font-family: var(--rz-font-family-primary); font-size: 10pt;\">Mum's apron <\/span><span style=\"font-family: var(--rz-font-family-primary); font-size: 10pt;\">- length 75cm \/ width 60cm\u00a0<\/span><\/p>\n<p style=\"text-align: left;\"><span style=\"font-size: 10pt;\"><span style=\"font-size: 10pt; font-family: var(--rz-font-family-primary);\">The apron can be fastened and adjusted at the neck with press studs in three variations.<\/span><\/span><\/p>\n<ul>\n<li><span style=\"font-size: 10pt;\"><strong>apron<\/strong> <strong>for Mom<\/strong> &#8211; <a href=\"https:\/\/antilda.com\/eng\/fartuszek-do-gotowania-mama-kawa\/?wmc-currency=EUR\">get (here)<\/a><\/span><\/li>\n<li><span style=\"font-size: 10pt;\"><strong>apron<\/strong> <strong>for the Child<\/strong>&#8211; <a href=\"https:\/\/antilda.com\/eng\/fartuszek-do-gotowania-dziecko-kawa\/?wmc-currency=EUR\">get (here)<\/a><\/span><\/li>\n<\/ul>\n<p style=\"text-align: left;\"><span style=\"font-size: 10pt;\"><strong>DIMENSIONS:<br \/>\n<\/strong><\/span><span style=\"font-size: 10pt;\">child's apron: length: \/ width.<br \/>\n<\/span><span style=\"font-size: 10pt;\">Mum's apron: length:<br \/>\n<strong><br \/>\nMATERIAL<\/strong>: 100% polyester with TPU membrane<br \/>\n<\/span><\/p>\n<p style=\"text-align: left;\"><span style=\"font-size: 10pt;\">Do not spin dry, do not tumble dry. Do not dry clean.<br \/>\nWe suggest that greasy stains should be pre-washed with a soap solution before washing the bib in the washing machine.<br \/>\nThe product is not a toy for children. Manufactured in Poland<\/span><\/p>\n<p>additional information \u2193<\/p>","protected":false},"excerpt":{"rendered":"<h6 style=\"text-align: left;\"><strong><span style=\"font-size: 14pt; color: #c1af9d;\">Waterproof apron - mother &amp; child\u00a0<\/span><\/strong><\/h6>\n<p>Keeps baby's clothes dry and clean<br \/>\nPossibility of fastening at the neck with press studs in three variations<br \/>\nUseful when expanding the diet<br \/>\nIdeal for art games<\/p>\n<p>&nbsp;<\/p>","protected":false},"featured_media":28859,"comment_status":"closed","ping_status":"closed","template":"","meta":{"_acf_changed":false},"product_brand":[],"product_cat":[139,115],"product_tag":[],"class_list":{"0":"post-28834","1":"product","2":"type-product","3":"status-publish","4":"has-post-thumbnail","6":"product_cat-akcesoria","7":"product_cat-sliniaki","9":"first","10":"outofstock","11":"taxable","12":"shipping-taxable","13":"purchasable","14":"product-type-variable"},"acf":[],"yoast_head":"<!-- This site is optimized with the Yoast SEO plugin v26.3 - https:\/\/yoast.com\/wordpress\/plugins\/seo\/ -->\n<title>Fartuch do gotowania - Mama i dziecko - Sklep www.antilda.pl<\/title>\n<meta name=\"description\" content=\"Wodoodporny fartuch zapinany na napy | Jednolity materia\u0142 z nieprzemakaln\u0105 membran\u0105 | Pozwala zachowa\u0107 ubranka dziecka suche i czyste podczas rozszerzania diety BLW | gotowanie z rodzin\u0105\" \/>\n<meta name=\"robots\" content=\"index, follow, max-snippet:-1, max-image-preview:large, max-video-preview:-1\" \/>\n<link rel=\"canonical\" href=\"https:\/\/antilda.com\/eng\/fartuszek-mama-i-dziecko-kawowy\/?wmc-currency=EUR\" \/>\n<meta property=\"og:locale\" content=\"en_GB\" \/>\n<meta property=\"og:type\" content=\"article\" \/>\n<meta property=\"og:title\" content=\"Fartuch do gotowania - Mama i dziecko - Sklep www.antilda.pl\" \/>\n<meta property=\"og:description\" content=\"Wodoodporny fartuch zapinany na napy | Jednolity materia\u0142 z nieprzemakaln\u0105 membran\u0105 | Pozwala zachowa\u0107 ubranka dziecka suche i czyste podczas rozszerzania diety BLW | gotowanie z rodzin\u0105\" \/>\n<meta property=\"og:url\" content=\"https:\/\/antilda.com\/eng\/fartuszek-mama-i-dziecko-kawowy\/?wmc-currency=EUR\" \/>\n<meta property=\"og:site_name\" content=\"antilda.com\" \/>\n<meta property=\"article:publisher\" content=\"https:\/\/www.facebook.com\/ikeaantilopantilda\" \/>\n<meta property=\"article:modified_time\" content=\"2026-04-07T18:52:48+00:00\" \/>\n<meta property=\"og:image\" content=\"https:\/\/antilda.com\/wp-content\/uploads\/2025\/03\/fatuch-dla-mamy-i-dziecka-do-rozszerzania-diety-kawa.png\" \/>\n\t<meta property=\"og:image:width\" content=\"1000\" \/>\n\t<meta property=\"og:image:height\" content=\"1333\" \/>\n\t<meta property=\"og:image:type\" content=\"image\/png\" \/>\n<meta name=\"twitter:card\" content=\"summary_large_image\" \/>\n<meta name=\"twitter:label1\" content=\"Estimated reading time\" \/>\n\t<meta name=\"twitter:data1\" content=\"1 minute\" \/>\n<script type=\"application\/ld+json\" class=\"yoast-schema-graph\">{\"@context\":\"https:\/\/schema.org\",\"@graph\":[{\"@type\":\"WebPage\",\"@id\":\"https:\/\/antilda.com\/fartuszek-mama-i-dziecko-kawowy\/\",\"url\":\"https:\/\/antilda.com\/fartuszek-mama-i-dziecko-kawowy\/\",\"name\":\"Fartuch do gotowania - Mama i dziecko - Sklep www.antilda.pl\",\"isPartOf\":{\"@id\":\"https:\/\/antilda.com\/#website\"},\"primaryImageOfPage\":{\"@id\":\"https:\/\/antilda.com\/fartuszek-mama-i-dziecko-kawowy\/#primaryimage\"},\"image\":{\"@id\":\"https:\/\/antilda.com\/fartuszek-mama-i-dziecko-kawowy\/#primaryimage\"},\"thumbnailUrl\":\"https:\/\/antilda.com\/wp-content\/uploads\/2025\/03\/fatuch-dla-mamy-i-dziecka-do-rozszerzania-diety-kawa.png\",\"datePublished\":\"2025-03-23T20:46:40+00:00\",\"dateModified\":\"2026-04-07T18:52:48+00:00\",\"description\":\"Wodoodporny fartuch zapinany na napy | Jednolity materia\u0142 z nieprzemakaln\u0105 membran\u0105 | Pozwala zachowa\u0107 ubranka dziecka suche i czyste podczas rozszerzania diety BLW | gotowanie z rodzin\u0105\",\"breadcrumb\":{\"@id\":\"https:\/\/antilda.com\/fartuszek-mama-i-dziecko-kawowy\/#breadcrumb\"},\"inLanguage\":\"en-GB\",\"potentialAction\":[{\"@type\":\"ReadAction\",\"target\":[\"https:\/\/antilda.com\/fartuszek-mama-i-dziecko-kawowy\/\"]}]},{\"@type\":\"ImageObject\",\"inLanguage\":\"en-GB\",\"@id\":\"https:\/\/antilda.com\/fartuszek-mama-i-dziecko-kawowy\/#primaryimage\",\"url\":\"https:\/\/antilda.com\/wp-content\/uploads\/2025\/03\/fatuch-dla-mamy-i-dziecka-do-rozszerzania-diety-kawa.png\",\"contentUrl\":\"https:\/\/antilda.com\/wp-content\/uploads\/2025\/03\/fatuch-dla-mamy-i-dziecka-do-rozszerzania-diety-kawa.png\",\"width\":1000,\"height\":1333},{\"@type\":\"BreadcrumbList\",\"@id\":\"https:\/\/antilda.com\/fartuszek-mama-i-dziecko-kawowy\/#breadcrumb\",\"itemListElement\":[{\"@type\":\"ListItem\",\"position\":1,\"name\":\"Strona g\u0142\u00f3wna\",\"item\":\"https:\/\/antilda.com\/\"},{\"@type\":\"ListItem\",\"position\":2,\"name\":\"Sklep\",\"item\":\"https:\/\/antilda.com\/sklep\/\"},{\"@type\":\"ListItem\",\"position\":3,\"name\":\"Fartuszek Mama i Dziecko &#8211; Kawowy\"}]},{\"@type\":\"WebSite\",\"@id\":\"https:\/\/antilda.com\/#website\",\"url\":\"https:\/\/antilda.com\/\",\"name\":\"antilda.com\",\"description\":\"Akcesesoria do krzese\u0142ka Ikea Antilop\",\"publisher\":{\"@id\":\"https:\/\/antilda.com\/#organization\"},\"potentialAction\":[{\"@type\":\"SearchAction\",\"target\":{\"@type\":\"EntryPoint\",\"urlTemplate\":\"https:\/\/antilda.com\/?s={search_term_string}\"},\"query-input\":{\"@type\":\"PropertyValueSpecification\",\"valueRequired\":true,\"valueName\":\"search_term_string\"}}],\"inLanguage\":\"en-GB\"},{\"@type\":\"Organization\",\"@id\":\"https:\/\/antilda.com\/#organization\",\"name\":\"antilda.com\",\"url\":\"https:\/\/antilda.com\/\",\"logo\":{\"@type\":\"ImageObject\",\"inLanguage\":\"en-GB\",\"@id\":\"https:\/\/antilda.com\/#\/schema\/logo\/image\/\",\"url\":\"https:\/\/antilda.com\/wp-content\/uploads\/2022\/09\/logo-3.png\",\"contentUrl\":\"https:\/\/antilda.com\/wp-content\/uploads\/2022\/09\/logo-3.png\",\"width\":1611,\"height\":497,\"caption\":\"antilda.com\"},\"image\":{\"@id\":\"https:\/\/antilda.com\/#\/schema\/logo\/image\/\"},\"sameAs\":[\"https:\/\/www.facebook.com\/ikeaantilopantilda\",\"https:\/\/www.instagram.com\/antilda_accessories\/\"]}]}<\/script>\n<!-- \/ Yoast SEO plugin. -->","yoast_head_json":{"title":"Apron for cooking - Mum and baby - Shop www.antilda.pl","description":"Waterproof apron with press-stud fastening | Solid fabric with waterproof membrane | Keeps baby's clothes dry and clean during BLW dietary expansion | Cooking with the family","robots":{"index":"index","follow":"follow","max-snippet":"max-snippet:-1","max-image-preview":"max-image-preview:large","max-video-preview":"max-video-preview:-1"},"canonical":"https:\/\/antilda.com\/eng\/fartuszek-mama-i-dziecko-kawowy\/?wmc-currency=EUR","og_locale":"en_GB","og_type":"article","og_title":"Fartuch do gotowania - Mama i dziecko - Sklep www.antilda.pl","og_description":"Wodoodporny fartuch zapinany na napy | Jednolity materia\u0142 z nieprzemakaln\u0105 membran\u0105 | Pozwala zachowa\u0107 ubranka dziecka suche i czyste podczas rozszerzania diety BLW | gotowanie z rodzin\u0105","og_url":"https:\/\/antilda.com\/eng\/fartuszek-mama-i-dziecko-kawowy\/?wmc-currency=EUR","og_site_name":"antilda.com","article_publisher":"https:\/\/www.facebook.com\/ikeaantilopantilda","article_modified_time":"2026-04-07T18:52:48+00:00","og_image":[{"width":1000,"height":1333,"url":"https:\/\/antilda.com\/wp-content\/uploads\/2025\/03\/fatuch-dla-mamy-i-dziecka-do-rozszerzania-diety-kawa.png","type":"image\/png"}],"twitter_card":"summary_large_image","twitter_misc":{"Estimated reading time":"1 minute"},"schema":{"@context":"https:\/\/schema.org","@graph":[{"@type":"WebPage","@id":"https:\/\/antilda.com\/fartuszek-mama-i-dziecko-kawowy\/","url":"https:\/\/antilda.com\/fartuszek-mama-i-dziecko-kawowy\/","name":"Apron for cooking - Mum and baby - Shop www.antilda.pl","isPartOf":{"@id":"https:\/\/antilda.com\/#website"},"primaryImageOfPage":{"@id":"https:\/\/antilda.com\/fartuszek-mama-i-dziecko-kawowy\/#primaryimage"},"image":{"@id":"https:\/\/antilda.com\/fartuszek-mama-i-dziecko-kawowy\/#primaryimage"},"thumbnailUrl":"https:\/\/antilda.com\/wp-content\/uploads\/2025\/03\/fatuch-dla-mamy-i-dziecka-do-rozszerzania-diety-kawa.png","datePublished":"2025-03-23T20:46:40+00:00","dateModified":"2026-04-07T18:52:48+00:00","description":"Waterproof apron with press-stud fastening | Solid fabric with waterproof membrane | Keeps baby's clothes dry and clean during BLW dietary expansion | Cooking with the family","breadcrumb":{"@id":"https:\/\/antilda.com\/fartuszek-mama-i-dziecko-kawowy\/#breadcrumb"},"inLanguage":"en-GB","potentialAction":[{"@type":"ReadAction","target":["https:\/\/antilda.com\/fartuszek-mama-i-dziecko-kawowy\/"]}]},{"@type":"ImageObject","inLanguage":"en-GB","@id":"https:\/\/antilda.com\/fartuszek-mama-i-dziecko-kawowy\/#primaryimage","url":"https:\/\/antilda.com\/wp-content\/uploads\/2025\/03\/fatuch-dla-mamy-i-dziecka-do-rozszerzania-diety-kawa.png","contentUrl":"https:\/\/antilda.com\/wp-content\/uploads\/2025\/03\/fatuch-dla-mamy-i-dziecka-do-rozszerzania-diety-kawa.png","width":1000,"height":1333},{"@type":"BreadcrumbList","@id":"https:\/\/antilda.com\/fartuszek-mama-i-dziecko-kawowy\/#breadcrumb","itemListElement":[{"@type":"ListItem","position":1,"name":"Strona g\u0142\u00f3wna","item":"https:\/\/antilda.com\/"},{"@type":"ListItem","position":2,"name":"Sklep","item":"https:\/\/antilda.com\/sklep\/"},{"@type":"ListItem","position":3,"name":"Fartuszek Mama i Dziecko &#8211; Kawowy"}]},{"@type":"WebSite","@id":"https:\/\/antilda.com\/#website","url":"https:\/\/antilda.com\/","name":"antilda.com","description":"Accessories for Ikea Antilop highchair","publisher":{"@id":"https:\/\/antilda.com\/#organization"},"potentialAction":[{"@type":"SearchAction","target":{"@type":"EntryPoint","urlTemplate":"https:\/\/antilda.com\/?s={search_term_string}"},"query-input":{"@type":"PropertyValueSpecification","valueRequired":true,"valueName":"search_term_string"}}],"inLanguage":"en-GB"},{"@type":"Organization","@id":"https:\/\/antilda.com\/#organization","name":"antilda.com","url":"https:\/\/antilda.com\/","logo":{"@type":"ImageObject","inLanguage":"en-GB","@id":"https:\/\/antilda.com\/#\/schema\/logo\/image\/","url":"https:\/\/antilda.com\/wp-content\/uploads\/2022\/09\/logo-3.png","contentUrl":"https:\/\/antilda.com\/wp-content\/uploads\/2022\/09\/logo-3.png","width":1611,"height":497,"caption":"antilda.com"},"image":{"@id":"https:\/\/antilda.com\/#\/schema\/logo\/image\/"},"sameAs":["https:\/\/www.facebook.com\/ikeaantilopantilda","https:\/\/www.instagram.com\/antilda_accessories\/"]}]}},"_links":{"self":[{"href":"https:\/\/antilda.com\/eng\/wp-json\/wp\/v2\/product\/28834","targetHints":{"allow":["GET"]}}],"collection":[{"href":"https:\/\/antilda.com\/eng\/wp-json\/wp\/v2\/product"}],"about":[{"href":"https:\/\/antilda.com\/eng\/wp-json\/wp\/v2\/types\/product"}],"replies":[{"embeddable":true,"href":"https:\/\/antilda.com\/eng\/wp-json\/wp\/v2\/comments?post=28834"}],"wp:featuredmedia":[{"embeddable":true,"href":"https:\/\/antilda.com\/eng\/wp-json\/wp\/v2\/media\/28859"}],"wp:attachment":[{"href":"https:\/\/antilda.com\/eng\/wp-json\/wp\/v2\/media?parent=28834"}],"wp:term":[{"taxonomy":"product_brand","embeddable":true,"href":"https:\/\/antilda.com\/eng\/wp-json\/wp\/v2\/product_brand?post=28834"},{"taxonomy":"product_cat","embeddable":true,"href":"https:\/\/antilda.com\/eng\/wp-json\/wp\/v2\/product_cat?post=28834"},{"taxonomy":"product_tag","embeddable":true,"href":"https:\/\/antilda.com\/eng\/wp-json\/wp\/v2\/product_tag?post=28834"}],"curies":[{"name":"wp","href":"https:\/\/api.w.org\/{rel}","templated":true}]}}