{"id":29223,"date":"2025-05-22T21:44:04","date_gmt":"2025-05-22T19:44:04","guid":{"rendered":"https:\/\/antilda.com\/?post_type=product&#038;p=29223"},"modified":"2026-05-02T00:07:38","modified_gmt":"2026-05-01T22:07:38","slug":"sztucce-dla-dziecka-zestaw-lyzeczka-i-widelec-kolor-ceglasty","status":"publish","type":"product","link":"https:\/\/antilda.com\/eng\/sztucce-dla-dziecka-zestaw-lyzeczka-i-widelec-kolor-ceglasty\/","title":{"rendered":"Children's cutlery - spoon and fork set - colour Brick grey"},"content":{"rendered":"<p style=\"text-align: left;\">Cutlery for teaching independent eating - set<\/p>\n<p>Made of food-grade stainless steel and an ergonomic silicone handle.<br \/>\nThey are durable and comfortable for your baby to use<br \/>\nThe kit includes <strong data-start=\"1257\" data-end=\"1279\">spoon and fork<\/strong> - ideal for learning to eat independently<\/p>\n<p><strong>DIMENSIONS:<\/strong> \u00a0 length x width 10.8 cm x 2.8 cm<br \/>\nhandle width: 3cm \/ height: 1.5cm<\/p>\n<p>Material : food grade silicone + 316L stainless steel<\/p>\n<ul>\n<li style=\"text-align: left;\">Made of safe materials: <strong data-start=\"1517\" data-end=\"1552\">free of BPA, PVC, phthalates and lead<\/strong><\/li>\n<li>The silicone handle is finished with an additional locking element so that the child does not put the cutlery too deep into his mouth<\/li>\n<li><span class=\"_fadeIn_4f9by_7\">Support <\/span><span class=\"_fadeIn_4f9by_7\">development <\/span><span class=\"_fadeIn_4f9by_7\">Coordination <\/span><span class=\"_fadeIn_4f9by_7\">visual-<\/span><span class=\"_fadeIn_4f9by_7\">movement <\/span><span class=\"_fadeIn_4f9by_7\">and <\/span><span class=\"_fadeIn_4f9by_7\">performance <\/span><span class=\"_fadeIn_4f9by_7\">manual<\/span><\/li>\n<li>They support the development of fine motor skills and make it easier to learn to consciously operate the hands while eating.<\/li>\n<li>The shape of the silicone part of the cutlery handle fits small hands and allows them to hold it comfortably.<\/li>\n<li>The metal part of the cutlery resembles the look of classic adult cutlery, making it easier for the child to gradually transition to 'grown-up' accessories and encouraging independent eating.<\/li>\n<li>They will be useful during <strong data-start=\"1838\" data-end=\"1869\">walks, journeys and outings<\/strong> restaurants<\/li>\n<li>Cutlery can be matched to the colours of the silicone mats<\/li>\n<\/ul>\n<p><em>Teaspoon<\/em> width of metal part: 2.8cm<br \/>\n<em>Fork<\/em> width of metal part: 2.2cm<\/p>\n<p style=\"font-weight: 300;\">Make sure the product is in good condition before each use. If you notice signs of wear or damage, it is recommended to replace it. The cutlery should be washed both before the first use and after each subsequent use. Some food ingredients may cause discolouration, which does not affect the functionality of the product. Store in a dry place, protected from direct sunlight and heat sources.<\/p>\n<p>&nbsp;<\/p>","protected":false},"excerpt":{"rendered":"<h5><strong><span style=\"color: #c1af9d;\"><span style=\"caret-color: #c1af9d;\">Cutlery<\/span> for the child - to learn to eat independently\u00a0<\/span><br \/>\n<span style=\"font-size: 12pt;\">(set: spoon and fork)<\/span><\/strong><\/h5>\n<p style=\"padding-left: 40px;\">Ergonomic design<br \/>\nLightweight, pleasant to the touch and to use<br \/>\n<span style=\"color: var(--rz-text-color); font-family: var(--rz-font-family-primary);\">Made of safe materials<\/span><br \/>\n<span style=\"color: var(--rz-text-color); font-family: var(--rz-font-family-primary);\">Metal part made of stainless steel<br \/>\nErgonomic shape to suit small hands<br \/>\n<span style=\"font-family: var(--rz-font-family-primary);\">Silicone handle with locking element <\/span><br \/>\n<\/span><span style=\"font-family: var(--rz-font-family-primary);\">Rounded tips<br \/>\n<\/span><\/p>","protected":false},"featured_media":29241,"comment_status":"open","ping_status":"closed","template":"","meta":{"_acf_changed":false},"product_brand":[],"product_cat":[149,146],"product_tag":[],"class_list":{"0":"post-29223","1":"product","2":"type-product","3":"status-publish","4":"has-post-thumbnail","6":"product_cat-sztucce-dla-dzeci","7":"product_cat-karmienie","9":"first","10":"instock","11":"taxable","12":"shipping-taxable","13":"purchasable","14":"product-type-simple"},"acf":[],"yoast_head":"<!-- This site is optimized with the Yoast SEO plugin v26.3 - https:\/\/yoast.com\/wordpress\/plugins\/seo\/ -->\n<title>Sztu\u0107ce dla Dziecka do nauki jedzenia - sklep antilda.com<\/title>\n<meta name=\"description\" content=\"Zestaw dzieci\u0119cych sztu\u0107c\u00f3w do nauki samodzielnego jedzenia przy rozszerzaniu diety. Wykonane z bezpiecznych materia\u0142\u00f3w zapewniaj\u0105 komfort i bezpiecze\u0144stwo podczas ka\u017cdego posi\u0142ku. Silikonowa r\u0105czka z blokad\u0105 chroni malucha przed zbyt g\u0142\u0119bokim w\u0142o\u017ceniem sztu\u0107c\u00f3w do buzi, wspieraj\u0105c jednocze\u015bnie rozw\u00f3j motoryki ma\u0142ej i koordynacji wzrokowo-ruchowej. Kszta\u0142t zosta\u0142 dopasowany do ma\u0142ych r\u0105czek, co u\u0142atwia chwytanie i zach\u0119ca dziecko do samodzielno\u015bci. Sztu\u0107ce \u015bwietnie komponuj\u0105 si\u0119 kolorystycznie z silikonowymi matami oraz innymi akcesoriami do karmienia\" \/>\n<meta name=\"robots\" content=\"index, follow, max-snippet:-1, max-image-preview:large, max-video-preview:-1\" \/>\n<link rel=\"canonical\" href=\"https:\/\/antilda.com\/eng\/sztucce-dla-dziecka-zestaw-lyzeczka-i-widelec-kolor-ceglasty\/?wmc-currency=EUR\" \/>\n<meta property=\"og:locale\" content=\"en_GB\" \/>\n<meta property=\"og:type\" content=\"article\" \/>\n<meta property=\"og:title\" content=\"Sztu\u0107ce dla Dziecka do nauki jedzenia - sklep antilda.com\" \/>\n<meta property=\"og:description\" content=\"Zestaw dzieci\u0119cych sztu\u0107c\u00f3w do nauki samodzielnego jedzenia przy rozszerzaniu diety. Wykonane z bezpiecznych materia\u0142\u00f3w zapewniaj\u0105 komfort i bezpiecze\u0144stwo podczas ka\u017cdego posi\u0142ku. Silikonowa r\u0105czka z blokad\u0105 chroni malucha przed zbyt g\u0142\u0119bokim w\u0142o\u017ceniem sztu\u0107c\u00f3w do buzi, wspieraj\u0105c jednocze\u015bnie rozw\u00f3j motoryki ma\u0142ej i koordynacji wzrokowo-ruchowej. Kszta\u0142t zosta\u0142 dopasowany do ma\u0142ych r\u0105czek, co u\u0142atwia chwytanie i zach\u0119ca dziecko do samodzielno\u015bci. Sztu\u0107ce \u015bwietnie komponuj\u0105 si\u0119 kolorystycznie z silikonowymi matami oraz innymi akcesoriami do karmienia\" \/>\n<meta property=\"og:url\" content=\"https:\/\/antilda.com\/eng\/sztucce-dla-dziecka-zestaw-lyzeczka-i-widelec-kolor-ceglasty\/?wmc-currency=EUR\" \/>\n<meta property=\"og:site_name\" content=\"antilda.com\" \/>\n<meta property=\"article:publisher\" content=\"https:\/\/www.facebook.com\/ikeaantilopantilda\" \/>\n<meta property=\"article:modified_time\" content=\"2026-05-01T22:07:38+00:00\" \/>\n<meta property=\"og:image\" content=\"https:\/\/antilda.com\/wp-content\/uploads\/2025\/05\/sztucce-dla-dziecka-do-nauki-jedzenia-ceglasty-2.png\" \/>\n\t<meta property=\"og:image:width\" content=\"1000\" \/>\n\t<meta property=\"og:image:height\" content=\"1333\" \/>\n\t<meta property=\"og:image:type\" content=\"image\/png\" \/>\n<meta name=\"twitter:card\" content=\"summary_large_image\" \/>\n<meta name=\"twitter:label1\" content=\"Estimated reading time\" \/>\n\t<meta name=\"twitter:data1\" content=\"2 minutes\" \/>\n<script type=\"application\/ld+json\" class=\"yoast-schema-graph\">{\"@context\":\"https:\/\/schema.org\",\"@graph\":[{\"@type\":\"WebPage\",\"@id\":\"https:\/\/antilda.com\/sztucce-dla-dziecka-zestaw-lyzeczka-i-widelec-kolor-ceglasty\/\",\"url\":\"https:\/\/antilda.com\/sztucce-dla-dziecka-zestaw-lyzeczka-i-widelec-kolor-ceglasty\/\",\"name\":\"Sztu\u0107ce dla Dziecka do nauki jedzenia - sklep antilda.com\",\"isPartOf\":{\"@id\":\"https:\/\/antilda.com\/#website\"},\"primaryImageOfPage\":{\"@id\":\"https:\/\/antilda.com\/sztucce-dla-dziecka-zestaw-lyzeczka-i-widelec-kolor-ceglasty\/#primaryimage\"},\"image\":{\"@id\":\"https:\/\/antilda.com\/sztucce-dla-dziecka-zestaw-lyzeczka-i-widelec-kolor-ceglasty\/#primaryimage\"},\"thumbnailUrl\":\"https:\/\/antilda.com\/wp-content\/uploads\/2025\/05\/sztucce-dla-dziecka-do-nauki-jedzenia-ceglasty-2.png\",\"datePublished\":\"2025-05-22T19:44:04+00:00\",\"dateModified\":\"2026-05-01T22:07:38+00:00\",\"description\":\"Zestaw dzieci\u0119cych sztu\u0107c\u00f3w do nauki samodzielnego jedzenia przy rozszerzaniu diety. Wykonane z bezpiecznych materia\u0142\u00f3w zapewniaj\u0105 komfort i bezpiecze\u0144stwo podczas ka\u017cdego posi\u0142ku. Silikonowa r\u0105czka z blokad\u0105 chroni malucha przed zbyt g\u0142\u0119bokim w\u0142o\u017ceniem sztu\u0107c\u00f3w do buzi, wspieraj\u0105c jednocze\u015bnie rozw\u00f3j motoryki ma\u0142ej i koordynacji wzrokowo-ruchowej. Kszta\u0142t zosta\u0142 dopasowany do ma\u0142ych r\u0105czek, co u\u0142atwia chwytanie i zach\u0119ca dziecko do samodzielno\u015bci. Sztu\u0107ce \u015bwietnie komponuj\u0105 si\u0119 kolorystycznie z silikonowymi matami oraz innymi akcesoriami do karmienia\",\"breadcrumb\":{\"@id\":\"https:\/\/antilda.com\/sztucce-dla-dziecka-zestaw-lyzeczka-i-widelec-kolor-ceglasty\/#breadcrumb\"},\"inLanguage\":\"en-GB\",\"potentialAction\":[{\"@type\":\"ReadAction\",\"target\":[\"https:\/\/antilda.com\/sztucce-dla-dziecka-zestaw-lyzeczka-i-widelec-kolor-ceglasty\/\"]}]},{\"@type\":\"ImageObject\",\"inLanguage\":\"en-GB\",\"@id\":\"https:\/\/antilda.com\/sztucce-dla-dziecka-zestaw-lyzeczka-i-widelec-kolor-ceglasty\/#primaryimage\",\"url\":\"https:\/\/antilda.com\/wp-content\/uploads\/2025\/05\/sztucce-dla-dziecka-do-nauki-jedzenia-ceglasty-2.png\",\"contentUrl\":\"https:\/\/antilda.com\/wp-content\/uploads\/2025\/05\/sztucce-dla-dziecka-do-nauki-jedzenia-ceglasty-2.png\",\"width\":1000,\"height\":1333},{\"@type\":\"BreadcrumbList\",\"@id\":\"https:\/\/antilda.com\/sztucce-dla-dziecka-zestaw-lyzeczka-i-widelec-kolor-ceglasty\/#breadcrumb\",\"itemListElement\":[{\"@type\":\"ListItem\",\"position\":1,\"name\":\"Strona g\u0142\u00f3wna\",\"item\":\"https:\/\/antilda.com\/\"},{\"@type\":\"ListItem\",\"position\":2,\"name\":\"Sklep\",\"item\":\"https:\/\/antilda.com\/sklep\/\"},{\"@type\":\"ListItem\",\"position\":3,\"name\":\"Sztu\u0107ce dla dziecka &#8211; zestaw \u0142y\u017ceczka i widelec &#8211; kolor Ceglasty\"}]},{\"@type\":\"WebSite\",\"@id\":\"https:\/\/antilda.com\/#website\",\"url\":\"https:\/\/antilda.com\/\",\"name\":\"antilda.com\",\"description\":\"Akcesesoria do krzese\u0142ka Ikea Antilop\",\"publisher\":{\"@id\":\"https:\/\/antilda.com\/#organization\"},\"potentialAction\":[{\"@type\":\"SearchAction\",\"target\":{\"@type\":\"EntryPoint\",\"urlTemplate\":\"https:\/\/antilda.com\/?s={search_term_string}\"},\"query-input\":{\"@type\":\"PropertyValueSpecification\",\"valueRequired\":true,\"valueName\":\"search_term_string\"}}],\"inLanguage\":\"en-GB\"},{\"@type\":\"Organization\",\"@id\":\"https:\/\/antilda.com\/#organization\",\"name\":\"antilda.com\",\"url\":\"https:\/\/antilda.com\/\",\"logo\":{\"@type\":\"ImageObject\",\"inLanguage\":\"en-GB\",\"@id\":\"https:\/\/antilda.com\/#\/schema\/logo\/image\/\",\"url\":\"https:\/\/antilda.com\/wp-content\/uploads\/2022\/09\/logo-3.png\",\"contentUrl\":\"https:\/\/antilda.com\/wp-content\/uploads\/2022\/09\/logo-3.png\",\"width\":1611,\"height\":497,\"caption\":\"antilda.com\"},\"image\":{\"@id\":\"https:\/\/antilda.com\/#\/schema\/logo\/image\/\"},\"sameAs\":[\"https:\/\/www.facebook.com\/ikeaantilopantilda\",\"https:\/\/www.instagram.com\/antilda_accessories\/\"]}]}<\/script>\n<!-- \/ Yoast SEO plugin. -->","yoast_head_json":{"title":"Baby cutlery for learning to eat - shop antilda.com","description":"Set of children's cutlery for learning to eat independently when expanding their diet. Made from safe materials, they ensure comfort and safety during every meal. The silicone handle with a lock protects the toddler from putting the cutlery too deep into his mouth, at the same time supporting the development of small motor skills and eye-hand coordination. The shape has been tailored to fit little hands, making it easier to grasp and encouraging the child's independence. The cutlery blends in perfectly with the silicone mats and other feeding accessories.","robots":{"index":"index","follow":"follow","max-snippet":"max-snippet:-1","max-image-preview":"max-image-preview:large","max-video-preview":"max-video-preview:-1"},"canonical":"https:\/\/antilda.com\/eng\/sztucce-dla-dziecka-zestaw-lyzeczka-i-widelec-kolor-ceglasty\/?wmc-currency=EUR","og_locale":"en_GB","og_type":"article","og_title":"Sztu\u0107ce dla Dziecka do nauki jedzenia - sklep antilda.com","og_description":"Zestaw dzieci\u0119cych sztu\u0107c\u00f3w do nauki samodzielnego jedzenia przy rozszerzaniu diety. Wykonane z bezpiecznych materia\u0142\u00f3w zapewniaj\u0105 komfort i bezpiecze\u0144stwo podczas ka\u017cdego posi\u0142ku. Silikonowa r\u0105czka z blokad\u0105 chroni malucha przed zbyt g\u0142\u0119bokim w\u0142o\u017ceniem sztu\u0107c\u00f3w do buzi, wspieraj\u0105c jednocze\u015bnie rozw\u00f3j motoryki ma\u0142ej i koordynacji wzrokowo-ruchowej. Kszta\u0142t zosta\u0142 dopasowany do ma\u0142ych r\u0105czek, co u\u0142atwia chwytanie i zach\u0119ca dziecko do samodzielno\u015bci. Sztu\u0107ce \u015bwietnie komponuj\u0105 si\u0119 kolorystycznie z silikonowymi matami oraz innymi akcesoriami do karmienia","og_url":"https:\/\/antilda.com\/eng\/sztucce-dla-dziecka-zestaw-lyzeczka-i-widelec-kolor-ceglasty\/?wmc-currency=EUR","og_site_name":"antilda.com","article_publisher":"https:\/\/www.facebook.com\/ikeaantilopantilda","article_modified_time":"2026-05-01T22:07:38+00:00","og_image":[{"width":1000,"height":1333,"url":"https:\/\/antilda.com\/wp-content\/uploads\/2025\/05\/sztucce-dla-dziecka-do-nauki-jedzenia-ceglasty-2.png","type":"image\/png"}],"twitter_card":"summary_large_image","twitter_misc":{"Estimated reading time":"2 minutes"},"schema":{"@context":"https:\/\/schema.org","@graph":[{"@type":"WebPage","@id":"https:\/\/antilda.com\/sztucce-dla-dziecka-zestaw-lyzeczka-i-widelec-kolor-ceglasty\/","url":"https:\/\/antilda.com\/sztucce-dla-dziecka-zestaw-lyzeczka-i-widelec-kolor-ceglasty\/","name":"Baby cutlery for learning to eat - shop antilda.com","isPartOf":{"@id":"https:\/\/antilda.com\/#website"},"primaryImageOfPage":{"@id":"https:\/\/antilda.com\/sztucce-dla-dziecka-zestaw-lyzeczka-i-widelec-kolor-ceglasty\/#primaryimage"},"image":{"@id":"https:\/\/antilda.com\/sztucce-dla-dziecka-zestaw-lyzeczka-i-widelec-kolor-ceglasty\/#primaryimage"},"thumbnailUrl":"https:\/\/antilda.com\/wp-content\/uploads\/2025\/05\/sztucce-dla-dziecka-do-nauki-jedzenia-ceglasty-2.png","datePublished":"2025-05-22T19:44:04+00:00","dateModified":"2026-05-01T22:07:38+00:00","description":"Set of children's cutlery for learning to eat independently when expanding their diet. Made from safe materials, they ensure comfort and safety during every meal. The silicone handle with a lock protects the toddler from putting the cutlery too deep into his mouth, at the same time supporting the development of small motor skills and eye-hand coordination. The shape has been tailored to fit little hands, making it easier to grasp and encouraging the child's independence. The cutlery blends in perfectly with the silicone mats and other feeding accessories.","breadcrumb":{"@id":"https:\/\/antilda.com\/sztucce-dla-dziecka-zestaw-lyzeczka-i-widelec-kolor-ceglasty\/#breadcrumb"},"inLanguage":"en-GB","potentialAction":[{"@type":"ReadAction","target":["https:\/\/antilda.com\/sztucce-dla-dziecka-zestaw-lyzeczka-i-widelec-kolor-ceglasty\/"]}]},{"@type":"ImageObject","inLanguage":"en-GB","@id":"https:\/\/antilda.com\/sztucce-dla-dziecka-zestaw-lyzeczka-i-widelec-kolor-ceglasty\/#primaryimage","url":"https:\/\/antilda.com\/wp-content\/uploads\/2025\/05\/sztucce-dla-dziecka-do-nauki-jedzenia-ceglasty-2.png","contentUrl":"https:\/\/antilda.com\/wp-content\/uploads\/2025\/05\/sztucce-dla-dziecka-do-nauki-jedzenia-ceglasty-2.png","width":1000,"height":1333},{"@type":"BreadcrumbList","@id":"https:\/\/antilda.com\/sztucce-dla-dziecka-zestaw-lyzeczka-i-widelec-kolor-ceglasty\/#breadcrumb","itemListElement":[{"@type":"ListItem","position":1,"name":"Strona g\u0142\u00f3wna","item":"https:\/\/antilda.com\/"},{"@type":"ListItem","position":2,"name":"Sklep","item":"https:\/\/antilda.com\/sklep\/"},{"@type":"ListItem","position":3,"name":"Sztu\u0107ce dla dziecka &#8211; zestaw \u0142y\u017ceczka i widelec &#8211; kolor Ceglasty"}]},{"@type":"WebSite","@id":"https:\/\/antilda.com\/#website","url":"https:\/\/antilda.com\/","name":"antilda.com","description":"Accessories for Ikea Antilop highchair","publisher":{"@id":"https:\/\/antilda.com\/#organization"},"potentialAction":[{"@type":"SearchAction","target":{"@type":"EntryPoint","urlTemplate":"https:\/\/antilda.com\/?s={search_term_string}"},"query-input":{"@type":"PropertyValueSpecification","valueRequired":true,"valueName":"search_term_string"}}],"inLanguage":"en-GB"},{"@type":"Organization","@id":"https:\/\/antilda.com\/#organization","name":"antilda.com","url":"https:\/\/antilda.com\/","logo":{"@type":"ImageObject","inLanguage":"en-GB","@id":"https:\/\/antilda.com\/#\/schema\/logo\/image\/","url":"https:\/\/antilda.com\/wp-content\/uploads\/2022\/09\/logo-3.png","contentUrl":"https:\/\/antilda.com\/wp-content\/uploads\/2022\/09\/logo-3.png","width":1611,"height":497,"caption":"antilda.com"},"image":{"@id":"https:\/\/antilda.com\/#\/schema\/logo\/image\/"},"sameAs":["https:\/\/www.facebook.com\/ikeaantilopantilda","https:\/\/www.instagram.com\/antilda_accessories\/"]}]}},"_links":{"self":[{"href":"https:\/\/antilda.com\/eng\/wp-json\/wp\/v2\/product\/29223","targetHints":{"allow":["GET"]}}],"collection":[{"href":"https:\/\/antilda.com\/eng\/wp-json\/wp\/v2\/product"}],"about":[{"href":"https:\/\/antilda.com\/eng\/wp-json\/wp\/v2\/types\/product"}],"replies":[{"embeddable":true,"href":"https:\/\/antilda.com\/eng\/wp-json\/wp\/v2\/comments?post=29223"}],"wp:featuredmedia":[{"embeddable":true,"href":"https:\/\/antilda.com\/eng\/wp-json\/wp\/v2\/media\/29241"}],"wp:attachment":[{"href":"https:\/\/antilda.com\/eng\/wp-json\/wp\/v2\/media?parent=29223"}],"wp:term":[{"taxonomy":"product_brand","embeddable":true,"href":"https:\/\/antilda.com\/eng\/wp-json\/wp\/v2\/product_brand?post=29223"},{"taxonomy":"product_cat","embeddable":true,"href":"https:\/\/antilda.com\/eng\/wp-json\/wp\/v2\/product_cat?post=29223"},{"taxonomy":"product_tag","embeddable":true,"href":"https:\/\/antilda.com\/eng\/wp-json\/wp\/v2\/product_tag?post=29223"}],"curies":[{"name":"wp","href":"https:\/\/api.w.org\/{rel}","templated":true}]}}