{"id":29567,"date":"2025-06-27T23:33:43","date_gmt":"2025-06-27T21:33:43","guid":{"rendered":"https:\/\/antilda.com\/?post_type=product&#038;p=29567"},"modified":"2026-05-12T12:55:08","modified_gmt":"2026-05-12T10:55:08","slug":"c","status":"publish","type":"product","link":"https:\/\/antilda.com\/eng\/c\/","title":{"rendered":"B.box Baby bottle with straw - 240 ml blush"},"content":{"rendered":"<p><strong>Bidon b.box with weighted straw - a tube cup for your child!<\/strong><\/p>\n<p><strong>Looking for the perfect bidon for your little one? Bidon b.box latte<\/strong>\u00a0a real hit! An indispensable drinking cup at home, on the go, on walks. Perfect for polishing skills\u00a0<strong>drinking alone<\/strong>. The charming design goes hand in hand with a unique solution that allows the child to\u00a0<strong>drinking your favourite beverage to the last drop<\/strong>\u00a0and this while holding the cup in any position. The toddler can perform this art thanks to a specially designed weighted straw which, using gravity, allows it to 'follow the liquid'. The straw itself is equipped with a unique,\u00a0<strong>two-way valve<\/strong>\u00a0and a reinforced lid, which, together with the gasket, ensures a tight seal.<\/p>\n<p><strong>Bidon b.box<\/strong> is an innovative solution for parents looking for a practical and safe way to teach their child to drink independently. With its weighted straw and leak-proof design, the b.box bottle is a great accessory for any toddler. It allows them to drink their favourite beverage right down to the last drop, and to do so while holding the cup in any position.<\/p>\n<p><strong>Why choose the b.box blush bidon?<\/strong><\/p>\n<ul>\n<li><b>Weighted straw:<\/b> \"follows the liquid\", allowing you to drink at any angle, even when the bottle is upside down!<\/li>\n<li><b>Airtightness:<\/b> The unique two-way valve in the straw and the reinforced lid ensure that the bottle does not leak.<\/li>\n<li><b>Easy to use:<\/b> contoured handles and intuitive closure ideal for small hands.<\/li>\n<li><b>Hygienic:<\/b> The straw is replaceable and the bottle is dishwasher safe (top shelf).<\/li>\n<li><b>Safety:<\/b> made of safe materials, free from BPA, phthalates and PVC.<\/li>\n<li><b>Learning to be independent:<\/b> perfect for learning to drink without spilling.<\/li>\n<\/ul>\n<p><b>Warning: <\/b>Do not bite or chew on the straw. Always check the temperature of drinks given to your child. Do not fill with boiling water, carbonated drinks or drinks with pulp.<\/p>\n<p><b>Packaging: <\/b>240 ml<\/p>\n<p><strong>Technical parameters:<\/strong><\/p>\n<ul>\n<li style=\"list-style-type: none;\">\n<ul>\n<li>Child's age: 6m+<\/li>\n<li>Size with lid: 15 x 12 x 7.5 cm;<\/li>\n<li>Capacity: 240 ml;<\/li>\n<li>Material: polypropylene (PP) and silicone;<\/li>\n<li>Free from BPA, Phthalates and PVC<\/li>\n<li>dishwasher safe;<\/li>\n<li>May NOT be used in microwave ovens.<\/li>\n<\/ul>\n<\/li>\n<\/ul>\n<p>&nbsp;<\/p>","protected":false},"excerpt":{"rendered":"<h5><strong><span style=\"color: #c1af9d;\"><span style=\"caret-color: #c1af9d;\">Bidon<\/span> for the child - 240ml latte - for learning to drink independently\u00a0<\/span><\/strong><\/h5>\n<p style=\"padding-left: 40px;\"><span style=\"color: var(--rz-text-color); font-family: var(--rz-font-family-primary);\">Made of safe materials<\/span><br \/>\n<span style=\"color: var(--rz-text-color); font-family: var(--rz-font-family-primary);\">Weighted straw<br \/>\nErgonomic shape to suit small hands<br \/>\n<span style=\"font-family: var(--rz-font-family-primary);\">Comfortable use outside the home<\/span><br \/>\n<\/span><span style=\"color: var(--rz-text-color); font-family: var(--rz-font-family-primary);\"><span style=\"font-family: var(--rz-font-family-primary);\">Beautiful colours <\/span><br \/>\n<\/span><\/p>","protected":false},"featured_media":29582,"comment_status":"open","ping_status":"closed","template":"","meta":{"_acf_changed":false},"product_brand":[],"product_cat":[146,153],"product_tag":[],"class_list":{"0":"post-29567","1":"product","2":"type-product","3":"status-publish","4":"has-post-thumbnail","6":"product_cat-karmienie","7":"product_cat-naczynia","9":"first","10":"outofstock","11":"taxable","12":"shipping-taxable","13":"purchasable","14":"product-type-simple"},"acf":[],"yoast_head":"<!-- This site is optimized with the Yoast SEO plugin v26.3 - https:\/\/yoast.com\/wordpress\/plugins\/seo\/ -->\n<title>Bidon ze s\u0142omk\u0105 B.Box, 240 ml, Blush - Sklep antilda.com<\/title>\n<meta name=\"description\" content=\"Bidon b.box to innowacyjne rozwi\u0105zanie dla rodzic\u00f3w szukaj\u0105cych praktycznego i bezpiecznego sposobu na nauk\u0119 samodzielnego picia swojego dziecka. Dzi\u0119ki obci\u0105\u017conej s\u0142omce i szczelno\u015bci bidon b.box to \u015bwietne akcesorium dla ka\u017cdego malucha. Umo\u017cliwia wypicie ulubionego napoju a\u017c do ostatniej kropli i to trzymaj\u0105c kubek w dowolnej pozycji\" \/>\n<meta name=\"robots\" content=\"index, follow, max-snippet:-1, max-image-preview:large, max-video-preview:-1\" \/>\n<link rel=\"canonical\" href=\"https:\/\/antilda.com\/eng\/c\/?wmc-currency=EUR\" \/>\n<meta property=\"og:locale\" content=\"en_GB\" \/>\n<meta property=\"og:type\" content=\"article\" \/>\n<meta property=\"og:title\" content=\"Bidon ze s\u0142omk\u0105 B.Box, 240 ml, Blush - Sklep antilda.com\" \/>\n<meta property=\"og:description\" content=\"Bidon b.box to innowacyjne rozwi\u0105zanie dla rodzic\u00f3w szukaj\u0105cych praktycznego i bezpiecznego sposobu na nauk\u0119 samodzielnego picia swojego dziecka. Dzi\u0119ki obci\u0105\u017conej s\u0142omce i szczelno\u015bci bidon b.box to \u015bwietne akcesorium dla ka\u017cdego malucha. Umo\u017cliwia wypicie ulubionego napoju a\u017c do ostatniej kropli i to trzymaj\u0105c kubek w dowolnej pozycji\" \/>\n<meta property=\"og:url\" content=\"https:\/\/antilda.com\/eng\/c\/?wmc-currency=EUR\" \/>\n<meta property=\"og:site_name\" content=\"antilda.com\" \/>\n<meta property=\"article:publisher\" content=\"https:\/\/www.facebook.com\/ikeaantilopantilda\" \/>\n<meta property=\"article:modified_time\" content=\"2026-05-12T10:55:08+00:00\" \/>\n<meta property=\"og:image\" content=\"https:\/\/antilda.com\/wp-content\/uploads\/2025\/06\/Bidon-ze-slomka-rozowy-bbox-1.jpg\" \/>\n\t<meta property=\"og:image:width\" content=\"800\" \/>\n\t<meta property=\"og:image:height\" content=\"800\" \/>\n\t<meta property=\"og:image:type\" content=\"image\/jpeg\" \/>\n<meta name=\"twitter:card\" content=\"summary_large_image\" \/>\n<meta name=\"twitter:label1\" content=\"Estimated reading time\" \/>\n\t<meta name=\"twitter:data1\" content=\"2 minutes\" \/>\n<script type=\"application\/ld+json\" class=\"yoast-schema-graph\">{\"@context\":\"https:\/\/schema.org\",\"@graph\":[{\"@type\":\"WebPage\",\"@id\":\"https:\/\/antilda.com\/c\/\",\"url\":\"https:\/\/antilda.com\/c\/\",\"name\":\"Bidon ze s\u0142omk\u0105 B.Box, 240 ml, Blush - Sklep antilda.com\",\"isPartOf\":{\"@id\":\"https:\/\/antilda.com\/#website\"},\"primaryImageOfPage\":{\"@id\":\"https:\/\/antilda.com\/c\/#primaryimage\"},\"image\":{\"@id\":\"https:\/\/antilda.com\/c\/#primaryimage\"},\"thumbnailUrl\":\"https:\/\/antilda.com\/wp-content\/uploads\/2025\/06\/Bidon-ze-slomka-rozowy-bbox-1.jpg\",\"datePublished\":\"2025-06-27T21:33:43+00:00\",\"dateModified\":\"2026-05-12T10:55:08+00:00\",\"description\":\"Bidon b.box to innowacyjne rozwi\u0105zanie dla rodzic\u00f3w szukaj\u0105cych praktycznego i bezpiecznego sposobu na nauk\u0119 samodzielnego picia swojego dziecka. Dzi\u0119ki obci\u0105\u017conej s\u0142omce i szczelno\u015bci bidon b.box to \u015bwietne akcesorium dla ka\u017cdego malucha. Umo\u017cliwia wypicie ulubionego napoju a\u017c do ostatniej kropli i to trzymaj\u0105c kubek w dowolnej pozycji\",\"breadcrumb\":{\"@id\":\"https:\/\/antilda.com\/c\/#breadcrumb\"},\"inLanguage\":\"en-GB\",\"potentialAction\":[{\"@type\":\"ReadAction\",\"target\":[\"https:\/\/antilda.com\/c\/\"]}]},{\"@type\":\"ImageObject\",\"inLanguage\":\"en-GB\",\"@id\":\"https:\/\/antilda.com\/c\/#primaryimage\",\"url\":\"https:\/\/antilda.com\/wp-content\/uploads\/2025\/06\/Bidon-ze-slomka-rozowy-bbox-1.jpg\",\"contentUrl\":\"https:\/\/antilda.com\/wp-content\/uploads\/2025\/06\/Bidon-ze-slomka-rozowy-bbox-1.jpg\",\"width\":800,\"height\":800},{\"@type\":\"BreadcrumbList\",\"@id\":\"https:\/\/antilda.com\/c\/#breadcrumb\",\"itemListElement\":[{\"@type\":\"ListItem\",\"position\":1,\"name\":\"Strona g\u0142\u00f3wna\",\"item\":\"https:\/\/antilda.com\/\"},{\"@type\":\"ListItem\",\"position\":2,\"name\":\"Sklep\",\"item\":\"https:\/\/antilda.com\/sklep\/\"},{\"@type\":\"ListItem\",\"position\":3,\"name\":\"B.box Bidon ze s\u0142omk\u0105 dla dzieci &#8211; 240 ml blush\"}]},{\"@type\":\"WebSite\",\"@id\":\"https:\/\/antilda.com\/#website\",\"url\":\"https:\/\/antilda.com\/\",\"name\":\"antilda.com\",\"description\":\"Akcesesoria do krzese\u0142ka Ikea Antilop\",\"publisher\":{\"@id\":\"https:\/\/antilda.com\/#organization\"},\"potentialAction\":[{\"@type\":\"SearchAction\",\"target\":{\"@type\":\"EntryPoint\",\"urlTemplate\":\"https:\/\/antilda.com\/?s={search_term_string}\"},\"query-input\":{\"@type\":\"PropertyValueSpecification\",\"valueRequired\":true,\"valueName\":\"search_term_string\"}}],\"inLanguage\":\"en-GB\"},{\"@type\":\"Organization\",\"@id\":\"https:\/\/antilda.com\/#organization\",\"name\":\"antilda.com\",\"url\":\"https:\/\/antilda.com\/\",\"logo\":{\"@type\":\"ImageObject\",\"inLanguage\":\"en-GB\",\"@id\":\"https:\/\/antilda.com\/#\/schema\/logo\/image\/\",\"url\":\"https:\/\/antilda.com\/wp-content\/uploads\/2022\/09\/logo-3.png\",\"contentUrl\":\"https:\/\/antilda.com\/wp-content\/uploads\/2022\/09\/logo-3.png\",\"width\":1611,\"height\":497,\"caption\":\"antilda.com\"},\"image\":{\"@id\":\"https:\/\/antilda.com\/#\/schema\/logo\/image\/\"},\"sameAs\":[\"https:\/\/www.facebook.com\/ikeaantilopantilda\",\"https:\/\/www.instagram.com\/antilda_accessories\/\"]}]}<\/script>\n<!-- \/ Yoast SEO plugin. -->","yoast_head_json":{"title":"Bidon with straw B.Box, 240 ml, Blush - Shop antilda.com","description":"The b.box bottle is an innovative solution for parents looking for a practical and safe way to teach their child to drink independently. With its weighted straw and leak-proof design, the b.box bottle is a great accessory for every little one. It allows them to drink their favourite beverage to the very last drop, while holding the cup in any position.","robots":{"index":"index","follow":"follow","max-snippet":"max-snippet:-1","max-image-preview":"max-image-preview:large","max-video-preview":"max-video-preview:-1"},"canonical":"https:\/\/antilda.com\/eng\/c\/?wmc-currency=EUR","og_locale":"en_GB","og_type":"article","og_title":"Bidon ze s\u0142omk\u0105 B.Box, 240 ml, Blush - Sklep antilda.com","og_description":"Bidon b.box to innowacyjne rozwi\u0105zanie dla rodzic\u00f3w szukaj\u0105cych praktycznego i bezpiecznego sposobu na nauk\u0119 samodzielnego picia swojego dziecka. Dzi\u0119ki obci\u0105\u017conej s\u0142omce i szczelno\u015bci bidon b.box to \u015bwietne akcesorium dla ka\u017cdego malucha. Umo\u017cliwia wypicie ulubionego napoju a\u017c do ostatniej kropli i to trzymaj\u0105c kubek w dowolnej pozycji","og_url":"https:\/\/antilda.com\/eng\/c\/?wmc-currency=EUR","og_site_name":"antilda.com","article_publisher":"https:\/\/www.facebook.com\/ikeaantilopantilda","article_modified_time":"2026-05-12T10:55:08+00:00","og_image":[{"width":800,"height":800,"url":"https:\/\/antilda.com\/wp-content\/uploads\/2025\/06\/Bidon-ze-slomka-rozowy-bbox-1.jpg","type":"image\/jpeg"}],"twitter_card":"summary_large_image","twitter_misc":{"Estimated reading time":"2 minutes"},"schema":{"@context":"https:\/\/schema.org","@graph":[{"@type":"WebPage","@id":"https:\/\/antilda.com\/c\/","url":"https:\/\/antilda.com\/c\/","name":"Bidon with straw B.Box, 240 ml, Blush - Shop antilda.com","isPartOf":{"@id":"https:\/\/antilda.com\/#website"},"primaryImageOfPage":{"@id":"https:\/\/antilda.com\/c\/#primaryimage"},"image":{"@id":"https:\/\/antilda.com\/c\/#primaryimage"},"thumbnailUrl":"https:\/\/antilda.com\/wp-content\/uploads\/2025\/06\/Bidon-ze-slomka-rozowy-bbox-1.jpg","datePublished":"2025-06-27T21:33:43+00:00","dateModified":"2026-05-12T10:55:08+00:00","description":"The b.box bottle is an innovative solution for parents looking for a practical and safe way to teach their child to drink independently. With its weighted straw and leak-proof design, the b.box bottle is a great accessory for every little one. It allows them to drink their favourite beverage to the very last drop, while holding the cup in any position.","breadcrumb":{"@id":"https:\/\/antilda.com\/c\/#breadcrumb"},"inLanguage":"en-GB","potentialAction":[{"@type":"ReadAction","target":["https:\/\/antilda.com\/c\/"]}]},{"@type":"ImageObject","inLanguage":"en-GB","@id":"https:\/\/antilda.com\/c\/#primaryimage","url":"https:\/\/antilda.com\/wp-content\/uploads\/2025\/06\/Bidon-ze-slomka-rozowy-bbox-1.jpg","contentUrl":"https:\/\/antilda.com\/wp-content\/uploads\/2025\/06\/Bidon-ze-slomka-rozowy-bbox-1.jpg","width":800,"height":800},{"@type":"BreadcrumbList","@id":"https:\/\/antilda.com\/c\/#breadcrumb","itemListElement":[{"@type":"ListItem","position":1,"name":"Strona g\u0142\u00f3wna","item":"https:\/\/antilda.com\/"},{"@type":"ListItem","position":2,"name":"Sklep","item":"https:\/\/antilda.com\/sklep\/"},{"@type":"ListItem","position":3,"name":"B.box Bidon ze s\u0142omk\u0105 dla dzieci &#8211; 240 ml blush"}]},{"@type":"WebSite","@id":"https:\/\/antilda.com\/#website","url":"https:\/\/antilda.com\/","name":"antilda.com","description":"Accessories for Ikea Antilop highchair","publisher":{"@id":"https:\/\/antilda.com\/#organization"},"potentialAction":[{"@type":"SearchAction","target":{"@type":"EntryPoint","urlTemplate":"https:\/\/antilda.com\/?s={search_term_string}"},"query-input":{"@type":"PropertyValueSpecification","valueRequired":true,"valueName":"search_term_string"}}],"inLanguage":"en-GB"},{"@type":"Organization","@id":"https:\/\/antilda.com\/#organization","name":"antilda.com","url":"https:\/\/antilda.com\/","logo":{"@type":"ImageObject","inLanguage":"en-GB","@id":"https:\/\/antilda.com\/#\/schema\/logo\/image\/","url":"https:\/\/antilda.com\/wp-content\/uploads\/2022\/09\/logo-3.png","contentUrl":"https:\/\/antilda.com\/wp-content\/uploads\/2022\/09\/logo-3.png","width":1611,"height":497,"caption":"antilda.com"},"image":{"@id":"https:\/\/antilda.com\/#\/schema\/logo\/image\/"},"sameAs":["https:\/\/www.facebook.com\/ikeaantilopantilda","https:\/\/www.instagram.com\/antilda_accessories\/"]}]}},"_links":{"self":[{"href":"https:\/\/antilda.com\/eng\/wp-json\/wp\/v2\/product\/29567","targetHints":{"allow":["GET"]}}],"collection":[{"href":"https:\/\/antilda.com\/eng\/wp-json\/wp\/v2\/product"}],"about":[{"href":"https:\/\/antilda.com\/eng\/wp-json\/wp\/v2\/types\/product"}],"replies":[{"embeddable":true,"href":"https:\/\/antilda.com\/eng\/wp-json\/wp\/v2\/comments?post=29567"}],"wp:featuredmedia":[{"embeddable":true,"href":"https:\/\/antilda.com\/eng\/wp-json\/wp\/v2\/media\/29582"}],"wp:attachment":[{"href":"https:\/\/antilda.com\/eng\/wp-json\/wp\/v2\/media?parent=29567"}],"wp:term":[{"taxonomy":"product_brand","embeddable":true,"href":"https:\/\/antilda.com\/eng\/wp-json\/wp\/v2\/product_brand?post=29567"},{"taxonomy":"product_cat","embeddable":true,"href":"https:\/\/antilda.com\/eng\/wp-json\/wp\/v2\/product_cat?post=29567"},{"taxonomy":"product_tag","embeddable":true,"href":"https:\/\/antilda.com\/eng\/wp-json\/wp\/v2\/product_tag?post=29567"}],"curies":[{"name":"wp","href":"https:\/\/api.w.org\/{rel}","templated":true}]}}